{"id":5808,"date":"2020-12-13T18:02:00","date_gmt":"2020-12-13T17:02:00","guid":{"rendered":"http:\/\/isn-renaudeau.fr\/dnmade\/?page_id=5808"},"modified":"2020-12-13T23:37:56","modified_gmt":"2020-12-13T22:37:56","slug":"sommaire","status":"publish","type":"page","link":"https:\/\/isn-renaudeau.fr\/dnmade\/index.php\/sommaire\/","title":{"rendered":"sommaire"},"content":{"rendered":"<p>[et_pb_section fb_built=\u00a0\u00bb1&Prime; _builder_version=\u00a0\u00bb4.6.1&Prime; _module_preset=\u00a0\u00bbdefault\u00a0\u00bb][et_pb_row column_structure=\u00a0\u00bb1_3,1_3,1_3&Prime; _builder_version=\u00a0\u00bb4.6.1&Prime; _module_preset=\u00a0\u00bbdefault\u00a0\u00bb background_color=\u00a0\u00bbrgba(0,0,0,0)\u00a0\u00bb background_image=\u00a0\u00bbhttp:\/\/isn-renaudeau.fr\/dnmade\/wp-content\/uploads\/2020\/12\/IMG_54791-1.jpg\u00a0\u00bb width=\u00a0\u00bb100%\u00a0\u00bb][et_pb_column type=\u00a0\u00bb1_3&Prime; _builder_version=\u00a0\u00bb4.6.1&Prime; _module_preset=\u00a0\u00bbdefault\u00a0\u00bb][et_pb_text _builder_version=\u00a0\u00bb4.6.1&Prime; _module_preset=\u00a0\u00bbdefault\u00a0\u00bb text_font=\u00a0\u00bbAmiko||||||||\u00a0\u00bb text_text_color=\u00a0\u00bb#a5081d\u00a0\u00bb text_font_size=\u00a0\u00bb40px\u00a0\u00bb width=\u00a0\u00bb24.5%\u00a0\u00bb min_height=\u00a0\u00bb79px\u00a0\u00bb custom_margin=\u00a0\u00bb-9px|50px|-9px|310px|true|false\u00a0\u00bb custom_padding=\u00a0\u00bb19px|||12px||\u00a0\u00bb link_option_url=\u00a0\u00bbhttp:\/\/isn-renaudeau.fr\/dnmade\/index.php\/170-2\/\u00a0\u00bb]<i class=\" icon-home\"><\/i> [\/et_pb_text][\/et_pb_column][et_pb_column type=\u00a0\u00bb1_3&Prime; _builder_version=\u00a0\u00bb4.6.1&Prime; _module_preset=\u00a0\u00bbdefault\u00a0\u00bb][et_pb_text _builder_version=\u00a0\u00bb4.6.1&Prime; _module_preset=\u00a0\u00bbdefault\u00a0\u00bb text_font=\u00a0\u00bbAmiko||||||||\u00a0\u00bb text_text_color=\u00a0\u00bb#a5081d\u00a0\u00bb text_font_size=\u00a0\u00bb36px\u00a0\u00bb min_height=\u00a0\u00bb27px\u00a0\u00bb custom_margin=\u00a0\u00bb17px|70px|17px||true|\u00a0\u00bb custom_padding=\u00a0\u00bb4px||6px|121px||\u00a0\u00bb link_option_url=\u00a0\u00bbhttp:\/\/isn-renaudeau.fr\/dnmade\/index.php\/cv-j-j\/\u00a0\u00bb]<\/p>\n<p>CV<\/p>\n<p>[\/et_pb_text][\/et_pb_column][et_pb_column type=\u00a0\u00bb1_3&Prime; _builder_version=\u00a0\u00bb4.6.1&Prime; _module_preset=\u00a0\u00bbdefault\u00a0\u00bb][et_pb_text _builder_version=\u00a0\u00bb4.6.1&Prime; _module_preset=\u00a0\u00bbdefault\u00a0\u00bb text_font=\u00a0\u00bbAmiko||||||||\u00a0\u00bb text_text_color=\u00a0\u00bb#a5081d\u00a0\u00bb text_font_size=\u00a0\u00bb35px\u00a0\u00bb width=\u00a0\u00bb100%\u00a0\u00bb min_height=\u00a0\u00bb37px\u00a0\u00bb custom_margin=\u00a0\u00bb15px||15px|-118px|true|\u00a0\u00bb custom_padding=\u00a0\u00bb4px|||0px||\u00a0\u00bb link_option_url=\u00a0\u00bbhttp:\/\/isn-renaudeau.fr\/dnmade\/?page_id=2661&Prime;]<\/p>\n<p>Book<\/p>\n<p>[\/et_pb_text][\/et_pb_column][\/et_pb_row][\/et_pb_section][et_pb_section fb_built=\u00a0\u00bb1&Prime; _builder_version=\u00a0\u00bb4.6.1&Prime; _module_preset=\u00a0\u00bbdefault\u00a0\u00bb][et_pb_row column_structure=\u00a0\u00bb2_5,3_5&Prime; _builder_version=\u00a0\u00bb4.6.1&Prime; _module_preset=\u00a0\u00bbdefault\u00a0\u00bb background_color=\u00a0\u00bbrgba(165,0,11,0.31)\u00a0\u00bb custom_padding=\u00a0\u00bb||8px|||\u00a0\u00bb][et_pb_column type=\u00a0\u00bb2_5&Prime; _builder_version=\u00a0\u00bb4.6.1&Prime; _module_preset=\u00a0\u00bbdefault\u00a0\u00bb][et_pb_image src=\u00a0\u00bbhttp:\/\/isn-renaudeau.fr\/dnmade\/wp-content\/uploads\/2020\/12\/20201117_130803-2-1.jpg\u00a0\u00bb title_text=\u00a0\u00bb20201117_130803 (2)\u00a0\u00bb _builder_version=\u00a0\u00bb4.6.1&Prime; _module_preset=\u00a0\u00bbdefault\u00a0\u00bb width=\u00a0\u00bb65%\u00a0\u00bb custom_margin=\u00a0\u00bb|2px|18px|84px||\u00a0\u00bb][\/et_pb_image][\/et_pb_column][et_pb_column type=\u00a0\u00bb3_5&Prime; _builder_version=\u00a0\u00bb4.6.1&Prime; _module_preset=\u00a0\u00bbdefault\u00a0\u00bb][et_pb_text _builder_version=\u00a0\u00bb4.6.1&Prime; _module_preset=\u00a0\u00bbdefault\u00a0\u00bb text_font=\u00a0\u00bbAmiko||||||||\u00a0\u00bb text_text_color=\u00a0\u00bb#242424&Prime; min_height=\u00a0\u00bb76px\u00a0\u00bb custom_margin=\u00a0\u00bb11px|||||\u00a0\u00bb custom_padding=\u00a0\u00bb||0px|||\u00a0\u00bb]<\/p>\n<h1><span style=\"color: #000000;\">Galerie Graphique<\/span><\/h1>\n<p><span style=\"color: #000000;\">derni\u00e8re mise \u00e0 jour: d\u00e9cembre 2020<\/span><\/p>\n<p>[\/et_pb_text][et_pb_text _builder_version=\u00a0\u00bb4.6.1&Prime; _module_preset=\u00a0\u00bbdefault\u00a0\u00bb text_font=\u00a0\u00bbAmiko||||||||\u00a0\u00bb text_text_color=\u00a0\u00bb#242424&Prime; background_layout=\u00a0\u00bbdark\u00a0\u00bb min_height=\u00a0\u00bb11px\u00a0\u00bb custom_margin=\u00a0\u00bb-25px|43px||||\u00a0\u00bb]<\/p>\n<p>\u00a0Le dessin et la peinture sont pour moi des moyens de me ressourcer et d\u00e9velopper mon univers&#8230;<\/p>\n<p>[\/et_pb_text][et_pb_button button_url=\u00a0\u00bbhttp:\/\/isn-renaudeau.fr\/dnmade\/index.php\/2020\/12\/08\/4107\/\u00a0\u00bb button_text=\u00a0\u00bbVoir le projet ?\u00a0\u00bb _builder_version=\u00a0\u00bb4.6.1&Prime; _module_preset=\u00a0\u00bbdefault\u00a0\u00bb custom_button=\u00a0\u00bbon\u00a0\u00bb button_text_color=\u00a0\u00bb#242424&Prime; button_border_radius=\u00a0\u00bb84px\u00a0\u00bb button_font=\u00a0\u00bbAmiko||||||||\u00a0\u00bb button_icon=\u00a0\u00bb%%147%%\u00a0\u00bb][\/et_pb_button][\/et_pb_column][\/et_pb_row][et_pb_row column_structure=\u00a0\u00bb2_5,3_5&Prime; _builder_version=\u00a0\u00bb4.6.1&Prime; _module_preset=\u00a0\u00bbdefault\u00a0\u00bb background_color=\u00a0\u00bb#ffc700&Prime; custom_margin=\u00a0\u00bb23px|auto|0px|auto||\u00a0\u00bb custom_padding=\u00a0\u00bb|||37px||\u00a0\u00bb][et_pb_column type=\u00a0\u00bb2_5&Prime; _builder_version=\u00a0\u00bb4.6.1&Prime; _module_preset=\u00a0\u00bbdefault\u00a0\u00bb][et_pb_image src=\u00a0\u00bbhttp:\/\/isn-renaudeau.fr\/dnmade\/wp-content\/uploads\/2020\/12\/Screenshot_2019-03-01-18-46-46-2-1.jpg\u00a0\u00bb title_text=\u00a0\u00bbScreenshot_2019-03-01-18-46-46 (2)\u00a0\u00bb _builder_version=\u00a0\u00bb4.6.1&Prime; _module_preset=\u00a0\u00bbdefault\u00a0\u00bb custom_margin=\u00a0\u00bb|38px||10px||\u00a0\u00bb custom_padding=\u00a0\u00bb|||3px||\u00a0\u00bb][\/et_pb_image][\/et_pb_column][et_pb_column type=\u00a0\u00bb3_5&Prime; _builder_version=\u00a0\u00bb4.6.1&Prime; _module_preset=\u00a0\u00bbdefault\u00a0\u00bb][et_pb_text _builder_version=\u00a0\u00bb4.6.1&Prime; _module_preset=\u00a0\u00bbdefault\u00a0\u00bb text_font=\u00a0\u00bbAmiko||||||||\u00a0\u00bb text_text_color=\u00a0\u00bb#242424&Prime; custom_padding=\u00a0\u00bb||0px|||\u00a0\u00bb hover_enabled=\u00a0\u00bb0&Prime; sticky_enabled=\u00a0\u00bb0&Prime;]<\/p>\n<h1>Thyeste<\/h1>\n<p>Date du projet f\u00e9vrier 2019<\/p>\n<p>[\/et_pb_text][et_pb_text _builder_version=\u00a0\u00bb4.6.1&Prime; _module_preset=\u00a0\u00bbdefault\u00a0\u00bb text_font=\u00a0\u00bbAmiko||||||||\u00a0\u00bb text_text_color=\u00a0\u00bb#242424&Prime; custom_padding=\u00a0\u00bb|77px|0px|||\u00a0\u00bb]<\/p>\n<p>Ce projet est parti d&rsquo;une rencontre pour une pi\u00e8ce de th\u00e9\u00e2tre, pour aboutir \u00e0 un projet de photographie de Mode&#8230;<\/p>\n<p>[\/et_pb_text][et_pb_button button_url=\u00a0\u00bbhttp:\/\/isn-renaudeau.fr\/dnmade\/index.php\/2020\/12\/13\/thyeste\/\u00a0\u00bb button_text=\u00a0\u00bbVoir le projet ?\u00a0\u00bb _builder_version=\u00a0\u00bb4.6.1&Prime; _module_preset=\u00a0\u00bbdefault\u00a0\u00bb custom_button=\u00a0\u00bbon\u00a0\u00bb button_text_color=\u00a0\u00bb#242424&Prime; button_border_radius=\u00a0\u00bb84px\u00a0\u00bb button_font=\u00a0\u00bbAmiko||||||||\u00a0\u00bb button_icon=\u00a0\u00bb%%147%%\u00a0\u00bb][\/et_pb_button][\/et_pb_column][\/et_pb_row][et_pb_row column_structure=\u00a0\u00bb2_5,3_5&Prime; _builder_version=\u00a0\u00bb4.6.1&Prime; _module_preset=\u00a0\u00bbdefault\u00a0\u00bb hover_enabled=\u00a0\u00bb0&Prime; background_color=\u00a0\u00bbrgba(185,219,92,0.83)\u00a0\u00bb sticky_enabled=\u00a0\u00bb0&Prime; custom_margin=\u00a0\u00bb24px|auto||auto||\u00a0\u00bb][et_pb_column type=\u00a0\u00bb2_5&Prime; _builder_version=\u00a0\u00bb4.6.1&Prime; _module_preset=\u00a0\u00bbdefault\u00a0\u00bb][et_pb_image src=\u00a0\u00bbhttp:\/\/isn-renaudeau.fr\/dnmade\/wp-content\/uploads\/2020\/12\/20190213_145520-2.jpg\u00a0\u00bb _builder_version=\u00a0\u00bb4.6.1&Prime; _module_preset=\u00a0\u00bbdefault\u00a0\u00bb title_text=\u00a0\u00bb20190213_145520 (2)\u00a0\u00bb min_height=\u00a0\u00bb266px\u00a0\u00bb custom_margin=\u00a0\u00bb|||82px||\u00a0\u00bb height=\u00a0\u00bb230px\u00a0\u00bb hover_enabled=\u00a0\u00bb0&Prime; sticky_enabled=\u00a0\u00bb0&Prime;][\/et_pb_image][\/et_pb_column][et_pb_column type=\u00a0\u00bb3_5&Prime; _builder_version=\u00a0\u00bb4.6.1&Prime; _module_preset=\u00a0\u00bbdefault\u00a0\u00bb][et_pb_text _builder_version=\u00a0\u00bb4.6.1&Prime; _module_preset=\u00a0\u00bbdefault\u00a0\u00bb text_font=\u00a0\u00bbAmiko||||||||\u00a0\u00bb hover_enabled=\u00a0\u00bb0&Prime; sticky_enabled=\u00a0\u00bb0&Prime; text_text_color=\u00a0\u00bb#242424&Prime;]<\/p>\n<h1>Up cycling<\/h1>\n<p>Date des projets 2017 &#8211; 2019<\/p>\n<p>[\/et_pb_text][et_pb_text _builder_version=\u00a0\u00bb4.6.1&Prime; _module_preset=\u00a0\u00bbdefault\u00a0\u00bb text_font=\u00a0\u00bbAmiko||||||||\u00a0\u00bb hover_enabled=\u00a0\u00bb0&Prime; sticky_enabled=\u00a0\u00bb0&Prime; text_text_color=\u00a0\u00bb#242424&Prime;]<\/p>\n<p>L&rsquo;industrie textile \u00e9tant l&rsquo;une des plus polluante, la upcycling est, selon moi, un choix \u00e9thique important en plus du moindre co\u00fbt. C&rsquo;est pour cela que j&rsquo;ai toujours collect\u00e9 toutes sortes de tissu pour mes projets personnels.<\/p>\n<p>[\/et_pb_text][et_pb_button button_text=\u00a0\u00bbVoir le projet ?\u00a0\u00bb _builder_version=\u00a0\u00bb4.6.1&Prime; _module_preset=\u00a0\u00bbdefault\u00a0\u00bb custom_button=\u00a0\u00bbon\u00a0\u00bb button_text_color=\u00a0\u00bb#242424&Prime; button_border_radius=\u00a0\u00bb84px\u00a0\u00bb button_font=\u00a0\u00bbAmiko||||||||\u00a0\u00bb button_icon=\u00a0\u00bb%%147%%\u00a0\u00bb hover_enabled=\u00a0\u00bb0&Prime; button_url=\u00a0\u00bbhttp:\/\/isn-renaudeau.fr\/dnmade\/?p=6359&Prime; sticky_enabled=\u00a0\u00bb0&Prime;][\/et_pb_button][\/et_pb_column][\/et_pb_row][\/et_pb_section]<\/p>\n","protected":false},"excerpt":{"rendered":"<p>[et_pb_section fb_built=\u00a0\u00bb1&Prime; _builder_version=\u00a0\u00bb4.6.1&Prime; _module_preset=\u00a0\u00bbdefault\u00a0\u00bb][et_pb_row column_structure=\u00a0\u00bb1_3,1_3,1_3&Prime; _builder_version=\u00a0\u00bb4.6.1&Prime; _module_preset=\u00a0\u00bbdefault\u00a0\u00bb background_color=\u00a0\u00bbrgba(0,0,0,0)\u00a0\u00bb background_image=\u00a0\u00bbhttp:\/\/isn-renaudeau.fr\/dnmade\/wp-content\/uploads\/2020\/12\/IMG_54791-1.jpg\u00a0\u00bb width=\u00a0\u00bb100%\u00a0\u00bb][et_pb_column type=\u00a0\u00bb1_3&Prime; _builder_version=\u00a0\u00bb4.6.1&Prime; _module_preset=\u00a0\u00bbdefault\u00a0\u00bb][et_pb_text _builder_version=\u00a0\u00bb4.6.1&Prime; _module_preset=\u00a0\u00bbdefault\u00a0\u00bb text_font=\u00a0\u00bbAmiko||||||||\u00a0\u00bb text_text_color=\u00a0\u00bb#a5081d\u00a0\u00bb text_font_size=\u00a0\u00bb40px\u00a0\u00bb width=\u00a0\u00bb24.5%\u00a0\u00bb min_height=\u00a0\u00bb79px\u00a0\u00bb custom_margin=\u00a0\u00bb-9px|50px|-9px|310px|true|false\u00a0\u00bb custom_padding=\u00a0\u00bb19px|||12px||\u00a0\u00bb link_option_url=\u00a0\u00bbhttp:\/\/isn-renaudeau.fr\/dnmade\/index.php\/170-2\/\u00a0\u00bb] [\/et_pb_text][\/et_pb_column][et_pb_column type=\u00a0\u00bb1_3&Prime; _builder_version=\u00a0\u00bb4.6.1&Prime; _module_preset=\u00a0\u00bbdefault\u00a0\u00bb][et_pb_text _builder_version=\u00a0\u00bb4.6.1&Prime; _module_preset=\u00a0\u00bbdefault\u00a0\u00bb text_font=\u00a0\u00bbAmiko||||||||\u00a0\u00bb text_text_color=\u00a0\u00bb#a5081d\u00a0\u00bb text_font_size=\u00a0\u00bb36px\u00a0\u00bb min_height=\u00a0\u00bb27px\u00a0\u00bb custom_margin=\u00a0\u00bb17px|70px|17px||true|\u00a0\u00bb custom_padding=\u00a0\u00bb4px||6px|121px||\u00a0\u00bb link_option_url=\u00a0\u00bbhttp:\/\/isn-renaudeau.fr\/dnmade\/index.php\/cv-j-j\/\u00a0\u00bb] CV [\/et_pb_text][\/et_pb_column][et_pb_column type=\u00a0\u00bb1_3&Prime; _builder_version=\u00a0\u00bb4.6.1&Prime; _module_preset=\u00a0\u00bbdefault\u00a0\u00bb][et_pb_text _builder_version=\u00a0\u00bb4.6.1&Prime; _module_preset=\u00a0\u00bbdefault\u00a0\u00bb text_font=\u00a0\u00bbAmiko||||||||\u00a0\u00bb text_text_color=\u00a0\u00bb#a5081d\u00a0\u00bb text_font_size=\u00a0\u00bb35px\u00a0\u00bb width=\u00a0\u00bb100%\u00a0\u00bb min_height=\u00a0\u00bb37px\u00a0\u00bb custom_margin=\u00a0\u00bb15px||15px|-118px|true|\u00a0\u00bb custom_padding=\u00a0\u00bb4px|||0px||\u00a0\u00bb link_option_url=\u00a0\u00bbhttp:\/\/isn-renaudeau.fr\/dnmade\/?page_id=2661&Prime;] Book [\/et_pb_text][\/et_pb_column][\/et_pb_row][\/et_pb_section][et_pb_section fb_built=\u00a0\u00bb1&Prime; _builder_version=\u00a0\u00bb4.6.1&Prime; [&hellip;]<\/p>\n","protected":false},"author":26,"featured_media":0,"parent":0,"menu_order":0,"comment_status":"closed","ping_status":"closed","template":"","meta":{"_et_pb_use_builder":"on","_et_pb_old_content":"","_et_gb_content_width":""},"_links":{"self":[{"href":"https:\/\/isn-renaudeau.fr\/dnmade\/index.php\/wp-json\/wp\/v2\/pages\/5808"}],"collection":[{"href":"https:\/\/isn-renaudeau.fr\/dnmade\/index.php\/wp-json\/wp\/v2\/pages"}],"about":[{"href":"https:\/\/isn-renaudeau.fr\/dnmade\/index.php\/wp-json\/wp\/v2\/types\/page"}],"author":[{"embeddable":true,"href":"https:\/\/isn-renaudeau.fr\/dnmade\/index.php\/wp-json\/wp\/v2\/users\/26"}],"replies":[{"embeddable":true,"href":"https:\/\/isn-renaudeau.fr\/dnmade\/index.php\/wp-json\/wp\/v2\/comments?post=5808"}],"version-history":[{"count":9,"href":"https:\/\/isn-renaudeau.fr\/dnmade\/index.php\/wp-json\/wp\/v2\/pages\/5808\/revisions"}],"predecessor-version":[{"id":8823,"href":"https:\/\/isn-renaudeau.fr\/dnmade\/index.php\/wp-json\/wp\/v2\/pages\/5808\/revisions\/8823"}],"wp:attachment":[{"href":"https:\/\/isn-renaudeau.fr\/dnmade\/index.php\/wp-json\/wp\/v2\/media?parent=5808"}],"curies":[{"name":"wp","href":"https:\/\/api.w.org\/{rel}","templated":true}]}}