{"id":5472,"date":"2020-12-13T18:17:41","date_gmt":"2020-12-13T17:17:41","guid":{"rendered":"http:\/\/isn-renaudeau.fr\/dnmade\/?page_id=5472"},"modified":"2021-05-06T14:42:10","modified_gmt":"2021-05-06T12:42:10","slug":"page-accueil-manon-nicolas","status":"publish","type":"page","link":"https:\/\/isn-renaudeau.fr\/dnmade\/index.php\/page-accueil-manon-nicolas\/","title":{"rendered":"page accueil manon nicolas (site web final)"},"content":{"rendered":"<p>[et_pb_section fb_built=\u00a0\u00bb1&Prime; _builder_version=\u00a0\u00bb4.6.1&Prime; _module_preset=\u00a0\u00bbdefault\u00a0\u00bb custom_margin=\u00a0\u00bb||-4px|||\u00a0\u00bb][et_pb_row _builder_version=\u00a0\u00bb4.6.1&Prime; _module_preset=\u00a0\u00bbdefault\u00a0\u00bb custom_margin=\u00a0\u00bb|auto|24px|auto||\u00a0\u00bb][et_pb_column type=\u00a0\u00bb4_4&Prime; _builder_version=\u00a0\u00bb4.6.1&Prime; _module_preset=\u00a0\u00bbdefault\u00a0\u00bb][et_pb_text _builder_version=\u00a0\u00bb4.6.1&Prime; _module_preset=\u00a0\u00bbdefault\u00a0\u00bb text_font_size=\u00a0\u00bb9px\u00a0\u00bb border_width_bottom=\u00a0\u00bb5px\u00a0\u00bb inline_fonts=\u00a0\u00bbActor\u00a0\u00bb]<\/p>\n<p><span style=\"font-family: Actor; font-weight: normal; font-size: xx-large;\">MANON NICOLAS<\/span><\/p>\n<h4><span style=\"font-family: Actor; font-weight: normal; font-size: medium;\">UNE \u00c9TUDIANTE EN TEXTILE<\/span><\/h4>\n<p>[\/et_pb_text][\/et_pb_column][\/et_pb_row][et_pb_row column_structure=\u00a0\u00bb1_5,1_5,1_5,1_5,1_5&Prime; _builder_version=\u00a0\u00bb4.6.1&Prime; _module_preset=\u00a0\u00bbdefault\u00a0\u00bb][et_pb_column type=\u00a0\u00bb1_5&Prime; _builder_version=\u00a0\u00bb4.6.1&Prime; _module_preset=\u00a0\u00bbdefault\u00a0\u00bb][et_pb_button button_url=\u00a0\u00bb@ET-DC@eyJkeW5hbWljIjp0cnVlLCJjb250ZW50IjoicG9zdF9saW5rX3VybF9wYWdlIiwic2V0dGluZ3MiOnsicG9zdF9pZCI6IjU2OTIifX0=@\u00a0\u00bb button_text=\u00a0\u00bbProjets\u00a0\u00bb _builder_version=\u00a0\u00bb4.6.1&Prime; _dynamic_attributes=\u00a0\u00bbbutton_url\u00a0\u00bb _module_preset=\u00a0\u00bbdefault\u00a0\u00bb custom_button=\u00a0\u00bbon\u00a0\u00bb button_text_color=\u00a0\u00bb#ffffff\u00a0\u00bb button_bg_color=\u00a0\u00bb#000000&Prime; button_font=\u00a0\u00bbActor||||||||\u00a0\u00bb][\/et_pb_button][\/et_pb_column][et_pb_column type=\u00a0\u00bb1_5&Prime; _builder_version=\u00a0\u00bb4.6.1&Prime; _module_preset=\u00a0\u00bbdefault\u00a0\u00bb][et_pb_button button_url=\u00a0\u00bb@ET-DC@eyJkeW5hbWljIjp0cnVlLCJjb250ZW50IjoicG9zdF9saW5rX3VybF9wYWdlIiwic2V0dGluZ3MiOnsicG9zdF9pZCI6Ijc5NzcifX0=@\u00a0\u00bb button_text=\u00a0\u00bbMotifs\u00a0\u00bb _builder_version=\u00a0\u00bb4.6.1&Prime; _dynamic_attributes=\u00a0\u00bbbutton_url\u00a0\u00bb _module_preset=\u00a0\u00bbdefault\u00a0\u00bb custom_button=\u00a0\u00bbon\u00a0\u00bb button_text_color=\u00a0\u00bb#ffffff\u00a0\u00bb button_bg_color=\u00a0\u00bb#000000&Prime;][\/et_pb_button][\/et_pb_column][et_pb_column type=\u00a0\u00bb1_5&Prime; _builder_version=\u00a0\u00bb4.6.1&Prime; _module_preset=\u00a0\u00bbdefault\u00a0\u00bb][et_pb_button button_url=\u00a0\u00bb@ET-DC@eyJkeW5hbWljIjp0cnVlLCJjb250ZW50IjoicG9zdF9saW5rX3VybF9wYWdlIiwic2V0dGluZ3MiOnsicG9zdF9pZCI6IjU4MzQifX0=@\u00a0\u00bb button_text=\u00a0\u00bbR\u00e9alisations\u00a0\u00bb _builder_version=\u00a0\u00bb4.6.1&Prime; _dynamic_attributes=\u00a0\u00bbbutton_url\u00a0\u00bb _module_preset=\u00a0\u00bbdefault\u00a0\u00bb custom_button=\u00a0\u00bbon\u00a0\u00bb button_text_color=\u00a0\u00bb#ffffff\u00a0\u00bb button_bg_color=\u00a0\u00bb#000000&Prime; button_font=\u00a0\u00bbActor||||||||\u00a0\u00bb][\/et_pb_button][\/et_pb_column][et_pb_column type=\u00a0\u00bb1_5&Prime; _builder_version=\u00a0\u00bb4.6.1&Prime; _module_preset=\u00a0\u00bbdefault\u00a0\u00bb][et_pb_button button_url=\u00a0\u00bb@ET-DC@eyJkeW5hbWljIjp0cnVlLCJjb250ZW50IjoicG9zdF9saW5rX3VybF9wYWdlIiwic2V0dGluZ3MiOnsicG9zdF9pZCI6IjU4ODcifX0=@\u00a0\u00bb button_text=\u00a0\u00bbPlanches tendances\u00a0\u00bb _builder_version=\u00a0\u00bb4.6.1&Prime; _dynamic_attributes=\u00a0\u00bbbutton_url\u00a0\u00bb _module_preset=\u00a0\u00bbdefault\u00a0\u00bb custom_button=\u00a0\u00bbon\u00a0\u00bb button_text_color=\u00a0\u00bb#ffffff\u00a0\u00bb button_bg_color=\u00a0\u00bb#000000&Prime; button_font=\u00a0\u00bbActor||||||||\u00a0\u00bb][\/et_pb_button][\/et_pb_column][et_pb_column type=\u00a0\u00bb1_5&Prime; _builder_version=\u00a0\u00bb4.6.1&Prime; _module_preset=\u00a0\u00bbdefault\u00a0\u00bb][et_pb_button button_url=\u00a0\u00bb@ET-DC@eyJkeW5hbWljIjp0cnVlLCJjb250ZW50IjoicG9zdF9saW5rX3VybF9wYWdlIiwic2V0dGluZ3MiOnsicG9zdF9pZCI6IjU1MTUifX0=@\u00a0\u00bb button_text=\u00a0\u00bbCV\u00a0\u00bb _builder_version=\u00a0\u00bb4.6.1&Prime; _dynamic_attributes=\u00a0\u00bbbutton_url\u00a0\u00bb _module_preset=\u00a0\u00bbdefault\u00a0\u00bb custom_button=\u00a0\u00bbon\u00a0\u00bb button_text_color=\u00a0\u00bb#ffffff\u00a0\u00bb button_bg_color=\u00a0\u00bb#000000&Prime;][\/et_pb_button][\/et_pb_column][\/et_pb_row][et_pb_row _builder_version=\u00a0\u00bb4.6.1&Prime; _module_preset=\u00a0\u00bbdefault\u00a0\u00bb][et_pb_column type=\u00a0\u00bb4_4&Prime; _builder_version=\u00a0\u00bb4.6.1&Prime; _module_preset=\u00a0\u00bbdefault\u00a0\u00bb][et_pb_slider _builder_version=\u00a0\u00bb4.6.1&Prime; _module_preset=\u00a0\u00bbdefault\u00a0\u00bb custom_button=\u00a0\u00bbon\u00a0\u00bb hover_enabled=\u00a0\u00bb0&Prime; sticky_enabled=\u00a0\u00bb0&Prime;][et_pb_slide heading=\u00a0\u00bbR\u00c9SEAU- LIENS ENTRE LES PERSONNES\u00a0\u00bb button_text=\u00a0\u00bbT\u00e9l\u00e9charger le projet\u00a0\u00bb button_link=\u00a0\u00bb@ET-DC@eyJkeW5hbWljIjp0cnVlLCJjb250ZW50IjoicG9zdF9saW5rX3VybF9wYWdlIiwic2V0dGluZ3MiOnsicG9zdF9pZCI6IjU2OTIifX0=@\u00a0\u00bb _builder_version=\u00a0\u00bb4.6.1&Prime; _dynamic_attributes=\u00a0\u00bbbutton_link\u00a0\u00bb _module_preset=\u00a0\u00bbdefault\u00a0\u00bb body_text_color=\u00a0\u00bb#ffffff\u00a0\u00bb body_font_size=\u00a0\u00bb19px\u00a0\u00bb background_image=\u00a0\u00bbhttp:\/\/isn-renaudeau.fr\/dnmade\/wp-content\/uploads\/2020\/12\/20200427_152657-1-scaled.jpg\u00a0\u00bb background_enable_image=\u00a0\u00bbon\u00a0\u00bb custom_button=\u00a0\u00bbon\u00a0\u00bb button_text_color=\u00a0\u00bb#ffffff\u00a0\u00bb button_bg_color=\u00a0\u00bbrgba(0,0,0,0)\u00a0\u00bb button_border_width=\u00a0\u00bb3px\u00a0\u00bb button_font=\u00a0\u00bbActor||||||||\u00a0\u00bb text_orientation=\u00a0\u00bbleft\u00a0\u00bb header_text_shadow_style=\u00a0\u00bbpreset2&Prime; header_text_shadow_horizontal_length=\u00a0\u00bb-0.05em\u00a0\u00bb body_text_shadow_style=\u00a0\u00bbpreset1&Prime; body_text_shadow_horizontal_length=\u00a0\u00bb0.07em\u00a0\u00bb body_text_shadow_vertical_length=\u00a0\u00bb-0.09em\u00a0\u00bb body_text_shadow_color=\u00a0\u00bb#000000&Prime; sticky_transition=\u00a0\u00bbon\u00a0\u00bb]<\/p>\n<p><span>Le projet est de r\u00e9aliser un travail en macram\u00e9 autour du th\u00e8me du r\u00e9seau. J&rsquo;ai souhait\u00e9e repr\u00e9senter les diff\u00e9rents \u00ab\u00a0cat\u00e9gories\u00a0\u00bb de notre entourage (coll\u00e8gues, familles, connaissances,\u00a0amiti\u00e9s&#8230;)\u00a0<\/span><span>comme un r\u00e9seau.<\/span><\/p>\n<p>[\/et_pb_slide][et_pb_slide heading=\u00a0\u00bbR\u00caVE \u00c9VEILL\u00c9E\u00a0\u00bb button_text=\u00a0\u00bbT\u00e9l\u00e9charger les photos\u00a0\u00bb button_link=\u00a0\u00bb@ET-DC@eyJkeW5hbWljIjp0cnVlLCJjb250ZW50IjoicG9zdF9saW5rX3VybF9wYWdlIiwic2V0dGluZ3MiOnsicG9zdF9pZCI6IjU5NjQifX0=@\u00a0\u00bb _builder_version=\u00a0\u00bb4.6.1&Prime; _dynamic_attributes=\u00a0\u00bbbutton_link\u00a0\u00bb _module_preset=\u00a0\u00bbdefault\u00a0\u00bb body_font_size=\u00a0\u00bb17px\u00a0\u00bb background_image=\u00a0\u00bbhttp:\/\/isn-renaudeau.fr\/dnmade\/wp-content\/uploads\/2020\/12\/Manon_Margaux_Lisa-3-scaled.jpg\u00a0\u00bb background_enable_image=\u00a0\u00bbon\u00a0\u00bb text_orientation=\u00a0\u00bbleft\u00a0\u00bb body_text_shadow_style=\u00a0\u00bbpreset5&Prime; sticky_transition=\u00a0\u00bbon\u00a0\u00bb]<\/p>\n<p>&nbsp;<\/p>\n<p>Plong\u00e9 dans un sommeil profond, de myst\u00e9rieuses cr\u00e9atures se glissent doucement aux creux de nos r\u00eaves. Bienveillantes et maladroites \u00e0 la fois, elles nous enveloppent de leur charme protecteur, presque oppressant qu\u2019il en devient impossible de s\u2019en d\u00e9barasser . Extraordinaires et romanesques, elles nous font retomber en enfance, bien loin de notre r\u00e9alit\u00e9.<span class=\"Apple-converted-space\">\u00a0<\/span><\/p>\n<p>Mais ce voyage onirique \u00e0 travers le monde imaginaire n\u2019est qu\u2019\u00e9ph\u00e9m\u00e8re. Au r\u00e9veil tout aura diparu, il ne restera plus que des souvenirs lointains, remplis de magie et de myst\u00e8re.<\/p>\n<p>&nbsp;<\/p>\n<p>Les cr\u00e9atures enla\u00e7ants le personnage principal sont apais\u00e9es, rasur\u00e9es par l\u2019environnement qui les entourent. Elles se sont m\u00eames endormies sur ses \u00e9paules. Le spectateur a la sensation de revoir les peluches de son enfance, et de retrouver le sentiment de r\u00e9confort, de douceur et de s\u00e9curit\u00e9 d\u2019autre fois. Le spectateur se demande pourquoi le personnage principal peut-il \u00eatre oppress\u00e9 par tant de douceur.<\/p>\n<p>&nbsp;<\/p>\n<p>Le personnage central semble \u00e9touff\u00e9 par les cr\u00e9atures endormies sur ses \u00e9paules. Il nous regarde fixement, sans jamais baisser le regard. Son regard est-il un signe de d\u00e9tresse ? Nous demande t-il de l\u2019aide ?<span class=\"Apple-converted-space\">\u00a0<\/span><\/p>\n<p>Quel message veut-il nous faire passer ?<\/p>\n<p>[\/et_pb_slide][et_pb_slide heading=\u00a0\u00bbPLANCHE TENDANCE- DOMINATION DE L&rsquo;HOMME SUR LA NATURE\u00a0\u00bb button_text=\u00a0\u00bbT\u00e9l\u00e9charger la planche\u00a0\u00bb button_link=\u00a0\u00bb@ET-DC@eyJkeW5hbWljIjp0cnVlLCJjb250ZW50IjoicG9zdF9saW5rX3VybF9wYWdlIiwic2V0dGluZ3MiOnsicG9zdF9pZCI6IjU4ODcifX0=@\u00a0\u00bb image=\u00a0\u00bbhttp:\/\/isn-renaudeau.fr\/dnmade\/wp-content\/uploads\/2020\/12\/PLANCHE-TENDANCE-NATURE.jpg\u00a0\u00bb _builder_version=\u00a0\u00bb4.6.1&Prime; _dynamic_attributes=\u00a0\u00bbbutton_link\u00a0\u00bb _module_preset=\u00a0\u00bbdefault\u00a0\u00bb header_text_color=\u00a0\u00bb#000000&Prime; header_font_size=\u00a0\u00bb39px\u00a0\u00bb body_text_color=\u00a0\u00bb#000000&Prime; body_font_size=\u00a0\u00bb13px\u00a0\u00bb background_color=\u00a0\u00bb#ffffff\u00a0\u00bb background_enable_color=\u00a0\u00bbon\u00a0\u00bb background_enable_image=\u00a0\u00bboff\u00a0\u00bb custom_button=\u00a0\u00bbon\u00a0\u00bb button_text_color=\u00a0\u00bb#000000&Prime; button_bg_color=\u00a0\u00bb#ffffff\u00a0\u00bb button_border_color=\u00a0\u00bb#000000&Prime; text_orientation=\u00a0\u00bbleft\u00a0\u00bb background_layout=\u00a0\u00bblight\u00a0\u00bb border_width_all_image=\u00a0\u00bb2px\u00a0\u00bb sticky_transition=\u00a0\u00bbon\u00a0\u00bb]<\/p>\n<p>L\u2019homme souhaite contr\u00f4ler la nature r\u00e9fletant l\u2019indomptabilit\u00e9 afin de montrersa sup\u00e9riorit\u00e9 face \u00e0 celle-ci. Cette obsession de vouloir la dominer montre un c\u00f4t\u00e9 animal chez l\u2019homme pensant que la sup\u00e9riorit\u00e9 est li\u00e9e \u00e0 la<span class=\"Apple-converted-space\">\u00a0<\/span>domination. Pour illustrer cette influence, l\u2019humain d\u00e9cide de classer les animaux et les v\u00e9g\u00e9taux par cat\u00e9gories ou d\u00e9truit des for\u00eats afin de concevoir des logements.Mais l\u2019homme ne peut pas rivaliser avec son environnement, car la faune et la flore n\u2019ont pas de r\u00e8gles, elles suivent leurs propres chemins peu importe ce que pensent la nature humaine. L\u2019homme est le b\u00e9b\u00e9 et la nature est sa m\u00e8re salvatrice.Cette planche tendance autour du masque \u00e9voque l\u2019harmonie entre l\u2019homme et la nature, avec des v\u00e9g\u00e9taux qui poussent al\u00e9atoirement sur le visage du porteur, voir une domination de la nature sur l\u2019homme avec des feuilles, des fleurs, de la mousse cachant le visage ou le corps du porteur.Pour certains masques, le viqage de celui qui le porte devient un \u00e9cosyst\u00e8me o\u00f9 la v\u00e9g\u00e9tation reprend ses droits.Les couleurs sont douces, elles prennent ressource dans la nature. La couleur dominante est le vert \u00e9cho aux<span class=\"Apple-converted-space\">\u00a0<\/span>feuillages et les toniques sont le jaune et le orange.Les mat\u00e9riaux sont naturels avec du chanvre, de la laine, du bois ou encore des tissus teints par les v\u00e9g\u00e9taux.On peut glisser quelques fleurs ou feuilles afin d\u2019accentuer l\u2019indomptabilit\u00e9 de la nature.<\/p>\n<p>[\/et_pb_slide][et_pb_slide heading=\u00a0\u00bb\u00c0 PROPOS DE MOI\u00a0\u00bb button_text=\u00a0\u00bbCV\u00a0\u00bb button_link=\u00a0\u00bb@ET-DC@eyJkeW5hbWljIjp0cnVlLCJjb250ZW50IjoicG9zdF9saW5rX3VybF9wYWdlIiwic2V0dGluZ3MiOnsicG9zdF9pZCI6IjU1MTUifX0=@\u00a0\u00bb image=\u00a0\u00bbhttp:\/\/isn-renaudeau.fr\/dnmade\/wp-content\/uploads\/2020\/12\/20200531_161955-scaled.jpg\u00a0\u00bb _builder_version=\u00a0\u00bb4.6.1&Prime; _dynamic_attributes=\u00a0\u00bbbutton_link\u00a0\u00bb _module_preset=\u00a0\u00bbdefault\u00a0\u00bb background_color=\u00a0\u00bb#ffffff\u00a0\u00bb background_enable_color=\u00a0\u00bbon\u00a0\u00bb custom_button=\u00a0\u00bbon\u00a0\u00bb button_text_color=\u00a0\u00bb#000000&Prime; background_layout=\u00a0\u00bblight\u00a0\u00bb border_width_all_image=\u00a0\u00bb2px\u00a0\u00bb sticky_transition=\u00a0\u00bbon\u00a0\u00bb]<\/p>\n<p>Je m&rsquo;appelle Manon Nicolas, je suis \u00e9tudiante en deuxi\u00e8me ann\u00e9e de DNMADe textile (option mat\u00e9riaux, volume, graphisme) au lyc\u00e9e de la mode \u00e0 Cholet. Dans cette formation, j&rsquo;apprends \u00e0 concevoir des textiles pour une demande particuli\u00e8re, \u00e0 utiliser la suite Abode (illustrator, indesign et photoshop) pour pr\u00e9senter mes projet, \u00e0 d\u00e9velopper ma culture dans le domaine du design et plus pr\u00e9cis\u00e9ment dans la mode&#8230;<\/p>\n<p>Pour en savoir plus sur mes comp\u00e9tences, t\u00e9l\u00e9chargez le CV.<\/p>\n<p>[\/et_pb_slide][\/et_pb_slider][\/et_pb_column][\/et_pb_row][\/et_pb_section]<\/p>\n","protected":false},"excerpt":{"rendered":"<p>[et_pb_section fb_built=\u00a0\u00bb1&Prime; _builder_version=\u00a0\u00bb4.6.1&Prime; _module_preset=\u00a0\u00bbdefault\u00a0\u00bb custom_margin=\u00a0\u00bb||-4px|||\u00a0\u00bb][et_pb_row _builder_version=\u00a0\u00bb4.6.1&Prime; _module_preset=\u00a0\u00bbdefault\u00a0\u00bb custom_margin=\u00a0\u00bb|auto|24px|auto||\u00a0\u00bb][et_pb_column type=\u00a0\u00bb4_4&Prime; _builder_version=\u00a0\u00bb4.6.1&Prime; _module_preset=\u00a0\u00bbdefault\u00a0\u00bb][et_pb_text _builder_version=\u00a0\u00bb4.6.1&Prime; _module_preset=\u00a0\u00bbdefault\u00a0\u00bb text_font_size=\u00a0\u00bb9px\u00a0\u00bb border_width_bottom=\u00a0\u00bb5px\u00a0\u00bb inline_fonts=\u00a0\u00bbActor\u00a0\u00bb] MANON NICOLAS UNE \u00c9TUDIANTE EN TEXTILE [\/et_pb_text][\/et_pb_column][\/et_pb_row][et_pb_row column_structure=\u00a0\u00bb1_5,1_5,1_5,1_5,1_5&Prime; _builder_version=\u00a0\u00bb4.6.1&Prime; _module_preset=\u00a0\u00bbdefault\u00a0\u00bb][et_pb_column type=\u00a0\u00bb1_5&Prime; _builder_version=\u00a0\u00bb4.6.1&Prime; _module_preset=\u00a0\u00bbdefault\u00a0\u00bb][et_pb_button button_url=\u00a0\u00bb@ET-DC@eyJkeW5hbWljIjp0cnVlLCJjb250ZW50IjoicG9zdF9saW5rX3VybF9wYWdlIiwic2V0dGluZ3MiOnsicG9zdF9pZCI6IjU2OTIifX0=@\u00a0\u00bb button_text=\u00a0\u00bbProjets\u00a0\u00bb _builder_version=\u00a0\u00bb4.6.1&Prime; _dynamic_attributes=\u00a0\u00bbbutton_url\u00a0\u00bb _module_preset=\u00a0\u00bbdefault\u00a0\u00bb custom_button=\u00a0\u00bbon\u00a0\u00bb button_text_color=\u00a0\u00bb#ffffff\u00a0\u00bb button_bg_color=\u00a0\u00bb#000000&Prime; button_font=\u00a0\u00bbActor||||||||\u00a0\u00bb][\/et_pb_button][\/et_pb_column][et_pb_column type=\u00a0\u00bb1_5&Prime; _builder_version=\u00a0\u00bb4.6.1&Prime; _module_preset=\u00a0\u00bbdefault\u00a0\u00bb][et_pb_button button_url=\u00a0\u00bb@ET-DC@eyJkeW5hbWljIjp0cnVlLCJjb250ZW50IjoicG9zdF9saW5rX3VybF9wYWdlIiwic2V0dGluZ3MiOnsicG9zdF9pZCI6Ijc5NzcifX0=@\u00a0\u00bb button_text=\u00a0\u00bbMotifs\u00a0\u00bb _builder_version=\u00a0\u00bb4.6.1&Prime; _dynamic_attributes=\u00a0\u00bbbutton_url\u00a0\u00bb _module_preset=\u00a0\u00bbdefault\u00a0\u00bb custom_button=\u00a0\u00bbon\u00a0\u00bb button_text_color=\u00a0\u00bb#ffffff\u00a0\u00bb button_bg_color=\u00a0\u00bb#000000&Prime;][\/et_pb_button][\/et_pb_column][et_pb_column type=\u00a0\u00bb1_5&Prime; _builder_version=\u00a0\u00bb4.6.1&Prime; _module_preset=\u00a0\u00bbdefault\u00a0\u00bb][et_pb_button button_url=\u00a0\u00bb@ET-DC@eyJkeW5hbWljIjp0cnVlLCJjb250ZW50IjoicG9zdF9saW5rX3VybF9wYWdlIiwic2V0dGluZ3MiOnsicG9zdF9pZCI6IjU4MzQifX0=@\u00a0\u00bb button_text=\u00a0\u00bbR\u00e9alisations\u00a0\u00bb _builder_version=\u00a0\u00bb4.6.1&Prime; [&hellip;]<\/p>\n","protected":false},"author":20,"featured_media":0,"parent":0,"menu_order":0,"comment_status":"closed","ping_status":"closed","template":"","meta":{"_et_pb_use_builder":"on","_et_pb_old_content":"","_et_gb_content_width":""},"_links":{"self":[{"href":"https:\/\/isn-renaudeau.fr\/dnmade\/index.php\/wp-json\/wp\/v2\/pages\/5472"}],"collection":[{"href":"https:\/\/isn-renaudeau.fr\/dnmade\/index.php\/wp-json\/wp\/v2\/pages"}],"about":[{"href":"https:\/\/isn-renaudeau.fr\/dnmade\/index.php\/wp-json\/wp\/v2\/types\/page"}],"author":[{"embeddable":true,"href":"https:\/\/isn-renaudeau.fr\/dnmade\/index.php\/wp-json\/wp\/v2\/users\/20"}],"replies":[{"embeddable":true,"href":"https:\/\/isn-renaudeau.fr\/dnmade\/index.php\/wp-json\/wp\/v2\/comments?post=5472"}],"version-history":[{"count":21,"href":"https:\/\/isn-renaudeau.fr\/dnmade\/index.php\/wp-json\/wp\/v2\/pages\/5472\/revisions"}],"predecessor-version":[{"id":7990,"href":"https:\/\/isn-renaudeau.fr\/dnmade\/index.php\/wp-json\/wp\/v2\/pages\/5472\/revisions\/7990"}],"wp:attachment":[{"href":"https:\/\/isn-renaudeau.fr\/dnmade\/index.php\/wp-json\/wp\/v2\/media?parent=5472"}],"curies":[{"name":"wp","href":"https:\/\/api.w.org\/{rel}","templated":true}]}}