{"id":4115,"date":"2020-12-09T13:29:31","date_gmt":"2020-12-09T12:29:31","guid":{"rendered":"http:\/\/isn-renaudeau.fr\/dnmade\/?page_id=4115"},"modified":"2020-12-09T14:28:35","modified_gmt":"2020-12-09T13:28:35","slug":"haize-merah","status":"publish","type":"page","link":"https:\/\/isn-renaudeau.fr\/dnmade\/index.php\/haize-merah\/","title":{"rendered":"Haize MERAH"},"content":{"rendered":"<p>[et_pb_section fb_built=\u00a0\u00bb1&Prime; _builder_version=\u00a0\u00bb4.6.1&Prime; _module_preset=\u00a0\u00bbdefault\u00a0\u00bb background_color=\u00a0\u00bb#fc9569&Prime; background_image=\u00a0\u00bbhttp:\/\/isn-renaudeau.fr\/dnmade\/wp-content\/uploads\/2020\/12\/Fond-site3.png\u00a0\u00bb][et_pb_row _builder_version=\u00a0\u00bb4.6.1&Prime; _module_preset=\u00a0\u00bbdefault\u00a0\u00bb][et_pb_column type=\u00a0\u00bb4_4&Prime; _builder_version=\u00a0\u00bb4.6.1&Prime; _module_preset=\u00a0\u00bbdefault\u00a0\u00bb][et_pb_text _builder_version=\u00a0\u00bb4.6.1&Prime; _module_preset=\u00a0\u00bbdefault\u00a0\u00bb text_font=\u00a0\u00bbSunflower||||||||\u00a0\u00bb text_text_color=\u00a0\u00bb#ffffff\u00a0\u00bb text_font_size=\u00a0\u00bb60px\u00a0\u00bb text_letter_spacing=\u00a0\u00bb30px\u00a0\u00bb text_text_shadow_style=\u00a0\u00bbpreset5&Prime;]<\/p>\n<p style=\"text-align: center;\">HAIZE MERAH<\/p>\n<p>[\/et_pb_text][\/et_pb_column][\/et_pb_row][\/et_pb_section][et_pb_section fb_built=\u00a0\u00bb1&Prime; _builder_version=\u00a0\u00bb4.6.1&Prime; _module_preset=\u00a0\u00bbdefault\u00a0\u00bb][et_pb_row column_structure=\u00a0\u00bb1_4,1_4,1_4,1_4&Prime; _builder_version=\u00a0\u00bb4.6.1&Prime; _module_preset=\u00a0\u00bbdefault\u00a0\u00bb][et_pb_column type=\u00a0\u00bb1_4&Prime; _builder_version=\u00a0\u00bb4.6.1&Prime; _module_preset=\u00a0\u00bbdefault\u00a0\u00bb][et_pb_button button_url=\u00a0\u00bbhttp:\/\/isn-renaudeau.fr\/dnmade\/?page_id=4115&Prime; button_text=\u00a0\u00bbPR\u00c9SENTATION\u00a0\u00bb button_alignment=\u00a0\u00bbcenter\u00a0\u00bb _builder_version=\u00a0\u00bb4.6.1&Prime; _module_preset=\u00a0\u00bbdefault\u00a0\u00bb custom_button=\u00a0\u00bbon\u00a0\u00bb button_text_color=\u00a0\u00bb#fc9569&Prime; button_bg_color=\u00a0\u00bbrgba(0,0,0,0)\u00a0\u00bb button_border_width=\u00a0\u00bb1px\u00a0\u00bb button_border_radius=\u00a0\u00bb12px\u00a0\u00bb button_letter_spacing=\u00a0\u00bb4px\u00a0\u00bb background_layout=\u00a0\u00bbdark\u00a0\u00bb box_shadow_style=\u00a0\u00bbpreset4&Prime; box_shadow_color=\u00a0\u00bb#fc9569&Prime;][\/et_pb_button][\/et_pb_column][et_pb_column type=\u00a0\u00bb1_4&Prime; _builder_version=\u00a0\u00bb4.6.1&Prime; _module_preset=\u00a0\u00bbdefault\u00a0\u00bb][et_pb_button button_url=\u00a0\u00bbhttp:\/\/isn-renaudeau.fr\/dnmade\/index.php\/cv\/\u00a0\u00bb button_text=\u00a0\u00bbCV\u00a0\u00bb button_alignment=\u00a0\u00bbcenter\u00a0\u00bb _builder_version=\u00a0\u00bb4.6.1&Prime; _module_preset=\u00a0\u00bbdefault\u00a0\u00bb custom_button=\u00a0\u00bbon\u00a0\u00bb button_text_color=\u00a0\u00bb#fc9569&Prime; button_border_width=\u00a0\u00bb1px\u00a0\u00bb button_border_radius=\u00a0\u00bb12px\u00a0\u00bb button_letter_spacing=\u00a0\u00bb4px\u00a0\u00bb box_shadow_style=\u00a0\u00bbpreset4&Prime; box_shadow_color=\u00a0\u00bb#edf000&Prime;][\/et_pb_button][\/et_pb_column][et_pb_column type=\u00a0\u00bb1_4&Prime; _builder_version=\u00a0\u00bb4.6.1&Prime; _module_preset=\u00a0\u00bbdefault\u00a0\u00bb][et_pb_button button_url=\u00a0\u00bbhttp:\/\/isn-renaudeau.fr\/dnmade\/index.php\/portfolio-2\/\u00a0\u00bb button_text=\u00a0\u00bbPORTFOLIO\u00a0\u00bb button_alignment=\u00a0\u00bbcenter\u00a0\u00bb _builder_version=\u00a0\u00bb4.6.1&Prime; _module_preset=\u00a0\u00bbdefault\u00a0\u00bb custom_button=\u00a0\u00bbon\u00a0\u00bb button_text_color=\u00a0\u00bb#fc9569&Prime; button_border_width=\u00a0\u00bb1px\u00a0\u00bb button_border_radius=\u00a0\u00bb12px\u00a0\u00bb button_letter_spacing=\u00a0\u00bb4px\u00a0\u00bb background_layout=\u00a0\u00bbdark\u00a0\u00bb box_shadow_style=\u00a0\u00bbpreset4&Prime; box_shadow_color=\u00a0\u00bb#f0b800&Prime;][\/et_pb_button][\/et_pb_column][et_pb_column type=\u00a0\u00bb1_4&Prime; _builder_version=\u00a0\u00bb4.6.1&Prime; _module_preset=\u00a0\u00bbdefault\u00a0\u00bb][et_pb_button button_url=\u00a0\u00bbhttp:\/\/isn-renaudeau.fr\/dnmade\/?page_id=4387&Prime; button_text=\u00a0\u00bbCONTACT\u00a0\u00bb button_alignment=\u00a0\u00bbcenter\u00a0\u00bb _builder_version=\u00a0\u00bb4.6.1&Prime; _module_preset=\u00a0\u00bbdefault\u00a0\u00bb custom_button=\u00a0\u00bbon\u00a0\u00bb button_text_color=\u00a0\u00bb#fc9569&Prime; button_border_width=\u00a0\u00bb1px\u00a0\u00bb button_border_radius=\u00a0\u00bb12px\u00a0\u00bb button_letter_spacing=\u00a0\u00bb4px\u00a0\u00bb background_layout=\u00a0\u00bbdark\u00a0\u00bb box_shadow_style=\u00a0\u00bbpreset4&Prime; box_shadow_color=\u00a0\u00bb#ff9400&Prime;][\/et_pb_button][\/et_pb_column][\/et_pb_row][et_pb_row _builder_version=\u00a0\u00bb4.6.1&Prime; _module_preset=\u00a0\u00bbdefault\u00a0\u00bb][et_pb_column type=\u00a0\u00bb4_4&Prime; _builder_version=\u00a0\u00bb4.6.1&Prime; _module_preset=\u00a0\u00bbdefault\u00a0\u00bb][et_pb_text _builder_version=\u00a0\u00bb4.6.1&Prime; _module_preset=\u00a0\u00bbdefault\u00a0\u00bb hover_enabled=\u00a0\u00bb0&Prime; sticky_enabled=\u00a0\u00bb0&Prime;]<\/p>\n<p>Bonjour! Je m&rsquo;appelle Haize et je suis n\u00e9e \u00e0 Bayonne au Pays Basque. J&rsquo;ai grandi l\u00e0-bas et y suis rest\u00e9e jusqu&rsquo;\u00e0 la MANAA que j&rsquo;ai faite \u00e0 l&rsquo;\u00c9cole Sup\u00e9rieure d&rsquo;Art Pays Basque \u00e0 Bayonne et je suis ensuite partit pour le DN MADE mode Design Textile et Mat\u00e9riaux au Lyc\u00e9e de la Mode \u00e0 Cholet o\u00f9 je suis actuellement en 2\u00e8me ann\u00e9e.<\/p>\n<p>Nous pratiquions beaucoup les arts plastiques en MANAA et les cours de peinture, dessin, mod\u00e8le vivant, volume et couleur m&rsquo;ont beaucoup apport\u00e9s pour mes travaux de design de mode et textile. Peindre me permet de faire de la recherche de teintes, de motifs, de formes, de gammes color\u00e9es et parfois de textures.<\/p>\n<p>J&rsquo;aime utiliser des mat\u00e9riaux et mati\u00e8res inhabituelles et improbables que je r\u00e9cup\u00e8res. Me pr\u00e9occupant de l&rsquo;environnement, j&rsquo;oriente mes projets dans une d\u00e9marche \u00e9co-responsable. Tissus et fils de seconde main chin\u00e9s, r\u00e9cup\u00e9ration, vieux v\u00eatements, &#8230;<\/p>\n<p>Je me cr\u00e9e des v\u00eatements, des accessoires ou autres produits durant mon temps libre, en utilisant la couture ou au crochet, toujours dans une d\u00e9marche \u00e9co-responsable.<\/p>\n<p>[\/et_pb_text][\/et_pb_column][\/et_pb_row][et_pb_row _builder_version=\u00a0\u00bb4.6.1&Prime; _module_preset=\u00a0\u00bbdefault\u00a0\u00bb][et_pb_column type=\u00a0\u00bb4_4&Prime; _builder_version=\u00a0\u00bb4.6.1&Prime; _module_preset=\u00a0\u00bbdefault\u00a0\u00bb][et_pb_image src=\u00a0\u00bbhttp:\/\/isn-renaudeau.fr\/dnmade\/wp-content\/uploads\/2020\/12\/couleur2.jpg\u00a0\u00bb title_text=\u00a0\u00bbcouleur2&Prime; _builder_version=\u00a0\u00bb4.6.1&Prime; _module_preset=\u00a0\u00bbdefault\u00a0\u00bb][\/et_pb_image][\/et_pb_column][\/et_pb_row][\/et_pb_section]<\/p>\n","protected":false},"excerpt":{"rendered":"<p>[et_pb_section fb_built=\u00a0\u00bb1&Prime; _builder_version=\u00a0\u00bb4.6.1&Prime; _module_preset=\u00a0\u00bbdefault\u00a0\u00bb background_color=\u00a0\u00bb#fc9569&Prime; background_image=\u00a0\u00bbhttp:\/\/isn-renaudeau.fr\/dnmade\/wp-content\/uploads\/2020\/12\/Fond-site3.png\u00a0\u00bb][et_pb_row _builder_version=\u00a0\u00bb4.6.1&Prime; _module_preset=\u00a0\u00bbdefault\u00a0\u00bb][et_pb_column type=\u00a0\u00bb4_4&Prime; _builder_version=\u00a0\u00bb4.6.1&Prime; _module_preset=\u00a0\u00bbdefault\u00a0\u00bb][et_pb_text _builder_version=\u00a0\u00bb4.6.1&Prime; _module_preset=\u00a0\u00bbdefault\u00a0\u00bb text_font=\u00a0\u00bbSunflower||||||||\u00a0\u00bb text_text_color=\u00a0\u00bb#ffffff\u00a0\u00bb text_font_size=\u00a0\u00bb60px\u00a0\u00bb text_letter_spacing=\u00a0\u00bb30px\u00a0\u00bb text_text_shadow_style=\u00a0\u00bbpreset5&Prime;] HAIZE MERAH [\/et_pb_text][\/et_pb_column][\/et_pb_row][\/et_pb_section][et_pb_section fb_built=\u00a0\u00bb1&Prime; _builder_version=\u00a0\u00bb4.6.1&Prime; _module_preset=\u00a0\u00bbdefault\u00a0\u00bb][et_pb_row column_structure=\u00a0\u00bb1_4,1_4,1_4,1_4&Prime; _builder_version=\u00a0\u00bb4.6.1&Prime; _module_preset=\u00a0\u00bbdefault\u00a0\u00bb][et_pb_column type=\u00a0\u00bb1_4&Prime; _builder_version=\u00a0\u00bb4.6.1&Prime; _module_preset=\u00a0\u00bbdefault\u00a0\u00bb][et_pb_button button_url=\u00a0\u00bbhttp:\/\/isn-renaudeau.fr\/dnmade\/?page_id=4115&Prime; button_text=\u00a0\u00bbPR\u00c9SENTATION\u00a0\u00bb button_alignment=\u00a0\u00bbcenter\u00a0\u00bb _builder_version=\u00a0\u00bb4.6.1&Prime; _module_preset=\u00a0\u00bbdefault\u00a0\u00bb custom_button=\u00a0\u00bbon\u00a0\u00bb button_text_color=\u00a0\u00bb#fc9569&Prime; button_bg_color=\u00a0\u00bbrgba(0,0,0,0)\u00a0\u00bb button_border_width=\u00a0\u00bb1px\u00a0\u00bb button_border_radius=\u00a0\u00bb12px\u00a0\u00bb button_letter_spacing=\u00a0\u00bb4px\u00a0\u00bb background_layout=\u00a0\u00bbdark\u00a0\u00bb box_shadow_style=\u00a0\u00bbpreset4&Prime; box_shadow_color=\u00a0\u00bb#fc9569&Prime;][\/et_pb_button][\/et_pb_column][et_pb_column type=\u00a0\u00bb1_4&Prime; _builder_version=\u00a0\u00bb4.6.1&Prime; _module_preset=\u00a0\u00bbdefault\u00a0\u00bb][et_pb_button button_url=\u00a0\u00bbhttp:\/\/isn-renaudeau.fr\/dnmade\/index.php\/cv\/\u00a0\u00bb button_text=\u00a0\u00bbCV\u00a0\u00bb button_alignment=\u00a0\u00bbcenter\u00a0\u00bb _builder_version=\u00a0\u00bb4.6.1&Prime; _module_preset=\u00a0\u00bbdefault\u00a0\u00bb custom_button=\u00a0\u00bbon\u00a0\u00bb button_text_color=\u00a0\u00bb#fc9569&Prime; button_border_width=\u00a0\u00bb1px\u00a0\u00bb [&hellip;]<\/p>\n","protected":false},"author":23,"featured_media":0,"parent":0,"menu_order":0,"comment_status":"closed","ping_status":"closed","template":"","meta":{"_et_pb_use_builder":"on","_et_pb_old_content":"","_et_gb_content_width":""},"_links":{"self":[{"href":"https:\/\/isn-renaudeau.fr\/dnmade\/index.php\/wp-json\/wp\/v2\/pages\/4115"}],"collection":[{"href":"https:\/\/isn-renaudeau.fr\/dnmade\/index.php\/wp-json\/wp\/v2\/pages"}],"about":[{"href":"https:\/\/isn-renaudeau.fr\/dnmade\/index.php\/wp-json\/wp\/v2\/types\/page"}],"author":[{"embeddable":true,"href":"https:\/\/isn-renaudeau.fr\/dnmade\/index.php\/wp-json\/wp\/v2\/users\/23"}],"replies":[{"embeddable":true,"href":"https:\/\/isn-renaudeau.fr\/dnmade\/index.php\/wp-json\/wp\/v2\/comments?post=4115"}],"version-history":[{"count":14,"href":"https:\/\/isn-renaudeau.fr\/dnmade\/index.php\/wp-json\/wp\/v2\/pages\/4115\/revisions"}],"predecessor-version":[{"id":4610,"href":"https:\/\/isn-renaudeau.fr\/dnmade\/index.php\/wp-json\/wp\/v2\/pages\/4115\/revisions\/4610"}],"wp:attachment":[{"href":"https:\/\/isn-renaudeau.fr\/dnmade\/index.php\/wp-json\/wp\/v2\/media?parent=4115"}],"curies":[{"name":"wp","href":"https:\/\/api.w.org\/{rel}","templated":true}]}}