{"id":326,"date":"2020-10-06T11:22:09","date_gmt":"2020-10-06T09:22:09","guid":{"rendered":"http:\/\/isn-renaudeau.fr\/dnmade\/?page_id=326"},"modified":"2020-12-08T13:50:03","modified_gmt":"2020-12-08T12:50:03","slug":"326-2","status":"publish","type":"page","link":"https:\/\/isn-renaudeau.fr\/dnmade\/index.php\/326-2\/","title":{"rendered":"Aliz\u00e9e Delafosse book"},"content":{"rendered":"<p>[et_pb_section fb_built=\u00a0\u00bb1&Prime; _builder_version=\u00a0\u00bb4.6.1&Prime; _module_preset=\u00a0\u00bbdefault\u00a0\u00bb custom_padding=\u00a0\u00bb||0px|||\u00a0\u00bb][et_pb_row _builder_version=\u00a0\u00bb4.6.1&Prime; _module_preset=\u00a0\u00bbdefault\u00a0\u00bb min_height=\u00a0\u00bb156px\u00a0\u00bb custom_margin=\u00a0\u00bb|auto|-41px|auto||\u00a0\u00bb custom_padding=\u00a0\u00bb6px||6px||true|\u00a0\u00bb][et_pb_column type=\u00a0\u00bb4_4&Prime; _builder_version=\u00a0\u00bb4.6.1&Prime; _module_preset=\u00a0\u00bbdefault\u00a0\u00bb][et_pb_text _builder_version=\u00a0\u00bb4.6.1&Prime; _module_preset=\u00a0\u00bbdefault\u00a0\u00bb text_font=\u00a0\u00bbAbhaya Libre|800|||||||\u00a0\u00bb text_text_color=\u00a0\u00bb#000000&Prime; text_font_size=\u00a0\u00bb94px\u00a0\u00bb background_color=\u00a0\u00bb#2b2b2b\u00a0\u00bb text_orientation=\u00a0\u00bbcenter\u00a0\u00bb]<\/p>\n<p>BOOK<\/p>\n<p>[\/et_pb_text][\/et_pb_column][\/et_pb_row][et_pb_row column_structure=\u00a0\u00bb1_2,1_2&Prime; _builder_version=\u00a0\u00bb4.6.1&Prime; _module_preset=\u00a0\u00bbdefault\u00a0\u00bb][et_pb_column type=\u00a0\u00bb1_2&Prime; _builder_version=\u00a0\u00bb4.6.1&Prime; _module_preset=\u00a0\u00bbdefault\u00a0\u00bb][et_pb_slider _builder_version=\u00a0\u00bb4.6.1&Prime; _module_preset=\u00a0\u00bbdefault\u00a0\u00bb][et_pb_slide heading=\u00a0\u00bbParure\u00a0\u00bb image=\u00a0\u00bbhttp:\/\/isn-renaudeau.fr\/dnmade\/wp-content\/uploads\/2020\/12\/DSC_0976-scaled.jpg\u00a0\u00bb _builder_version=\u00a0\u00bb4.6.1&Prime; _module_preset=\u00a0\u00bbdefault\u00a0\u00bb header_font=\u00a0\u00bb||||||||\u00a0\u00bb header_font_size=\u00a0\u00bb50px\u00a0\u00bb header_letter_spacing=\u00a0\u00bb16px\u00a0\u00bb background_color=\u00a0\u00bb#ffffff\u00a0\u00bb background_enable_color=\u00a0\u00bbon\u00a0\u00bb background_layout=\u00a0\u00bblight\u00a0\u00bb sticky_transition=\u00a0\u00bbon\u00a0\u00bb]<\/p>\n<p>La parure recouvre, cache, ajoute ou embellit. Ici, inspir\u00e9e des mille et une nuit, de l\u2019ornement et de dorures m\u00eal\u00e9es \u00e0 un c\u00f4t\u00e9 plus brut, cassant cet effet d\u2019un retour aux sources et mixant ces mati\u00e8res pour n\u2019en faire qu\u2019un tout harmonieux. C\u2019est l\u00e0, la rencontre entre un c\u00f4t\u00e9 plus noble et un autre plus primaire.<\/p>\n<p>[\/et_pb_slide][et_pb_slide image=\u00a0\u00bbhttp:\/\/isn-renaudeau.fr\/dnmade\/wp-content\/uploads\/2020\/12\/DSC_0958-scaled.jpg\u00a0\u00bb _builder_version=\u00a0\u00bb4.6.1&Prime; _module_preset=\u00a0\u00bbdefault\u00a0\u00bb background_color=\u00a0\u00bb#ffffff\u00a0\u00bb background_enable_color=\u00a0\u00bbon\u00a0\u00bb sticky_transition=\u00a0\u00bbon\u00a0\u00bb][\/et_pb_slide][et_pb_slide image=\u00a0\u00bbhttp:\/\/isn-renaudeau.fr\/dnmade\/wp-content\/uploads\/2020\/12\/DSC_0973-scaled.jpg\u00a0\u00bb _builder_version=\u00a0\u00bb4.6.1&Prime; _module_preset=\u00a0\u00bbdefault\u00a0\u00bb background_color=\u00a0\u00bb#ffffff\u00a0\u00bb background_enable_color=\u00a0\u00bbon\u00a0\u00bb sticky_transition=\u00a0\u00bbon\u00a0\u00bb][\/et_pb_slide][et_pb_slide image=\u00a0\u00bbhttp:\/\/isn-renaudeau.fr\/dnmade\/wp-content\/uploads\/2020\/12\/DSC_0981-scaled.jpg\u00a0\u00bb _builder_version=\u00a0\u00bb4.6.1&Prime; _module_preset=\u00a0\u00bbdefault\u00a0\u00bb background_color=\u00a0\u00bb#ffffff\u00a0\u00bb background_enable_color=\u00a0\u00bbon\u00a0\u00bb sticky_transition=\u00a0\u00bbon\u00a0\u00bb][\/et_pb_slide][et_pb_slide image=\u00a0\u00bbhttp:\/\/isn-renaudeau.fr\/dnmade\/wp-content\/uploads\/2020\/12\/DSC_0964-scaled.jpg\u00a0\u00bb _builder_version=\u00a0\u00bb4.6.1&Prime; _module_preset=\u00a0\u00bbdefault\u00a0\u00bb background_color=\u00a0\u00bb#ffffff\u00a0\u00bb background_enable_color=\u00a0\u00bbon\u00a0\u00bb sticky_transition=\u00a0\u00bbon\u00a0\u00bb][\/et_pb_slide][\/et_pb_slider][et_pb_divider color=\u00a0\u00bb#000000&Prime; divider_style=\u00a0\u00bbdotted\u00a0\u00bb _builder_version=\u00a0\u00bb4.6.1&Prime; _module_preset=\u00a0\u00bbdefault\u00a0\u00bb][\/et_pb_divider][et_pb_slider _builder_version=\u00a0\u00bb4.6.1&Prime; _module_preset=\u00a0\u00bbdefault\u00a0\u00bb min_height=\u00a0\u00bb1385px\u00a0\u00bb custom_margin=\u00a0\u00bb||65px|||\u00a0\u00bb][et_pb_slide heading=\u00a0\u00bbBijoux Manifeste\u00a0\u00bb image=\u00a0\u00bbhttp:\/\/isn-renaudeau.fr\/dnmade\/wp-content\/uploads\/2020\/12\/IMG_5915-scaled.jpg\u00a0\u00bb _builder_version=\u00a0\u00bb4.6.1&Prime; _module_preset=\u00a0\u00bbdefault\u00a0\u00bb header_font_size=\u00a0\u00bb47px\u00a0\u00bb header_letter_spacing=\u00a0\u00bb16px\u00a0\u00bb background_color=\u00a0\u00bb#ffffff\u00a0\u00bb background_enable_color=\u00a0\u00bbon\u00a0\u00bb background_layout=\u00a0\u00bblight\u00a0\u00bb sticky_transition=\u00a0\u00bbon\u00a0\u00bb]<\/p>\n<p>Nous sommes adultes, la nostalgie de l&rsquo;enfance s&rsquo;installe, ces moments de l\u2019enfance o\u00f9 tout \u00e9tait si simple font de nouveau surface. Des activit\u00e9s, jeux, hobbies que nous avions et qui par manque de temps ou \u00e0 cause du jugement d\u2019autrui ne sont plus r\u00e9alisables. J\u2019ai recueilli plusieurs t\u00e9moignages avec deux questions: \u00abQuel est le bijou qui repr\u00e9sente votre enfance?\u00bb et \u00abSi vous deviez refaire une seule chose que vous faisiez enfant, quelle serait-elle?\u00bb. A cela, les r\u00e9ponses \u00e9taient tr\u00e8s diverses: scobidou, d\u00e9guisements, collier de bonbons ou d\u2019amiti\u00e9, jouer dans des jeux gonflables, \u00e0 \u00abpapa et maman\u00bb, faire un sport etc&#8230;<br \/>Ce que j\u2019ai voulu cr\u00e9er est un bijou de corps pour marquer ce c\u00f4t\u00e9 \u00e9volutif chez l\u2019homme. J\u2019ai r\u00e9invent\u00e9 le collier de nouilles, clich\u00e9 de l\u2019enfant qui en con\u00e7oit un pour la f\u00eate des m\u00e8res. Ainsi, j\u2019ai voulu jumeler le c\u00f4t\u00e9 tr\u00e8s enfantin des p\u00e2tes avec un bijou tr\u00e8s sensuel, tr\u00e8s f\u00e9minin pour marquer cette dualit\u00e9 entre l\u2019enfance et l\u2019\u00e2ge adulte. Cela a aussi un rapport avec l\u2019insouciance de l\u2019enfant qui n\u2019a pas de r\u00e9elle notion de pudeur et cette douceur enfantine agr\u00e9ment\u00e9e de perles qui vient perturber l\u2019aspect \u00absexy\u00bb de ce bijou.<\/p>\n<p>[\/et_pb_slide][et_pb_slide image=\u00a0\u00bbhttp:\/\/isn-renaudeau.fr\/dnmade\/wp-content\/uploads\/2020\/12\/IMG_5913-scaled.jpg\u00a0\u00bb _builder_version=\u00a0\u00bb4.6.1&Prime; _module_preset=\u00a0\u00bbdefault\u00a0\u00bb background_color=\u00a0\u00bb#ffffff\u00a0\u00bb background_enable_color=\u00a0\u00bbon\u00a0\u00bb sticky_transition=\u00a0\u00bbon\u00a0\u00bb][\/et_pb_slide][et_pb_slide image=\u00a0\u00bbhttp:\/\/isn-renaudeau.fr\/dnmade\/wp-content\/uploads\/2020\/12\/IMG_5911-scaled.jpg\u00a0\u00bb _builder_version=\u00a0\u00bb4.6.1&Prime; _module_preset=\u00a0\u00bbdefault\u00a0\u00bb background_color=\u00a0\u00bb#ffffff\u00a0\u00bb background_enable_color=\u00a0\u00bbon\u00a0\u00bb sticky_transition=\u00a0\u00bbon\u00a0\u00bb][\/et_pb_slide][et_pb_slide image=\u00a0\u00bbhttp:\/\/isn-renaudeau.fr\/dnmade\/wp-content\/uploads\/2020\/12\/IMG_5914-scaled.jpg\u00a0\u00bb _builder_version=\u00a0\u00bb4.6.1&Prime; _module_preset=\u00a0\u00bbdefault\u00a0\u00bb background_color=\u00a0\u00bb#ffffff\u00a0\u00bb background_enable_color=\u00a0\u00bbon\u00a0\u00bb sticky_transition=\u00a0\u00bbon\u00a0\u00bb][\/et_pb_slide][et_pb_slide image=\u00a0\u00bbhttp:\/\/isn-renaudeau.fr\/dnmade\/wp-content\/uploads\/2020\/12\/IMG_5917-scaled.jpg\u00a0\u00bb _builder_version=\u00a0\u00bb4.6.1&Prime; _module_preset=\u00a0\u00bbdefault\u00a0\u00bb background_color=\u00a0\u00bb#ffffff\u00a0\u00bb background_enable_color=\u00a0\u00bbon\u00a0\u00bb sticky_transition=\u00a0\u00bbon\u00a0\u00bb][\/et_pb_slide][\/et_pb_slider][et_pb_divider color=\u00a0\u00bb#000000&Prime; divider_style=\u00a0\u00bbdotted\u00a0\u00bb _builder_version=\u00a0\u00bb4.6.1&Prime; _module_preset=\u00a0\u00bbdefault\u00a0\u00bb][\/et_pb_divider][\/et_pb_column][et_pb_column type=\u00a0\u00bb1_2&Prime; _builder_version=\u00a0\u00bb4.6.1&Prime; _module_preset=\u00a0\u00bbdefault\u00a0\u00bb][et_pb_slider _builder_version=\u00a0\u00bb4.6.1&Prime; _module_preset=\u00a0\u00bbdefault\u00a0\u00bb header_text_color=\u00a0\u00bb#242424&Prime; header_font_size=\u00a0\u00bb51px\u00a0\u00bb header_letter_spacing=\u00a0\u00bb16px\u00a0\u00bb background_color=\u00a0\u00bbrgba(0,0,0,0)\u00a0\u00bb hover_enabled=\u00a0\u00bb0&Prime; sticky_enabled=\u00a0\u00bb0&Prime;][et_pb_slide heading=\u00a0\u00bbAnomalie\u00a0\u00bb image=\u00a0\u00bbhttp:\/\/isn-renaudeau.fr\/dnmade\/wp-content\/uploads\/2020\/12\/thtyjut.png\u00a0\u00bb _builder_version=\u00a0\u00bb4.6.1&Prime; _module_preset=\u00a0\u00bbdefault\u00a0\u00bb background_color=\u00a0\u00bb#ffffff\u00a0\u00bb background_enable_color=\u00a0\u00bbon\u00a0\u00bb background_layout=\u00a0\u00bblight\u00a0\u00bb sticky_transition=\u00a0\u00bbon\u00a0\u00bb]<\/p>\n<p><span style=\"font-weight: 400;\">De l\u2019int\u00e9rieur vers l&rsquo;ext\u00e9rieur :<\/span><\/p>\n<p><span style=\"font-weight: 400;\">Il existe des centaines d\u2019irr\u00e9gularit\u00e9s pr\u00e9sentes dans un serveur informatique et quand celles-ci se d\u00e9clarent, c\u2019est le syst\u00e8me entier qui ne fonctionne plus. Elles se mat\u00e9rialisent par le glitch symbole du bug. Les \u00e9crans sont brouill\u00e9s, reflet d\u2019un dysfonctionnement interne. Tout cela est visible rendant une approche plus simple, la machine peut \u00eatre r\u00e9par\u00e9e pour \u00e0 nouveau fonctionner.<\/span><\/p>\n<p>&nbsp;<\/p>\n<p><span style=\"font-weight: 400;\">Mais il existe certaines anomalies qui restent invisibles, celles du cerveau humain. Les maladies type alzheimer, schizophr\u00e9nie, bipolarit\u00e9,&#8230; marquent une diff\u00e9rence entre l&rsquo;aspect psychologique et physique. La diff\u00e9rence ne se voit pas, elle est int\u00e9rieure. Il faut donc se forcer \u00e0 rentrer dans le cadre de la soci\u00e9t\u00e9, qui impose une certaine normalit\u00e9. Mais la maladie qui est pr\u00e9sente impacte moralement, physiquement, et d\u00e9soriente. Les personnes atteintes sont vues comme des personnes dites normales. Mais int\u00e9rieurement il y a un dysfonctionnement qui les emp\u00eache de s\u2019exprimer. A la mani\u00e8re d\u2019un bug, il y a un moment o\u00f9 tout ce qui est contenu doit ressortir pour exploser et soulager l\u2019individu.\u00a0<\/span><\/p>\n<p><span style=\"font-weight: 400;\">Par le v\u00eatement, l&rsquo;acc\u00e8s \u00e0 l&rsquo;expression est possible avec\u00a0 la cr\u00e9ation d\u2019une diff\u00e9rence qui ressort, qui se voit. Enfin la diff\u00e9rence est r\u00e9v\u00e9l\u00e9e au grand jour.<\/span><\/p>\n<p>&nbsp;<\/p>\n<p><span style=\"font-weight: 400;\">L\u2019anomalie nous rend unique, nous diff\u00e9rencie. Notre bug peut devenir notre force en envahissant l\u2019espace connu. On cherche \u00e0 repr\u00e9senter cette anomalie comme quelque chose de cach\u00e9, qui progresse petit \u00e0 petit. Puis, \u00e9clate au grand jour tel un virus ou un bug informatique, le bleu comme rappel de ce motif caract\u00e9ristique. Le dysfonctionnement envahit et se propage dans l\u2019espace.\u00a0<\/span><\/p>\n<p><span style=\"font-weight: 400;\">Une ambivalence est cr\u00e9\u00e9e entre le \u00abnaturel\u00bb qui s\u2019\u00e9tend et \u00abl\u2019artificiel\u00bb des mati\u00e8res : fil nylon et objet d\u2019impression 3D en PLA et PP. L\u2019anomalie se d\u00e9place peu \u00e0 peu jusqu\u2019\u00e0 se r\u00e9pandre sur toutes sortes de surfaces inh\u00e9rentes \u00e0 notre v\u00eatement qui laisse sortir l\u2019anomalie jusqu\u2019alors enferm\u00e9e. Montrant au grand jour l\u2019anomalie afin de la faire accepter aux yeux de tous. Ainsi les regards ne seront pas port\u00e9s sur soi car on est diff\u00e9rents ou malade mais sur le v\u00eatement devenu anomalie. Cette r\u00e9v\u00e9lation permet de mettre au centre l\u2019anormal tout en \u00e9cartant du centre de l\u2019attention l\u2019individu atteint.\u00a0<\/span><\/p>\n<p><span style=\"font-weight: 400;\">interf\u00e9rence &#8211; bug &#8211; hors normes &#8211; explosion &#8211; r\u00e9v\u00e9lation &#8211; al\u00e9atoire &#8211; envahir l\u2019espace<\/span><\/p>\n<p>[\/et_pb_slide][et_pb_slide heading=\u00a0\u00bbAnomalie\u00a0\u00bb image=\u00a0\u00bbhttp:\/\/isn-renaudeau.fr\/dnmade\/wp-content\/uploads\/2020\/12\/fdrb.png\u00a0\u00bb _builder_version=\u00a0\u00bb4.6.1&Prime; _module_preset=\u00a0\u00bbdefault\u00a0\u00bb background_color=\u00a0\u00bb#ffffff\u00a0\u00bb background_enable_color=\u00a0\u00bbon\u00a0\u00bb sticky_transition=\u00a0\u00bbon\u00a0\u00bb]<\/p>\n<p><span style=\"color: #333333;\">Transfomer le beau<\/span><\/p>\n<p>[\/et_pb_slide][et_pb_slide heading=\u00a0\u00bbAnomalie\u00a0\u00bb image=\u00a0\u00bbhttp:\/\/isn-renaudeau.fr\/dnmade\/wp-content\/uploads\/2020\/12\/nd.png\u00a0\u00bb _builder_version=\u00a0\u00bb4.6.1&Prime; _module_preset=\u00a0\u00bbdefault\u00a0\u00bb background_color=\u00a0\u00bb#ffffff\u00a0\u00bb background_enable_color=\u00a0\u00bbon\u00a0\u00bb sticky_transition=\u00a0\u00bbon\u00a0\u00bb]<\/p>\n<p><span style=\"color: #333333;\">Ce qui s&rsquo;\u00e9carte de la norme, de la r\u00e9gularit\u00e9, de la r\u00e8gle.<\/span><\/p>\n<p>[\/et_pb_slide][et_pb_slide heading=\u00a0\u00bbAnomalie\u00a0\u00bb image=\u00a0\u00bbhttp:\/\/isn-renaudeau.fr\/dnmade\/wp-content\/uploads\/2020\/12\/tyn.png\u00a0\u00bb _builder_version=\u00a0\u00bb4.6.1&Prime; _module_preset=\u00a0\u00bbdefault\u00a0\u00bb background_color=\u00a0\u00bb#ffffff\u00a0\u00bb background_enable_color=\u00a0\u00bbon\u00a0\u00bb sticky_transition=\u00a0\u00bbon\u00a0\u00bb][\/et_pb_slide][\/et_pb_slider][et_pb_divider color=\u00a0\u00bb#000000&Prime; divider_style=\u00a0\u00bbdotted\u00a0\u00bb _builder_version=\u00a0\u00bb4.6.1&Prime; _module_preset=\u00a0\u00bbdefault\u00a0\u00bb][\/et_pb_divider][et_pb_slider _builder_version=\u00a0\u00bb4.6.1&Prime; _module_preset=\u00a0\u00bbdefault\u00a0\u00bb][et_pb_slide heading=\u00a0\u00bbMini Textiles\u00a0\u00bb image=\u00a0\u00bbhttp:\/\/isn-renaudeau.fr\/dnmade\/wp-content\/uploads\/2020\/12\/IMG_0773-rotated.jpg\u00a0\u00bb _builder_version=\u00a0\u00bb4.6.1&Prime; _module_preset=\u00a0\u00bbdefault\u00a0\u00bb background_color=\u00a0\u00bb#ffffff\u00a0\u00bb background_enable_color=\u00a0\u00bbon\u00a0\u00bb background_layout=\u00a0\u00bblight\u00a0\u00bb sticky_transition=\u00a0\u00bbon\u00a0\u00bb]<\/p>\n<p>Le th\u00e8me \u00abmesure-d\u00e9mesure\u00bb se rapportait \u00e0 mon go\u00fbt \u00e0 l\u2019id\u00e9e de taille, de fragilit\u00e9 et d\u2019espace. J\u2019ai choisi de m\u2019inspirer du conte \u00abAlice au pays des merveilles\u00bb invent\u00e9 par Lewis Caroll, de part l\u2019histoire elle-m\u00eame (le fait qu\u2019Alice raptisse puis grandisse et vice versa) mais particuli\u00e8rement par une sc\u00e8ne o\u00f9 elle se retrouve au centre d\u2019un parterre de fleurs qui l\u2019entoure et la rend vuln\u00e9rable, tout en cr\u00e9ant cette \u00absph\u00e8re\u00bb, ce monde dans lequel elle se retrouve prisonni\u00e8re.<br \/> Je me suis inspir\u00e9e surtout de Laurence Aguerre de part ses fleurs l\u00e9g\u00e8res et sur\u00e9lev\u00e9es en fils, dans des tons pastels, contrastant avec la multitude de couleurs (souvent froides) pr\u00e9sentent dans l\u2019univers d\u2019Alice (bleu, violet, rose etc&#8230;)<br \/> La silhouette d\u2019Alice en fil de fer bronze a d\u2019ailleurs \u00e9t\u00e9 calcul\u00e9e pour \u00eatre presque insignifiante, se fondant dans le d\u00e9cor, de fa\u00e7on \u00e0 ce que le spectateur se rapproche de l\u2019oeuvre pour l\u2019apercevoir. Les fils formant la sph\u00e8re s\u2019entrem\u00ealent et cr\u00e9\u00e9s une sorte de cage enchant\u00e9e, bers\u00e9e par le raffinement et la d\u00e9licatesse des fleurs faites de fils fins tout en apportant une certaine douceur \u00e0 l\u2019oeuvre dans sa globalit\u00e9.<\/p>\n<p>[\/et_pb_slide][et_pb_slide image=\u00a0\u00bbhttp:\/\/isn-renaudeau.fr\/dnmade\/wp-content\/uploads\/2020\/12\/IMG_0760.jpg\u00a0\u00bb _builder_version=\u00a0\u00bb4.6.1&Prime; _module_preset=\u00a0\u00bbdefault\u00a0\u00bb background_color=\u00a0\u00bb#ffffff\u00a0\u00bb background_enable_color=\u00a0\u00bbon\u00a0\u00bb sticky_transition=\u00a0\u00bbon\u00a0\u00bb]<\/p>\n<p>ings.<\/p>\n<p>[\/et_pb_slide][et_pb_slide image=\u00a0\u00bbhttp:\/\/isn-renaudeau.fr\/dnmade\/wp-content\/uploads\/2020\/12\/IMG_0774-rotated.jpg\u00a0\u00bb _builder_version=\u00a0\u00bb4.6.1&Prime; _module_preset=\u00a0\u00bbdefault\u00a0\u00bb background_color=\u00a0\u00bb#ffffff\u00a0\u00bb background_enable_color=\u00a0\u00bbon\u00a0\u00bb sticky_transition=\u00a0\u00bbon\u00a0\u00bb][\/et_pb_slide][\/et_pb_slider][et_pb_divider color=\u00a0\u00bb#000000&Prime; divider_style=\u00a0\u00bbdotted\u00a0\u00bb _builder_version=\u00a0\u00bb4.6.1&Prime; _module_preset=\u00a0\u00bbdefault\u00a0\u00bb][\/et_pb_divider][\/et_pb_column][\/et_pb_row][\/et_pb_section]<\/p>\n","protected":false},"excerpt":{"rendered":"<p>[et_pb_section fb_built=\u00a0\u00bb1&Prime; _builder_version=\u00a0\u00bb4.6.1&Prime; _module_preset=\u00a0\u00bbdefault\u00a0\u00bb custom_padding=\u00a0\u00bb||0px|||\u00a0\u00bb][et_pb_row _builder_version=\u00a0\u00bb4.6.1&Prime; _module_preset=\u00a0\u00bbdefault\u00a0\u00bb min_height=\u00a0\u00bb156px\u00a0\u00bb custom_margin=\u00a0\u00bb|auto|-41px|auto||\u00a0\u00bb custom_padding=\u00a0\u00bb6px||6px||true|\u00a0\u00bb][et_pb_column type=\u00a0\u00bb4_4&Prime; _builder_version=\u00a0\u00bb4.6.1&Prime; _module_preset=\u00a0\u00bbdefault\u00a0\u00bb][et_pb_text _builder_version=\u00a0\u00bb4.6.1&Prime; _module_preset=\u00a0\u00bbdefault\u00a0\u00bb text_font=\u00a0\u00bbAbhaya Libre|800|||||||\u00a0\u00bb text_text_color=\u00a0\u00bb#000000&Prime; text_font_size=\u00a0\u00bb94px\u00a0\u00bb background_color=\u00a0\u00bb#2b2b2b\u00a0\u00bb text_orientation=\u00a0\u00bbcenter\u00a0\u00bb] BOOK [\/et_pb_text][\/et_pb_column][\/et_pb_row][et_pb_row column_structure=\u00a0\u00bb1_2,1_2&Prime; _builder_version=\u00a0\u00bb4.6.1&Prime; _module_preset=\u00a0\u00bbdefault\u00a0\u00bb][et_pb_column type=\u00a0\u00bb1_2&Prime; _builder_version=\u00a0\u00bb4.6.1&Prime; _module_preset=\u00a0\u00bbdefault\u00a0\u00bb][et_pb_slider _builder_version=\u00a0\u00bb4.6.1&Prime; _module_preset=\u00a0\u00bbdefault\u00a0\u00bb][et_pb_slide heading=\u00a0\u00bbParure\u00a0\u00bb image=\u00a0\u00bbhttp:\/\/isn-renaudeau.fr\/dnmade\/wp-content\/uploads\/2020\/12\/DSC_0976-scaled.jpg\u00a0\u00bb _builder_version=\u00a0\u00bb4.6.1&Prime; _module_preset=\u00a0\u00bbdefault\u00a0\u00bb header_font=\u00a0\u00bb||||||||\u00a0\u00bb header_font_size=\u00a0\u00bb50px\u00a0\u00bb header_letter_spacing=\u00a0\u00bb16px\u00a0\u00bb background_color=\u00a0\u00bb#ffffff\u00a0\u00bb background_enable_color=\u00a0\u00bbon\u00a0\u00bb background_layout=\u00a0\u00bblight\u00a0\u00bb sticky_transition=\u00a0\u00bbon\u00a0\u00bb] La parure recouvre, cache, ajoute ou embellit. Ici, inspir\u00e9e des mille et une [&hellip;]<\/p>\n","protected":false},"author":15,"featured_media":0,"parent":0,"menu_order":0,"comment_status":"closed","ping_status":"closed","template":"","meta":{"_et_pb_use_builder":"on","_et_pb_old_content":"","_et_gb_content_width":""},"_links":{"self":[{"href":"https:\/\/isn-renaudeau.fr\/dnmade\/index.php\/wp-json\/wp\/v2\/pages\/326"}],"collection":[{"href":"https:\/\/isn-renaudeau.fr\/dnmade\/index.php\/wp-json\/wp\/v2\/pages"}],"about":[{"href":"https:\/\/isn-renaudeau.fr\/dnmade\/index.php\/wp-json\/wp\/v2\/types\/page"}],"author":[{"embeddable":true,"href":"https:\/\/isn-renaudeau.fr\/dnmade\/index.php\/wp-json\/wp\/v2\/users\/15"}],"replies":[{"embeddable":true,"href":"https:\/\/isn-renaudeau.fr\/dnmade\/index.php\/wp-json\/wp\/v2\/comments?post=326"}],"version-history":[{"count":13,"href":"https:\/\/isn-renaudeau.fr\/dnmade\/index.php\/wp-json\/wp\/v2\/pages\/326\/revisions"}],"predecessor-version":[{"id":4134,"href":"https:\/\/isn-renaudeau.fr\/dnmade\/index.php\/wp-json\/wp\/v2\/pages\/326\/revisions\/4134"}],"wp:attachment":[{"href":"https:\/\/isn-renaudeau.fr\/dnmade\/index.php\/wp-json\/wp\/v2\/media?parent=326"}],"curies":[{"name":"wp","href":"https:\/\/api.w.org\/{rel}","templated":true}]}}