{"id":2661,"date":"2020-12-07T23:59:05","date_gmt":"2020-12-07T22:59:05","guid":{"rendered":"http:\/\/isn-renaudeau.fr\/dnmade\/?page_id=2661"},"modified":"2020-12-13T23:37:25","modified_gmt":"2020-12-13T22:37:25","slug":"book-j-j","status":"publish","type":"page","link":"https:\/\/isn-renaudeau.fr\/dnmade\/index.php\/book-j-j\/","title":{"rendered":"Book J.J."},"content":{"rendered":"<p>[et_pb_section fb_built=\u00a0\u00bb1&Prime; _builder_version=\u00a0\u00bb4.6.1&Prime; _module_preset=\u00a0\u00bbdefault\u00a0\u00bb][et_pb_row column_structure=\u00a0\u00bb1_3,1_3,1_3&Prime; _builder_version=\u00a0\u00bb4.6.1&Prime; _module_preset=\u00a0\u00bbdefault\u00a0\u00bb background_color=\u00a0\u00bbrgba(0,0,0,0)\u00a0\u00bb background_image=\u00a0\u00bbhttp:\/\/isn-renaudeau.fr\/dnmade\/wp-content\/uploads\/2020\/12\/IMG_54791-1.jpg\u00a0\u00bb][et_pb_column type=\u00a0\u00bb1_3&Prime; _builder_version=\u00a0\u00bb4.6.1&Prime; _module_preset=\u00a0\u00bbdefault\u00a0\u00bb][et_pb_text _builder_version=\u00a0\u00bb4.6.1&Prime; _module_preset=\u00a0\u00bbdefault\u00a0\u00bb text_font=\u00a0\u00bbAmiko||||||||\u00a0\u00bb text_text_color=\u00a0\u00bb#a5081d\u00a0\u00bb text_font_size=\u00a0\u00bb40px\u00a0\u00bb width=\u00a0\u00bb24.5%\u00a0\u00bb min_height=\u00a0\u00bb79px\u00a0\u00bb custom_margin=\u00a0\u00bb-9px|50px|-9px|310px|true|false\u00a0\u00bb custom_padding=\u00a0\u00bb19px|||12px||\u00a0\u00bb link_option_url=\u00a0\u00bbhttp:\/\/isn-renaudeau.fr\/dnmade\/index.php\/170-2\/\u00a0\u00bb]<i class=\" icon-home\"><\/i> [\/et_pb_text][\/et_pb_column][et_pb_column type=\u00a0\u00bb1_3&Prime; _builder_version=\u00a0\u00bb4.6.1&Prime; _module_preset=\u00a0\u00bbdefault\u00a0\u00bb][et_pb_text _builder_version=\u00a0\u00bb4.6.1&Prime; _module_preset=\u00a0\u00bbdefault\u00a0\u00bb text_font=\u00a0\u00bbAmiko||||||||\u00a0\u00bb text_text_color=\u00a0\u00bb#a5081d\u00a0\u00bb text_font_size=\u00a0\u00bb36px\u00a0\u00bb min_height=\u00a0\u00bb27px\u00a0\u00bb custom_margin=\u00a0\u00bb17px|70px|17px||true|\u00a0\u00bb custom_padding=\u00a0\u00bb4px||6px|121px||\u00a0\u00bb link_option_url=\u00a0\u00bbhttp:\/\/isn-renaudeau.fr\/dnmade\/index.php\/cv-j-j\/\u00a0\u00bb]<\/p>\n<p>CV<\/p>\n<p>[\/et_pb_text][\/et_pb_column][et_pb_column type=\u00a0\u00bb1_3&Prime; _builder_version=\u00a0\u00bb4.6.1&Prime; _module_preset=\u00a0\u00bbdefault\u00a0\u00bb][et_pb_text _builder_version=\u00a0\u00bb4.6.1&Prime; _module_preset=\u00a0\u00bbdefault\u00a0\u00bb text_font=\u00a0\u00bbAmiko||||||||\u00a0\u00bb text_text_color=\u00a0\u00bb#a5081d\u00a0\u00bb text_font_size=\u00a0\u00bb35px\u00a0\u00bb width=\u00a0\u00bb100%\u00a0\u00bb min_height=\u00a0\u00bb37px\u00a0\u00bb custom_margin=\u00a0\u00bb15px||15px|-118px|true|\u00a0\u00bb custom_padding=\u00a0\u00bb4px|||0px||\u00a0\u00bb link_option_url=\u00a0\u00bbhttp:\/\/isn-renaudeau.fr\/dnmade\/?page_id=2661&Prime;]<\/p>\n<p>Book<\/p>\n<p>[\/et_pb_text][\/et_pb_column][\/et_pb_row][et_pb_row column_structure=\u00a0\u00bb2_3,1_3&Prime; _builder_version=\u00a0\u00bb4.6.1&Prime; _module_preset=\u00a0\u00bbdefault\u00a0\u00bb][et_pb_column type=\u00a0\u00bb2_3&Prime; _builder_version=\u00a0\u00bb4.6.1&Prime; _module_preset=\u00a0\u00bbdefault\u00a0\u00bb][et_pb_slider _builder_version=\u00a0\u00bb4.6.1&Prime; _module_preset=\u00a0\u00bbdefault\u00a0\u00bb background_color=\u00a0\u00bb#ffc700&Prime; background_enable_image=\u00a0\u00bboff\u00a0\u00bb hover_enabled=\u00a0\u00bb0&Prime; sticky_enabled=\u00a0\u00bb0&Prime;][et_pb_slide heading=\u00a0\u00bbGalerie Graphique\u00a0\u00bb button_text=\u00a0\u00bbVoir le projet ?\u00a0\u00bb button_link=\u00a0\u00bbhttp:\/\/isn-renaudeau.fr\/dnmade\/index.php\/2020\/12\/08\/4107\/\u00a0\u00bb image=\u00a0\u00bbhttp:\/\/isn-renaudeau.fr\/dnmade\/wp-content\/uploads\/2020\/12\/20201117_130803-2.jpg\u00a0\u00bb _builder_version=\u00a0\u00bb4.6.1&Prime; _module_preset=\u00a0\u00bbdefault\u00a0\u00bb header_font=\u00a0\u00bbAmiko||||||||\u00a0\u00bb body_font=\u00a0\u00bbAmiko||||||||\u00a0\u00bb background_color=\u00a0\u00bbrgba(165,0,11,0.31)\u00a0\u00bb background_enable_color=\u00a0\u00bbon\u00a0\u00bb custom_button=\u00a0\u00bbon\u00a0\u00bb button_border_radius=\u00a0\u00bb100px\u00a0\u00bb button_font=\u00a0\u00bbAmiko||||||||\u00a0\u00bb button_use_icon=\u00a0\u00bbon\u00a0\u00bb button_icon=\u00a0\u00bb%%147%%\u00a0\u00bb sticky_transition=\u00a0\u00bbon\u00a0\u00bb]<\/p>\n<p><i class=\" icon-pencil\"><\/i> Le dessin et la peinture sont pour moi des moyens de me ressourcer et d\u00e9velopper mon univers&#8230;<\/p>\n<p>[\/et_pb_slide][et_pb_slide heading=\u00a0\u00bbThyeste\u00a0\u00bb button_text=\u00a0\u00bbVoir le projet ?\u00a0\u00bb button_link=\u00a0\u00bbhttp:\/\/isn-renaudeau.fr\/dnmade\/index.php\/2020\/12\/13\/thyeste\/\u00a0\u00bb image=\u00a0\u00bbhttp:\/\/isn-renaudeau.fr\/dnmade\/wp-content\/uploads\/2020\/12\/Screenshot_2019-03-01-18-46-46-2-1.jpg\u00a0\u00bb _builder_version=\u00a0\u00bb4.6.1&Prime; _module_preset=\u00a0\u00bbdefault\u00a0\u00bb header_font=\u00a0\u00bbAmiko||||||||\u00a0\u00bb header_text_color=\u00a0\u00bb#242424&Prime; body_font=\u00a0\u00bbAmiko||||||||\u00a0\u00bb body_text_color=\u00a0\u00bb#242424&Prime; custom_button=\u00a0\u00bbon\u00a0\u00bb button_text_color=\u00a0\u00bb#242424&Prime; button_border_radius=\u00a0\u00bb49px\u00a0\u00bb button_letter_spacing=\u00a0\u00bb0px\u00a0\u00bb button_font=\u00a0\u00bbAmiko||||||||\u00a0\u00bb button_use_icon=\u00a0\u00bbon\u00a0\u00bb button_icon=\u00a0\u00bb%%147%%\u00a0\u00bb button_icon_placement=\u00a0\u00bbright\u00a0\u00bb button_alignment=\u00a0\u00bbleft\u00a0\u00bb width=\u00a0\u00bb100%\u00a0\u00bb max_width=\u00a0\u00bb95%\u00a0\u00bb sticky_transition=\u00a0\u00bbon\u00a0\u00bb]<\/p>\n<p>Ce projet est parti d&rsquo;une rencontre pour une pi\u00e8ce de th\u00e9\u00e2tre, pour aboutir \u00e0 un projet de photographie de Mode&#8230;<\/p>\n<p>[\/et_pb_slide][et_pb_slide heading=\u00a0\u00bbUp cycling\u00a0\u00bb button_text=\u00a0\u00bbVoir le projet ?\u00a0\u00bb _builder_version=\u00a0\u00bb4.6.1&Prime; _module_preset=\u00a0\u00bbdefault\u00a0\u00bb title_text=\u00a0\u00bb20190213_145520 (2)\u00a0\u00bb image=\u00a0\u00bbhttp:\/\/isn-renaudeau.fr\/dnmade\/wp-content\/uploads\/2020\/12\/20190213_145520-2.jpg\u00a0\u00bb background_color=\u00a0\u00bbrgba(185,219,92,0.83)\u00a0\u00bb background_enable_color=\u00a0\u00bbon\u00a0\u00bb header_font=\u00a0\u00bbAmiko||||||||\u00a0\u00bb body_font=\u00a0\u00bbAmiko||||||||\u00a0\u00bb custom_button=\u00a0\u00bbon\u00a0\u00bb button_border_radius=\u00a0\u00bb100px\u00a0\u00bb button_font=\u00a0\u00bbAmiko||||||||\u00a0\u00bb button_icon=\u00a0\u00bb%%147%%\u00a0\u00bb hover_enabled=\u00a0\u00bb0&Prime; sticky_enabled=\u00a0\u00bb0&Prime; button_link=\u00a0\u00bbhttp:\/\/isn-renaudeau.fr\/dnmade\/?p=6359&Prime;]<\/p>\n<p>L&rsquo;industrie textile \u00e9tant l&rsquo;une des plus polluante, la upcycling est, selon moi, un choix \u00e9thique important en plus du moindre co\u00fbt. C&rsquo;est pour cela que j&rsquo;ai toujours collect\u00e9 toutes sortes de tissu pour mes projets personnels.<\/p>\n<p>[\/et_pb_slide][\/et_pb_slider][\/et_pb_column][et_pb_column type=\u00a0\u00bb1_3&Prime; _builder_version=\u00a0\u00bb4.6.1&Prime; _module_preset=\u00a0\u00bbdefault\u00a0\u00bb][et_pb_text _builder_version=\u00a0\u00bb4.6.1&Prime; _module_preset=\u00a0\u00bbdefault\u00a0\u00bb text_font=\u00a0\u00bbAmiko||||||||\u00a0\u00bb text_text_color=\u00a0\u00bb#242424&Prime; min_height=\u00a0\u00bb301px\u00a0\u00bb custom_margin=\u00a0\u00bb||-3px|||\u00a0\u00bb custom_padding=\u00a0\u00bb|0px|0px|||\u00a0\u00bb]<\/p>\n<p>Voici un s\u00e9lection des diff\u00e9rents projets que j&rsquo;ai pu mener.<\/p>\n<p>Vous pouvez retrouver des projets de mode r\u00e9cent comme des peintures ou projets divers plus anciens.<\/p>\n<p>Ce book reste en expansion de mes futurs projets et diff\u00e9rentes activit\u00e9s que je pourrais mener.<\/p>\n<p>Je vous invite \u00e0 venir les d\u00e9couvrir en choisissant un projet\u00a0 \u00e0 droite ou cliquez en dessous pour un sommaire de tous les projets!<\/p>\n<p>&nbsp;<\/p>\n<p>[\/et_pb_text][et_pb_button button_url=\u00a0\u00bbhttp:\/\/isn-renaudeau.fr\/dnmade\/?page_id=5808&Prime; button_text=\u00a0\u00bbSommaire\u00a0\u00bb button_alignment=\u00a0\u00bbright\u00a0\u00bb _builder_version=\u00a0\u00bb4.6.1&Prime; _module_preset=\u00a0\u00bbdefault\u00a0\u00bb custom_button=\u00a0\u00bbon\u00a0\u00bb button_text_color=\u00a0\u00bb#a5081d\u00a0\u00bb button_border_radius=\u00a0\u00bb100px\u00a0\u00bb button_icon=\u00a0\u00bb%%360%%\u00a0\u00bb][\/et_pb_button][\/et_pb_column][\/et_pb_row][et_pb_row _builder_version=\u00a0\u00bb4.6.1&Prime; _module_preset=\u00a0\u00bbdefault\u00a0\u00bb][et_pb_column type=\u00a0\u00bb4_4&Prime; _builder_version=\u00a0\u00bb4.6.1&Prime; _module_preset=\u00a0\u00bbdefault\u00a0\u00bb][et_pb_button button_url=\u00a0\u00bbhttp:\/\/isn-renaudeau.fr\/dnmade\/index.php\/cv-j-j\/\u00a0\u00bb button_text=\u00a0\u00bbCV\u00a0\u00bb button_alignment=\u00a0\u00bbleft\u00a0\u00bb _builder_version=\u00a0\u00bb4.6.1&Prime; _module_preset=\u00a0\u00bbdefault\u00a0\u00bb custom_button=\u00a0\u00bbon\u00a0\u00bb button_text_size=\u00a0\u00bb24px\u00a0\u00bb button_text_color=\u00a0\u00bb#a5081d\u00a0\u00bb button_border_width=\u00a0\u00bb2px\u00a0\u00bb button_border_radius=\u00a0\u00bb46px\u00a0\u00bb button_letter_spacing=\u00a0\u00bb0px\u00a0\u00bb button_font=\u00a0\u00bbAmiko||||||||\u00a0\u00bb button_icon=\u00a0\u00bb%%148%%\u00a0\u00bb custom_margin=\u00a0\u00bb17px|||17px|false|false\u00a0\u00bb custom_padding=\u00a0\u00bb8px|||||\u00a0\u00bb filter_brightness=\u00a0\u00bb88%\u00a0\u00bb global_module=\u00a0\u00bb3439&Prime; saved_tabs=\u00a0\u00bball\u00a0\u00bb][\/et_pb_button][\/et_pb_column][\/et_pb_row][\/et_pb_section]<\/p>\n","protected":false},"excerpt":{"rendered":"<p>[et_pb_section fb_built=\u00a0\u00bb1&Prime; _builder_version=\u00a0\u00bb4.6.1&Prime; _module_preset=\u00a0\u00bbdefault\u00a0\u00bb][et_pb_row column_structure=\u00a0\u00bb1_3,1_3,1_3&Prime; _builder_version=\u00a0\u00bb4.6.1&Prime; _module_preset=\u00a0\u00bbdefault\u00a0\u00bb background_color=\u00a0\u00bbrgba(0,0,0,0)\u00a0\u00bb background_image=\u00a0\u00bbhttp:\/\/isn-renaudeau.fr\/dnmade\/wp-content\/uploads\/2020\/12\/IMG_54791-1.jpg\u00a0\u00bb][et_pb_column type=\u00a0\u00bb1_3&Prime; _builder_version=\u00a0\u00bb4.6.1&Prime; _module_preset=\u00a0\u00bbdefault\u00a0\u00bb][et_pb_text _builder_version=\u00a0\u00bb4.6.1&Prime; _module_preset=\u00a0\u00bbdefault\u00a0\u00bb text_font=\u00a0\u00bbAmiko||||||||\u00a0\u00bb text_text_color=\u00a0\u00bb#a5081d\u00a0\u00bb text_font_size=\u00a0\u00bb40px\u00a0\u00bb width=\u00a0\u00bb24.5%\u00a0\u00bb min_height=\u00a0\u00bb79px\u00a0\u00bb custom_margin=\u00a0\u00bb-9px|50px|-9px|310px|true|false\u00a0\u00bb custom_padding=\u00a0\u00bb19px|||12px||\u00a0\u00bb link_option_url=\u00a0\u00bbhttp:\/\/isn-renaudeau.fr\/dnmade\/index.php\/170-2\/\u00a0\u00bb] [\/et_pb_text][\/et_pb_column][et_pb_column type=\u00a0\u00bb1_3&Prime; _builder_version=\u00a0\u00bb4.6.1&Prime; _module_preset=\u00a0\u00bbdefault\u00a0\u00bb][et_pb_text _builder_version=\u00a0\u00bb4.6.1&Prime; _module_preset=\u00a0\u00bbdefault\u00a0\u00bb text_font=\u00a0\u00bbAmiko||||||||\u00a0\u00bb text_text_color=\u00a0\u00bb#a5081d\u00a0\u00bb text_font_size=\u00a0\u00bb36px\u00a0\u00bb min_height=\u00a0\u00bb27px\u00a0\u00bb custom_margin=\u00a0\u00bb17px|70px|17px||true|\u00a0\u00bb custom_padding=\u00a0\u00bb4px||6px|121px||\u00a0\u00bb link_option_url=\u00a0\u00bbhttp:\/\/isn-renaudeau.fr\/dnmade\/index.php\/cv-j-j\/\u00a0\u00bb] CV [\/et_pb_text][\/et_pb_column][et_pb_column type=\u00a0\u00bb1_3&Prime; _builder_version=\u00a0\u00bb4.6.1&Prime; _module_preset=\u00a0\u00bbdefault\u00a0\u00bb][et_pb_text _builder_version=\u00a0\u00bb4.6.1&Prime; _module_preset=\u00a0\u00bbdefault\u00a0\u00bb text_font=\u00a0\u00bbAmiko||||||||\u00a0\u00bb text_text_color=\u00a0\u00bb#a5081d\u00a0\u00bb text_font_size=\u00a0\u00bb35px\u00a0\u00bb width=\u00a0\u00bb100%\u00a0\u00bb min_height=\u00a0\u00bb37px\u00a0\u00bb custom_margin=\u00a0\u00bb15px||15px|-118px|true|\u00a0\u00bb custom_padding=\u00a0\u00bb4px|||0px||\u00a0\u00bb link_option_url=\u00a0\u00bbhttp:\/\/isn-renaudeau.fr\/dnmade\/?page_id=2661&Prime;] Book [\/et_pb_text][\/et_pb_column][\/et_pb_row][et_pb_row column_structure=\u00a0\u00bb2_3,1_3&Prime; _builder_version=\u00a0\u00bb4.6.1&Prime; _module_preset=\u00a0\u00bbdefault\u00a0\u00bb][et_pb_column [&hellip;]<\/p>\n","protected":false},"author":26,"featured_media":0,"parent":0,"menu_order":0,"comment_status":"closed","ping_status":"closed","template":"","meta":{"_et_pb_use_builder":"on","_et_pb_old_content":"","_et_gb_content_width":""},"_links":{"self":[{"href":"https:\/\/isn-renaudeau.fr\/dnmade\/index.php\/wp-json\/wp\/v2\/pages\/2661"}],"collection":[{"href":"https:\/\/isn-renaudeau.fr\/dnmade\/index.php\/wp-json\/wp\/v2\/pages"}],"about":[{"href":"https:\/\/isn-renaudeau.fr\/dnmade\/index.php\/wp-json\/wp\/v2\/types\/page"}],"author":[{"embeddable":true,"href":"https:\/\/isn-renaudeau.fr\/dnmade\/index.php\/wp-json\/wp\/v2\/users\/26"}],"replies":[{"embeddable":true,"href":"https:\/\/isn-renaudeau.fr\/dnmade\/index.php\/wp-json\/wp\/v2\/comments?post=2661"}],"version-history":[{"count":23,"href":"https:\/\/isn-renaudeau.fr\/dnmade\/index.php\/wp-json\/wp\/v2\/pages\/2661\/revisions"}],"predecessor-version":[{"id":8820,"href":"https:\/\/isn-renaudeau.fr\/dnmade\/index.php\/wp-json\/wp\/v2\/pages\/2661\/revisions\/8820"}],"wp:attachment":[{"href":"https:\/\/isn-renaudeau.fr\/dnmade\/index.php\/wp-json\/wp\/v2\/media?parent=2661"}],"curies":[{"name":"wp","href":"https:\/\/api.w.org\/{rel}","templated":true}]}}