{"id":2585,"date":"2020-12-07T20:08:51","date_gmt":"2020-12-07T19:08:51","guid":{"rendered":"http:\/\/isn-renaudeau.fr\/dnmade\/?page_id=2585"},"modified":"2020-12-13T18:31:41","modified_gmt":"2020-12-13T17:31:41","slug":"cv-j-j","status":"publish","type":"page","link":"https:\/\/isn-renaudeau.fr\/dnmade\/index.php\/cv-j-j\/","title":{"rendered":"CV J.J."},"content":{"rendered":"<p>[et_pb_section fb_built=\u00a0\u00bb1&Prime; _builder_version=\u00a0\u00bb4.6.1&Prime; _module_preset=\u00a0\u00bbdefault\u00a0\u00bb][et_pb_row column_structure=\u00a0\u00bb1_3,1_3,1_3&Prime; _builder_version=\u00a0\u00bb4.6.1&Prime; _module_preset=\u00a0\u00bbdefault\u00a0\u00bb background_color=\u00a0\u00bbrgba(0,0,0,0)\u00a0\u00bb background_image=\u00a0\u00bbhttp:\/\/isn-renaudeau.fr\/dnmade\/wp-content\/uploads\/2020\/12\/IMG_54791-2.jpg\u00a0\u00bb background_position=\u00a0\u00bbcenter_right\u00a0\u00bb width=\u00a0\u00bb100%\u00a0\u00bb global_module=\u00a0\u00bb3464&Prime; saved_tabs=\u00a0\u00bball\u00a0\u00bb][et_pb_column type=\u00a0\u00bb1_3&Prime; _builder_version=\u00a0\u00bb4.6.1&Prime; _module_preset=\u00a0\u00bbdefault\u00a0\u00bb][et_pb_text _builder_version=\u00a0\u00bb4.6.1&Prime; _module_preset=\u00a0\u00bbdefault\u00a0\u00bb text_font=\u00a0\u00bbAmiko||||||||\u00a0\u00bb text_text_color=\u00a0\u00bb#a5081d\u00a0\u00bb text_font_size=\u00a0\u00bb40px\u00a0\u00bb width=\u00a0\u00bb24.5%\u00a0\u00bb min_height=\u00a0\u00bb79px\u00a0\u00bb custom_margin=\u00a0\u00bb-9px|50px|-9px|310px|true|false\u00a0\u00bb custom_padding=\u00a0\u00bb19px|||12px||\u00a0\u00bb link_option_url=\u00a0\u00bbhttp:\/\/isn-renaudeau.fr\/dnmade\/index.php\/170-2\/\u00a0\u00bb]<i class=\" icon-home\"><\/i> [\/et_pb_text][\/et_pb_column][et_pb_column type=\u00a0\u00bb1_3&Prime; _builder_version=\u00a0\u00bb4.6.1&Prime; _module_preset=\u00a0\u00bbdefault\u00a0\u00bb][et_pb_text _builder_version=\u00a0\u00bb4.6.1&Prime; _module_preset=\u00a0\u00bbdefault\u00a0\u00bb text_font=\u00a0\u00bbAmiko||||||||\u00a0\u00bb text_text_color=\u00a0\u00bb#a5081d\u00a0\u00bb text_font_size=\u00a0\u00bb36px\u00a0\u00bb min_height=\u00a0\u00bb27px\u00a0\u00bb custom_margin=\u00a0\u00bb17px|70px|17px||true|\u00a0\u00bb custom_padding=\u00a0\u00bb4px||6px|121px||\u00a0\u00bb link_option_url=\u00a0\u00bbhttp:\/\/isn-renaudeau.fr\/dnmade\/index.php\/cv-j-j\/\u00a0\u00bb]<\/p>\n<p>CV<\/p>\n<p>[\/et_pb_text][\/et_pb_column][et_pb_column type=\u00a0\u00bb1_3&Prime; _builder_version=\u00a0\u00bb4.6.1&Prime; _module_preset=\u00a0\u00bbdefault\u00a0\u00bb][et_pb_text _builder_version=\u00a0\u00bb4.6.1&Prime; _module_preset=\u00a0\u00bbdefault\u00a0\u00bb text_font=\u00a0\u00bbAmiko||||||||\u00a0\u00bb text_text_color=\u00a0\u00bb#a5081d\u00a0\u00bb text_font_size=\u00a0\u00bb35px\u00a0\u00bb width=\u00a0\u00bb100%\u00a0\u00bb min_height=\u00a0\u00bb37px\u00a0\u00bb custom_margin=\u00a0\u00bb15px||15px|-118px|true|\u00a0\u00bb custom_padding=\u00a0\u00bb4px|||0px||\u00a0\u00bb link_option_url=\u00a0\u00bbhttp:\/\/isn-renaudeau.fr\/dnmade\/?page_id=2661&Prime;]<\/p>\n<p>Book<\/p>\n<p>[\/et_pb_text][\/et_pb_column][\/et_pb_row][et_pb_row column_structure=\u00a0\u00bb1_3,1_3,1_3&Prime; _builder_version=\u00a0\u00bb4.6.1&Prime; _module_preset=\u00a0\u00bbdefault\u00a0\u00bb width=\u00a0\u00bb83%\u00a0\u00bb custom_padding=\u00a0\u00bb19px|||||\u00a0\u00bb][et_pb_column type=\u00a0\u00bb1_3&Prime; _builder_version=\u00a0\u00bb4.6.1&Prime; _module_preset=\u00a0\u00bbdefault\u00a0\u00bb][et_pb_text _builder_version=\u00a0\u00bb4.6.1&Prime; _module_preset=\u00a0\u00bbdefault\u00a0\u00bb text_font=\u00a0\u00bbAmiko|600|||||||\u00a0\u00bb text_text_color=\u00a0\u00bb#a5081d\u00a0\u00bb text_font_size=\u00a0\u00bb64px\u00a0\u00bb text_line_height=\u00a0\u00bb1.8em\u00a0\u00bb min_height=\u00a0\u00bb70px\u00a0\u00bb custom_margin=\u00a0\u00bb-3px||-3px||true|\u00a0\u00bb custom_padding=\u00a0\u00bb4px|||||\u00a0\u00bb]<\/p>\n<p>Juliette<br \/> Jovenet<\/p>\n<p>[\/et_pb_text][\/et_pb_column][et_pb_column type=\u00a0\u00bb1_3&Prime; _builder_version=\u00a0\u00bb4.6.1&Prime; _module_preset=\u00a0\u00bbdefault\u00a0\u00bb][et_pb_image src=\u00a0\u00bbhttp:\/\/isn-renaudeau.fr\/dnmade\/wp-content\/uploads\/2020\/12\/SAM6477-2-1-scaled.jpg\u00a0\u00bb title_text=\u00a0\u00bbSAMSUNG CSC\u00a0\u00bb url=\u00a0\u00bbhttp:\/\/isn-renaudeau.fr\/dnmade\/?page_id=2661&Prime; _builder_version=\u00a0\u00bb4.6.1&Prime; _module_preset=\u00a0\u00bbdefault\u00a0\u00bb width=\u00a0\u00bb87%\u00a0\u00bb module_alignment=\u00a0\u00bbcenter\u00a0\u00bb hover_enabled=\u00a0\u00bb0&Prime; sticky_enabled=\u00a0\u00bb0&Prime; animation_style=\u00a0\u00bbslide\u00a0\u00bb animation_direction=\u00a0\u00bbleft\u00a0\u00bb animation_delay=\u00a0\u00bb50ms\u00a0\u00bb animation_duration=\u00a0\u00bb950ms\u00a0\u00bb animation_intensity_slide=\u00a0\u00bb47%\u00a0\u00bb][\/et_pb_image][\/et_pb_column][et_pb_column type=\u00a0\u00bb1_3&Prime; _builder_version=\u00a0\u00bb4.6.1&Prime; _module_preset=\u00a0\u00bbdefault\u00a0\u00bb][et_pb_text _builder_version=\u00a0\u00bb4.6.1&Prime; _module_preset=\u00a0\u00bbdefault\u00a0\u00bb text_font=\u00a0\u00bbAmiko||||||||\u00a0\u00bb text_text_color=\u00a0\u00bb#242424&Prime; min_height=\u00a0\u00bb70px\u00a0\u00bb custom_margin=\u00a0\u00bb44px||44px||true|\u00a0\u00bb custom_padding=\u00a0\u00bb4px|||||\u00a0\u00bb]<\/p>\n<p><i class=\" icon-envelope-open\"><\/i> juliette.jovenet@gmail.com<br \/> <i class=\" icon-phone\"><\/i> 06 98 22 31 45<br \/> <i class=\" icon-home\"><\/i> 2 rue saint Vincent de Paul\u00a0 49321 Cholet<\/p>\n<p>[\/et_pb_text][et_pb_social_media_follow _builder_version=\u00a0\u00bb4.6.1&Prime; _module_preset=\u00a0\u00bbdefault\u00a0\u00bb min_height=\u00a0\u00bb3px\u00a0\u00bb custom_margin=\u00a0\u00bb18px|||||\u00a0\u00bb][et_pb_social_media_follow_network social_network=\u00a0\u00bbinstagram\u00a0\u00bb url=\u00a0\u00bbhttps:\/\/www.instagram.com\/la_menace_rose\/\u00a0\u00bb _builder_version=\u00a0\u00bb4.6.1&Prime; _module_preset=\u00a0\u00bbdefault\u00a0\u00bb background_color=\u00a0\u00bb#ea2c59&Prime; follow_button=\u00a0\u00bboff\u00a0\u00bb url_new_window=\u00a0\u00bbon\u00a0\u00bb]instagram[\/et_pb_social_media_follow_network][et_pb_social_media_follow_network social_network=\u00a0\u00bblinkedin\u00a0\u00bb _builder_version=\u00a0\u00bb4.6.1&Prime; _module_preset=\u00a0\u00bbdefault\u00a0\u00bb background_color=\u00a0\u00bb#007bb6&Prime; follow_button=\u00a0\u00bboff\u00a0\u00bb url_new_window=\u00a0\u00bbon\u00a0\u00bb]linkedin[\/et_pb_social_media_follow_network][\/et_pb_social_media_follow][\/et_pb_column][\/et_pb_row][et_pb_row _builder_version=\u00a0\u00bb4.6.1&Prime; _module_preset=\u00a0\u00bbdefault\u00a0\u00bb][et_pb_column type=\u00a0\u00bb4_4&Prime; _builder_version=\u00a0\u00bb4.6.1&Prime; _module_preset=\u00a0\u00bbdefault\u00a0\u00bb][et_pb_divider color=\u00a0\u00bb#a5081d\u00a0\u00bb _builder_version=\u00a0\u00bb4.6.1&Prime; _module_preset=\u00a0\u00bbdefault\u00a0\u00bb][\/et_pb_divider][\/et_pb_column][\/et_pb_row][et_pb_row column_structure=\u00a0\u00bb1_2,1_2&Prime; _builder_version=\u00a0\u00bb4.6.1&Prime; _module_preset=\u00a0\u00bbdefault\u00a0\u00bb][et_pb_column type=\u00a0\u00bb1_2&Prime; _builder_version=\u00a0\u00bb4.6.1&Prime; _module_preset=\u00a0\u00bbdefault\u00a0\u00bb][et_pb_text _builder_version=\u00a0\u00bb4.6.1&Prime; _module_preset=\u00a0\u00bbdefault\u00a0\u00bb text_font=\u00a0\u00bbAmiko||||||||\u00a0\u00bb text_text_color=\u00a0\u00bb#242424&Prime; min_height=\u00a0\u00bb70px\u00a0\u00bb custom_margin=\u00a0\u00bb-3px|-22px|-3px||true|\u00a0\u00bb custom_padding=\u00a0\u00bb4px|40px||||\u00a0\u00bb border_width_right=\u00a0\u00bb1px\u00a0\u00bb border_color_right=\u00a0\u00bb#a5081d\u00a0\u00bb]<\/p>\n<p>PROFILE<br \/> Une \u00e9tudiante ambitieuse et travailleuse qui veut faire ses d\u00e9buts dans l\u2019industrie de la mode responsable.<br \/> Ouverte d\u2019esprit et d\u00e9sireuse d\u2019apprendre et de faire des exp\u00e9riences dans le Design de mode.<br \/> Actuellement \u00e0 la recherche d\u2019un stage en entreprise consciente du d\u00e9veloppement durable dans son processus de cr\u00e9ation.<\/p>\n<p>&nbsp;<\/p>\n<p>[\/et_pb_text][et_pb_divider color=\u00a0\u00bb#a5081d\u00a0\u00bb _builder_version=\u00a0\u00bb4.6.1&Prime; _module_preset=\u00a0\u00bbdefault\u00a0\u00bb][\/et_pb_divider][et_pb_text _builder_version=\u00a0\u00bb4.6.1&Prime; _module_preset=\u00a0\u00bbdefault\u00a0\u00bb text_font=\u00a0\u00bbAmiko||||||||\u00a0\u00bb text_text_color=\u00a0\u00bb#242424&Prime; min_height=\u00a0\u00bb70px\u00a0\u00bb custom_margin=\u00a0\u00bb-3px|-22px|-3px||true|\u00a0\u00bb custom_padding=\u00a0\u00bb4px|22px||||\u00a0\u00bb border_width_right=\u00a0\u00bb1px\u00a0\u00bb border_color_right=\u00a0\u00bb#a5081d\u00a0\u00bb]<\/p>\n<p>COMP\u00c9TENCE<\/p>\n<p>savoir-faire :<\/p>\n<p>Bonne ma\u00eetrise de Photoshop, In Design et Illustrator<br \/> Bonne maitrise de l\u2019Anglais (B2-C1)<br \/> Maitrise correcte de l\u2019Espagnole (B1)<\/p>\n<p>savoir-\u00eatre :<\/p>\n<p>Curieuse<br \/> Pers\u00e9v\u00e9rante<br \/> Sociable<br \/> cr\u00e9ative<\/p>\n<p>[\/et_pb_text][\/et_pb_column][et_pb_column type=\u00a0\u00bb1_2&Prime; _builder_version=\u00a0\u00bb4.6.1&Prime; _module_preset=\u00a0\u00bbdefault\u00a0\u00bb][et_pb_text _builder_version=\u00a0\u00bb4.6.1&Prime; _module_preset=\u00a0\u00bbdefault\u00a0\u00bb text_font=\u00a0\u00bbAmiko||||||||\u00a0\u00bb text_text_color=\u00a0\u00bb#242424&Prime; min_height=\u00a0\u00bb70px\u00a0\u00bb custom_margin=\u00a0\u00bb-3px||-3px|-1px|true|\u00a0\u00bb custom_padding=\u00a0\u00bb4px|||0px||\u00a0\u00bb border_color_left=\u00a0\u00bb#a5081d\u00a0\u00bb]<\/p>\n<p>FORMATION<\/p>\n<p>2019-2022 : Formation DN MADE V\u00eatement et accessoires mention Environnement et d\u00e9veloppement durable au Lyc\u00e9e de la<br \/> Mode de Cholet<\/p>\n<p>2016-2019 : Baccalaur\u00e9at Sciences et Technologique du Design<br \/> et des Arts Appliqu\u00e9s au lyc\u00e9e Livet de Nantes<\/p>\n<p>[\/et_pb_text][et_pb_divider color=\u00a0\u00bb#a5081d\u00a0\u00bb _builder_version=\u00a0\u00bb4.6.1&Prime; _module_preset=\u00a0\u00bbdefault\u00a0\u00bb custom_padding=\u00a0\u00bb32px|||||\u00a0\u00bb][\/et_pb_divider][et_pb_text _builder_version=\u00a0\u00bb4.6.1&Prime; _module_preset=\u00a0\u00bbdefault\u00a0\u00bb text_font=\u00a0\u00bbAmiko||||||||\u00a0\u00bb text_text_color=\u00a0\u00bb#242424&Prime; min_height=\u00a0\u00bb70px\u00a0\u00bb custom_margin=\u00a0\u00bb-4px||-4px||true|\u00a0\u00bb custom_padding=\u00a0\u00bb4px|||||\u00a0\u00bb]<\/p>\n<p>EXP\u00c9RIENCE PROFESSIONNELLE<\/p>\n<p>2016 : Stage en entreprise d\u2019ornementation floral Fleurs Guillonneau<\/p>\n<p>2018 : Stage d\u2019initiation \u00e0 l\u2019artisanat de verre<\/p>\n<p>[\/et_pb_text][et_pb_divider color=\u00a0\u00bb#a5081d\u00a0\u00bb _builder_version=\u00a0\u00bb4.6.1&Prime; _module_preset=\u00a0\u00bbdefault\u00a0\u00bb custom_margin=\u00a0\u00bb26px|||||\u00a0\u00bb custom_padding=\u00a0\u00bb||0px|||\u00a0\u00bb][\/et_pb_divider][et_pb_text _builder_version=\u00a0\u00bb4.6.1&Prime; _module_preset=\u00a0\u00bbdefault\u00a0\u00bb text_font=\u00a0\u00bbAmiko||||||||\u00a0\u00bb text_text_color=\u00a0\u00bb#242424&Prime; min_height=\u00a0\u00bb70px\u00a0\u00bb custom_margin=\u00a0\u00bb-29px||-29px||true|\u00a0\u00bb custom_padding=\u00a0\u00bb4px|||||\u00a0\u00bb]<\/p>\n<p>D\u00c9VELOPPEMENT PERSONNEL<\/p>\n<p>Pratique du dessin et de la peinture r\u00e9guli\u00e8re<br \/> Pratique de la photographie<br \/> Pratique occasionnelle de l\u2019escalade<br \/> Voyage et d\u00e9couverte de cultures en Angleterre et en Espagne<\/p>\n<p>[\/et_pb_text][\/et_pb_column][\/et_pb_row][et_pb_row _builder_version=\u00a0\u00bb4.6.1&Prime; _module_preset=\u00a0\u00bbdefault\u00a0\u00bb][et_pb_column type=\u00a0\u00bb4_4&Prime; _builder_version=\u00a0\u00bb4.6.1&Prime; _module_preset=\u00a0\u00bbdefault\u00a0\u00bb][et_pb_button button_url=\u00a0\u00bbhttp:\/\/isn-renaudeau.fr\/dnmade\/?page_id=2661&Prime; button_text=\u00a0\u00bbBook\u00a0\u00bb button_alignment=\u00a0\u00bbright\u00a0\u00bb _builder_version=\u00a0\u00bb4.6.1&Prime; _module_preset=\u00a0\u00bbdefault\u00a0\u00bb custom_button=\u00a0\u00bbon\u00a0\u00bb button_text_size=\u00a0\u00bb24px\u00a0\u00bb button_text_color=\u00a0\u00bb#a5081d\u00a0\u00bb button_border_width=\u00a0\u00bb2px\u00a0\u00bb button_border_radius=\u00a0\u00bb46px\u00a0\u00bb button_letter_spacing=\u00a0\u00bb0px\u00a0\u00bb button_font=\u00a0\u00bbAmiko||||||||\u00a0\u00bb button_icon=\u00a0\u00bb%%254%%\u00a0\u00bb custom_margin=\u00a0\u00bb16px|18px|1px|0px|false|false\u00a0\u00bb filter_brightness=\u00a0\u00bb88%\u00a0\u00bb global_module=\u00a0\u00bb3388&Prime; saved_tabs=\u00a0\u00bball\u00a0\u00bb][\/et_pb_button][\/et_pb_column][\/et_pb_row][\/et_pb_section]<\/p>\n","protected":false},"excerpt":{"rendered":"<p>[et_pb_section fb_built=\u00a0\u00bb1&Prime; _builder_version=\u00a0\u00bb4.6.1&Prime; _module_preset=\u00a0\u00bbdefault\u00a0\u00bb][et_pb_row column_structure=\u00a0\u00bb1_3,1_3,1_3&Prime; _builder_version=\u00a0\u00bb4.6.1&Prime; _module_preset=\u00a0\u00bbdefault\u00a0\u00bb background_color=\u00a0\u00bbrgba(0,0,0,0)\u00a0\u00bb background_image=\u00a0\u00bbhttp:\/\/isn-renaudeau.fr\/dnmade\/wp-content\/uploads\/2020\/12\/IMG_54791-2.jpg\u00a0\u00bb background_position=\u00a0\u00bbcenter_right\u00a0\u00bb width=\u00a0\u00bb100%\u00a0\u00bb global_module=\u00a0\u00bb3464&Prime; saved_tabs=\u00a0\u00bball\u00a0\u00bb][et_pb_column type=\u00a0\u00bb1_3&Prime; _builder_version=\u00a0\u00bb4.6.1&Prime; _module_preset=\u00a0\u00bbdefault\u00a0\u00bb][et_pb_text _builder_version=\u00a0\u00bb4.6.1&Prime; _module_preset=\u00a0\u00bbdefault\u00a0\u00bb text_font=\u00a0\u00bbAmiko||||||||\u00a0\u00bb text_text_color=\u00a0\u00bb#a5081d\u00a0\u00bb text_font_size=\u00a0\u00bb40px\u00a0\u00bb width=\u00a0\u00bb24.5%\u00a0\u00bb min_height=\u00a0\u00bb79px\u00a0\u00bb custom_margin=\u00a0\u00bb-9px|50px|-9px|310px|true|false\u00a0\u00bb custom_padding=\u00a0\u00bb19px|||12px||\u00a0\u00bb link_option_url=\u00a0\u00bbhttp:\/\/isn-renaudeau.fr\/dnmade\/index.php\/170-2\/\u00a0\u00bb] [\/et_pb_text][\/et_pb_column][et_pb_column type=\u00a0\u00bb1_3&Prime; _builder_version=\u00a0\u00bb4.6.1&Prime; _module_preset=\u00a0\u00bbdefault\u00a0\u00bb][et_pb_text _builder_version=\u00a0\u00bb4.6.1&Prime; _module_preset=\u00a0\u00bbdefault\u00a0\u00bb text_font=\u00a0\u00bbAmiko||||||||\u00a0\u00bb text_text_color=\u00a0\u00bb#a5081d\u00a0\u00bb text_font_size=\u00a0\u00bb36px\u00a0\u00bb min_height=\u00a0\u00bb27px\u00a0\u00bb custom_margin=\u00a0\u00bb17px|70px|17px||true|\u00a0\u00bb custom_padding=\u00a0\u00bb4px||6px|121px||\u00a0\u00bb link_option_url=\u00a0\u00bbhttp:\/\/isn-renaudeau.fr\/dnmade\/index.php\/cv-j-j\/\u00a0\u00bb] CV [\/et_pb_text][\/et_pb_column][et_pb_column type=\u00a0\u00bb1_3&Prime; _builder_version=\u00a0\u00bb4.6.1&Prime; _module_preset=\u00a0\u00bbdefault\u00a0\u00bb][et_pb_text _builder_version=\u00a0\u00bb4.6.1&Prime; _module_preset=\u00a0\u00bbdefault\u00a0\u00bb text_font=\u00a0\u00bbAmiko||||||||\u00a0\u00bb text_text_color=\u00a0\u00bb#a5081d\u00a0\u00bb text_font_size=\u00a0\u00bb35px\u00a0\u00bb width=\u00a0\u00bb100%\u00a0\u00bb min_height=\u00a0\u00bb37px\u00a0\u00bb custom_margin=\u00a0\u00bb15px||15px|-118px|true|\u00a0\u00bb custom_padding=\u00a0\u00bb4px|||0px||\u00a0\u00bb link_option_url=\u00a0\u00bbhttp:\/\/isn-renaudeau.fr\/dnmade\/?page_id=2661&Prime;] Book [&hellip;]<\/p>\n","protected":false},"author":26,"featured_media":0,"parent":0,"menu_order":0,"comment_status":"closed","ping_status":"closed","template":"","meta":{"_et_pb_use_builder":"on","_et_pb_old_content":"","_et_gb_content_width":""},"_links":{"self":[{"href":"https:\/\/isn-renaudeau.fr\/dnmade\/index.php\/wp-json\/wp\/v2\/pages\/2585"}],"collection":[{"href":"https:\/\/isn-renaudeau.fr\/dnmade\/index.php\/wp-json\/wp\/v2\/pages"}],"about":[{"href":"https:\/\/isn-renaudeau.fr\/dnmade\/index.php\/wp-json\/wp\/v2\/types\/page"}],"author":[{"embeddable":true,"href":"https:\/\/isn-renaudeau.fr\/dnmade\/index.php\/wp-json\/wp\/v2\/users\/26"}],"replies":[{"embeddable":true,"href":"https:\/\/isn-renaudeau.fr\/dnmade\/index.php\/wp-json\/wp\/v2\/comments?post=2585"}],"version-history":[{"count":21,"href":"https:\/\/isn-renaudeau.fr\/dnmade\/index.php\/wp-json\/wp\/v2\/pages\/2585\/revisions"}],"predecessor-version":[{"id":8821,"href":"https:\/\/isn-renaudeau.fr\/dnmade\/index.php\/wp-json\/wp\/v2\/pages\/2585\/revisions\/8821"}],"wp:attachment":[{"href":"https:\/\/isn-renaudeau.fr\/dnmade\/index.php\/wp-json\/wp\/v2\/media?parent=2585"}],"curies":[{"name":"wp","href":"https:\/\/api.w.org\/{rel}","templated":true}]}}