{"id":2563,"date":"2020-12-08T00:29:45","date_gmt":"2020-12-07T23:29:45","guid":{"rendered":"http:\/\/isn-renaudeau.fr\/dnmade\/?page_id=2563"},"modified":"2020-12-13T12:53:20","modified_gmt":"2020-12-13T11:53:20","slug":"cv-remi-allard","status":"publish","type":"page","link":"https:\/\/isn-renaudeau.fr\/dnmade\/index.php\/cv-remi-allard\/","title":{"rendered":"CV &#8211; R\u00e9mi Allard"},"content":{"rendered":"<p>[et_pb_section fb_built=\u00a0\u00bb1&Prime; _builder_version=\u00a0\u00bb4.6.1&Prime; _module_preset=\u00a0\u00bbdefault\u00a0\u00bb background_color=\u00a0\u00bbrgba(0,0,0,0)\u00a0\u00bb custom_margin=\u00a0\u00bb||-154px|||\u00a0\u00bb custom_padding=\u00a0\u00bb||76px|||\u00a0\u00bb][et_pb_row column_structure=\u00a0\u00bb1_4,1_4,1_4,1_4&Prime; _builder_version=\u00a0\u00bb4.6.1&Prime; _module_preset=\u00a0\u00bbdefault\u00a0\u00bb custom_margin=\u00a0\u00bb|auto|93px|auto||\u00a0\u00bb][et_pb_column type=\u00a0\u00bb1_4&Prime; _builder_version=\u00a0\u00bb4.6.1&Prime; _module_preset=\u00a0\u00bbdefault\u00a0\u00bb][et_pb_text _builder_version=\u00a0\u00bb4.6.1&Prime; _module_preset=\u00a0\u00bbdefault\u00a0\u00bb text_font=\u00a0\u00bbABeeZee||||||||\u00a0\u00bb link_option_url=\u00a0\u00bbhttp:\/\/isn-renaudeau.fr\/dnmade\/index.php\/87-2\/\u00a0\u00bb text_text_shadow_style=\u00a0\u00bbpreset3&Prime; box_shadow_style=\u00a0\u00bbpreset1&Prime; box_shadow_horizontal=\u00a0\u00bb12px\u00a0\u00bb box_shadow_vertical=\u00a0\u00bb7px\u00a0\u00bb box_shadow_blur=\u00a0\u00bb0px\u00a0\u00bb]<\/p>\n<h2 style=\"text-align: center;\">Accueil<\/h2>\n<p>[\/et_pb_text][\/et_pb_column][et_pb_column type=\u00a0\u00bb1_4&Prime; _builder_version=\u00a0\u00bb4.6.1&Prime; _module_preset=\u00a0\u00bbdefault\u00a0\u00bb][et_pb_text _builder_version=\u00a0\u00bb4.6.1&Prime; _module_preset=\u00a0\u00bbdefault\u00a0\u00bb text_font=\u00a0\u00bbABeeZee||||||||\u00a0\u00bb link_option_url=\u00a0\u00bbhttp:\/\/isn-renaudeau.fr\/dnmade\/index.php\/cv-remi-allard\/\u00a0\u00bb text_text_shadow_style=\u00a0\u00bbpreset3&Prime; box_shadow_style=\u00a0\u00bbpreset1&Prime; box_shadow_horizontal=\u00a0\u00bb12px\u00a0\u00bb box_shadow_vertical=\u00a0\u00bb7px\u00a0\u00bb box_shadow_blur=\u00a0\u00bb0px\u00a0\u00bb]<\/p>\n<h2 style=\"text-align: center;\">Mon CV<\/h2>\n<p>[\/et_pb_text][\/et_pb_column][et_pb_column type=\u00a0\u00bb1_4&Prime; _builder_version=\u00a0\u00bb4.6.1&Prime; _module_preset=\u00a0\u00bbdefault\u00a0\u00bb][et_pb_text _builder_version=\u00a0\u00bb4.6.1&Prime; _module_preset=\u00a0\u00bbdefault\u00a0\u00bb text_font=\u00a0\u00bbABeeZee||||||||\u00a0\u00bb link_option_url=\u00a0\u00bbhttp:\/\/isn-renaudeau.fr\/dnmade\/index.php\/mon-book-remi-allard\/\u00a0\u00bb text_text_shadow_style=\u00a0\u00bbpreset3&Prime; box_shadow_style=\u00a0\u00bbpreset1&Prime; box_shadow_horizontal=\u00a0\u00bb12px\u00a0\u00bb box_shadow_vertical=\u00a0\u00bb7px\u00a0\u00bb box_shadow_blur=\u00a0\u00bb0px\u00a0\u00bb]<\/p>\n<h2 style=\"text-align: center;\">Mon Book<\/h2>\n<p>[\/et_pb_text][\/et_pb_column][et_pb_column type=\u00a0\u00bb1_4&Prime; _builder_version=\u00a0\u00bb4.6.1&Prime; _module_preset=\u00a0\u00bbdefault\u00a0\u00bb][et_pb_text _builder_version=\u00a0\u00bb4.6.1&Prime; _module_preset=\u00a0\u00bbdefault\u00a0\u00bb text_font=\u00a0\u00bbABeeZee||||||||\u00a0\u00bb link_option_url=\u00a0\u00bbhttp:\/\/isn-renaudeau.fr\/dnmade\/index.php\/me-contacter-remi-allard\/\u00a0\u00bb text_text_shadow_style=\u00a0\u00bbpreset3&Prime; box_shadow_style=\u00a0\u00bbpreset1&Prime; box_shadow_horizontal=\u00a0\u00bb12px\u00a0\u00bb box_shadow_vertical=\u00a0\u00bb7px\u00a0\u00bb box_shadow_blur=\u00a0\u00bb0px\u00a0\u00bb]<\/p>\n<h2 style=\"text-align: center;\">Me contacter<\/h2>\n<p>[\/et_pb_text][\/et_pb_column][\/et_pb_row][et_pb_row column_structure=\u00a0\u00bb1_3,1_3,1_3&Prime; _builder_version=\u00a0\u00bb4.6.1&Prime; _module_preset=\u00a0\u00bbdefault\u00a0\u00bb][et_pb_column type=\u00a0\u00bb1_3&Prime; _builder_version=\u00a0\u00bb4.6.1&Prime; _module_preset=\u00a0\u00bbdefault\u00a0\u00bb][et_pb_text _builder_version=\u00a0\u00bb4.6.1&Prime; _module_preset=\u00a0\u00bbdefault\u00a0\u00bb text_font=\u00a0\u00bbAbril Fatface||||||||\u00a0\u00bb text_font_size=\u00a0\u00bb22px\u00a0\u00bb text_text_shadow_style=\u00a0\u00bbpreset3&Prime;]<\/p>\n<h1><span style=\"font-size: xx-large; color: #000000;\">Allard<\/span><\/h1>\n<p><span style=\"font-size: xx-large; color: #000000;\">R\u00e9mi<\/span><\/p>\n<p>[\/et_pb_text][\/et_pb_column][et_pb_column type=\u00a0\u00bb1_3&Prime; _builder_version=\u00a0\u00bb4.6.1&Prime; _module_preset=\u00a0\u00bbdefault\u00a0\u00bb][et_pb_image src=\u00a0\u00bbhttp:\/\/isn-renaudeau.fr\/dnmade\/wp-content\/uploads\/2020\/12\/Moi.png\u00a0\u00bb title_text=\u00a0\u00bbMoi\u00a0\u00bb _builder_version=\u00a0\u00bb4.6.1&Prime; _module_preset=\u00a0\u00bbdefault\u00a0\u00bb transform_translate=\u00a0\u00bb58px|-27px\u00a0\u00bb][\/et_pb_image][\/et_pb_column][et_pb_column type=\u00a0\u00bb1_3&Prime; _builder_version=\u00a0\u00bb4.6.1&Prime; _module_preset=\u00a0\u00bbdefault\u00a0\u00bb][et_pb_text _builder_version=\u00a0\u00bb4.6.1&Prime; _module_preset=\u00a0\u00bbdefault\u00a0\u00bb]<i class=\"icon-envelope-open\"> <\/i> al.remi.pro@gmail.com<\/a><\/p>\n<p><i class=\"icon-phone\"> <\/i> 06.95.61.70.78<\/p>\n<p><i class=\"icon-social-instagram\"> <\/i> @monbeaucitron[\/et_pb_text][\/et_pb_column][\/et_pb_row][et_pb_row column_structure=\u00a0\u00bb1_2,1_2&Prime; _builder_version=\u00a0\u00bb4.6.1&Prime; _module_preset=\u00a0\u00bbdefault\u00a0\u00bb][et_pb_column type=\u00a0\u00bb1_2&Prime; _builder_version=\u00a0\u00bb4.6.1&Prime; _module_preset=\u00a0\u00bbdefault\u00a0\u00bb][et_pb_text _builder_version=\u00a0\u00bb4.6.1&Prime; _module_preset=\u00a0\u00bbdefault\u00a0\u00bb text_font=\u00a0\u00bbAbril Fatface||||||||\u00a0\u00bb custom_padding=\u00a0\u00bb10px|3px|||false|false\u00a0\u00bb text_text_shadow_style=\u00a0\u00bbpreset3&Prime; inline_fonts=\u00a0\u00bbAbel\u00a0\u00bb]<\/p>\n<h3><span style=\"color: #000000;\">Profil<\/span><\/h3>\n<p><span style=\"color: #000000; font-family: ABeeZee; font-weight: normal; font-size: medium;\"><\/span><\/p>\n<p><span style=\"font-family: ABeeZee; font-weight: normal; font-size: medium;\">\u00c9tudiant en deuxi\u00e8me ann\u00e9e DNMADE V\u00eatement au lyc\u00e9e de la mode \u00e0 Cholet (49300).<\/span><\/p>\n<p><span style=\"font-family: ABeeZee; font-weight: normal; font-size: medium;\">Curieux, sensible et passionn\u00e9 par l&rsquo;art sous toutes ses formes.<\/span><\/p>\n<p><span style=\"font-family: ABeeZee; font-size: medium;\">S\u00e9rieux et d\u00e9termin\u00e9, je suis \u00e0 l&rsquo;aise en \u00e9quipe et en autonomie.<\/span><span style=\"font-family: Abel; font-weight: normal; font-size: large;\"><\/span><\/p>\n<p><span style=\"font-family: Abel; font-weight: normal; font-size: large;\"><\/span><\/p>\n<p>[\/et_pb_text][\/et_pb_column][et_pb_column type=\u00a0\u00bb1_2&Prime; _builder_version=\u00a0\u00bb4.6.1&Prime; _module_preset=\u00a0\u00bbdefault\u00a0\u00bb][et_pb_text _builder_version=\u00a0\u00bb4.6.1&Prime; _module_preset=\u00a0\u00bbdefault\u00a0\u00bb text_font=\u00a0\u00bbAbril Fatface||||||||\u00a0\u00bb width=\u00a0\u00bb98.7%\u00a0\u00bb custom_margin=\u00a0\u00bb0px|4px|0px|-28px|false|false\u00a0\u00bb custom_padding=\u00a0\u00bb0px|20px|0px|20px|false|true\u00a0\u00bb text_text_shadow_style=\u00a0\u00bbpreset3&Prime; border_width_left=\u00a0\u00bb1px\u00a0\u00bb inline_fonts=\u00a0\u00bbABeeZee\u00a0\u00bb]<\/p>\n<h3><span style=\"color: #000000;\">Formations<\/span><\/h3>\n<p>&nbsp;<\/p>\n<p><span style=\"color: #000000;\">2019 \u2013 2022<\/span>\u00a0 \u00a0 \u00a0 \u00a0<span style=\"font-family: ABeeZee;\">\u00a0LYC\u00c9E DE LA MODE<\/span><\/p>\n<p><span style=\"font-family: ABeeZee;\">\u00a0 \u00a0 \u00a0 \u00a0 \u00a0 \u00a0 \u00a0 \u00a0 \u00a0 \u00a0 \u00a0 \u00a0 \u00a0 \u00a0 \u00a0 \u00a0 \u00a0 \u00a0 CHOLET 49300 \u2013 DNMADE V\u00eatement \/ Accessoire<\/span><\/p>\n<p><span style=\"color: #000000;\">2016 \u2013 2019<\/span>\u00a0 \u00a0 \u00a0 \u00a0 <span style=\"font-family: ABeeZee;\">\u00a0LYC\u00c9E NELSON MANDELA<\/span><\/p>\n<p><span style=\"font-family: ABeeZee;\">\u00a0 \u00a0 \u00a0 \u00a0 \u00a0 \u00a0 \u00a0 \u00a0 \u00a0 \u00a0 \u00a0 \u00a0 \u00a0 \u00a0 \u00a0 \u00a0 \u00a0 \u00a0 \u00a0NANTES 44000 \u2013 Baccalaur\u00e9at Litt\u00e9raire<\/span><\/p>\n<p><span style=\"font-family: ABeeZee;\">\u00a0 \u00a0 \u00a0 \u00a0 \u00a0 \u00a0 \u00a0 \u00a0 \u00a0 \u00a0 \u00a0 \u00a0 \u00a0 \u00a0 \u00a0 \u00a0 \u00a0 \u00a0 \u00a0MENTION TR\u00c8S BIEN<\/span><\/p>\n<p><span style=\"font-family: ABeeZee;\">\u00a0 \u00a0 \u00a0 \u00a0 \u00a0 \u00a0 \u00a0 \u00a0 \u00a0 \u00a0 \u00a0 \u00a0 \u00a0 \u00a0 \u00a0 \u00a0 \u00a0 \u00a0 \u00a0Sp\u00e9cialit\u00e9 Chinois LV3\u00a0\u00a0<\/span><\/p>\n<p><span style=\"font-family: ABeeZee;\"><span><\/span><\/span><\/p>\n<p>[\/et_pb_text][\/et_pb_column][\/et_pb_row][et_pb_row column_structure=\u00a0\u00bb1_2,1_2&Prime; _builder_version=\u00a0\u00bb4.6.1&Prime; _module_preset=\u00a0\u00bbdefault\u00a0\u00bb custom_margin=\u00a0\u00bb|auto|135px|auto||\u00a0\u00bb custom_padding=\u00a0\u00bb23px||3px|||\u00a0\u00bb][et_pb_column type=\u00a0\u00bb1_2&Prime; _builder_version=\u00a0\u00bb4.6.1&Prime; _module_preset=\u00a0\u00bbdefault\u00a0\u00bb][et_pb_text _builder_version=\u00a0\u00bb4.6.1&Prime; _module_preset=\u00a0\u00bbdefault\u00a0\u00bb text_font=\u00a0\u00bbAbril Fatface||||||||\u00a0\u00bb text_text_color=\u00a0\u00bb#000000&Prime; min_height=\u00a0\u00bb559px\u00a0\u00bb custom_margin=\u00a0\u00bb-82px|-28px|-77px|||\u00a0\u00bb custom_padding=\u00a0\u00bb0px|20px|0px|0px|false|false\u00a0\u00bb text_text_shadow_style=\u00a0\u00bbpreset3&Prime; text_text_shadow_color=\u00a0\u00bbrgba(0,0,0,0.55)\u00a0\u00bb border_width_right=\u00a0\u00bb1px\u00a0\u00bb inline_fonts=\u00a0\u00bbABeeZee\u00a0\u00bb]<\/p>\n<h3><span style=\"color: #000000;\">Comp\u00e9tences<\/span><\/h3>\n<p>&nbsp;<\/p>\n<p style=\"text-align: left;\"><span>\u00a0LANGUES<\/span>\u00a0 \u00a0 \u00a0 \u00a0 \u00a0 \u00a0 \u00a0 \u00a0 \u00a0 <span face=\"ABeeZee\" style=\"font-family: ABeeZee;\">\u00a0<span style=\"color: #666666;\"><span style=\"text-decoration: underline;\">FRAN\u00c7AIS<\/span>\u00a0: langue maternelle<\/span><\/span><\/p>\n<p style=\"text-align: left;\"><span style=\"font-family: ABeeZee; font-weight: normal; color: #666666;\">\u00a0 \u00a0 \u00a0 \u00a0 \u00a0 \u00a0 \u00a0 \u00a0 \u00a0 \u00a0 \u00a0 \u00a0 \u00a0 \u00a0 <span style=\"text-decoration: underline;\">ANGLAIS<\/span> :\u00a0 Lu\/\u00e9crit\/parl\u00e9, C1<\/span><\/p>\n<p style=\"text-align: left;\"><span style=\"font-family: ABeeZee; font-weight: normal; color: #666666;\">\u00a0 \u00a0 \u00a0 \u00a0 \u00a0 \u00a0 \u00a0 \u00a0 \u00a0 \u00a0 \u00a0 \u00a0 \u00a0 \u00a0 <span style=\"text-decoration: underline;\">ALLEMAND<\/span> : Lu\/\u00e9crit\/parl\u00e9, A2<\/span><\/p>\n<p style=\"text-align: left;\"><span style=\"font-family: ABeeZee; font-weight: normal; color: #666666;\">\u00a0 \u00a0 \u00a0 \u00a0 \u00a0 \u00a0 \u00a0 \u00a0 \u00a0 \u00a0 \u00a0 \u00a0 \u00a0 \u00a0 <span style=\"text-decoration: underline;\">CHINOIS<\/span> : Lu\/\u00e9crit\/parl\u00e9, B2<\/span><\/p>\n<p><span><\/span><\/p>\n<p><span><\/span><\/p>\n<p><span>TECHNIQUES<\/span><span>\u00a0 \u00a0 \u00a0 \u00a0 \u00a0 \u00a0<\/span><span style=\"font-family: ABeeZee; font-weight: normal; color: #666666;\"><span style=\"text-decoration: underline;\">COUTURE<\/span> : Patronage, retouches (ourlets, pinces),\u00a0moulage sur mannequin, cr\u00e9ation de v\u00eatements (jupe, travail sur mannequin \u00e9chelle 1\/2), volume (fronces, plissage, rembourrage), cr\u00e9ation d\u2019accessoires (sac)<\/span><\/p>\n<p><span style=\"color: #666666;\">\u00a0 \u00a0 \u00a0 \u00a0 \u00a0 \u00a0 \u00a0 \u00a0 \u00a0 \u00a0 \u00a0 \u00a0 \u00a0 \u00a0 \u00a0 \u00a0 \u00a0 \u00a0 \u00a0 \u00a0 \u00a0 \u00a0 \u00a0 \u00a0<span style=\"font-family: ABeeZee;\"><span style=\"text-decoration: underline;\">MAILLE<\/span> : crochet, tricot\u00a0<\/span><\/span><\/p>\n<p><span style=\"font-family: ABeeZee; color: #666666;\">\u00a0 \u00a0 \u00a0 \u00a0 \u00a0 \u00a0 \u00a0 \u00a0 \u00a0 \u00a0 \u00a0 \u00a0 \u00a0 \u00a0 <span style=\"text-decoration: underline;\">INFOGRAPHIE<\/span> : M\u00e9tiers de la suite Adobe (ma\u00eetrise de Photoshop pour les retouches, InDesign pour les planches tendances et d&rsquo;ambiances, Illustrator pour les motifs et le dessin \u00e0 plat) ; Sony Vegas Pro 16 (CV Vid\u00e9o, vid\u00e9o de projet, &#8230;) ; Rhino 6 (impression 3D, mod\u00e9lisation d\u2019objets) ; WordPress (cr\u00e9ation de pages, sites)<\/span><\/p>\n<p>&nbsp;<\/p>\n<p>&nbsp;<\/p>\n<p>&nbsp;<\/p>\n<p>&nbsp;<\/p>\n<p>&nbsp;<\/p>\n<p>&nbsp;<\/p>\n<p>&nbsp;<\/p>\n<p>&nbsp;<\/p>\n<p>&nbsp;<\/p>\n<p>&nbsp;<\/p>\n<p>[\/et_pb_text][\/et_pb_column][et_pb_column type=\u00a0\u00bb1_2&Prime; _builder_version=\u00a0\u00bb4.6.1&Prime; _module_preset=\u00a0\u00bbdefault\u00a0\u00bb][et_pb_text _builder_version=\u00a0\u00bb4.6.1&Prime; _module_preset=\u00a0\u00bbdefault\u00a0\u00bb text_text_shadow_style=\u00a0\u00bbpreset3&Prime; text_text_shadow_blur_strength=\u00a0\u00bb0.35em\u00a0\u00bb inline_fonts=\u00a0\u00bbAbril Fatface\u00a0\u00bb]<\/p>\n<h3><span style=\"font-family: 'Abril Fatface'; font-weight: normal; color: #000000;\">Informations compl\u00e9mentaires<\/span><\/h3>\n<p>[\/et_pb_text][et_pb_gallery gallery_ids=\u00a0\u00bb3369,3370,3371,3372&Prime; _builder_version=\u00a0\u00bb4.6.1&Prime; _module_preset=\u00a0\u00bbdefault\u00a0\u00bb width=\u00a0\u00bb51%\u00a0\u00bb max_width=\u00a0\u00bb100%\u00a0\u00bb][\/et_pb_gallery][\/et_pb_column][\/et_pb_row][\/et_pb_section]<\/p>\n","protected":false},"excerpt":{"rendered":"<p>[et_pb_section fb_built=\u00a0\u00bb1&Prime; _builder_version=\u00a0\u00bb4.6.1&Prime; _module_preset=\u00a0\u00bbdefault\u00a0\u00bb background_color=\u00a0\u00bbrgba(0,0,0,0)\u00a0\u00bb custom_margin=\u00a0\u00bb||-154px|||\u00a0\u00bb custom_padding=\u00a0\u00bb||76px|||\u00a0\u00bb][et_pb_row column_structure=\u00a0\u00bb1_4,1_4,1_4,1_4&Prime; _builder_version=\u00a0\u00bb4.6.1&Prime; _module_preset=\u00a0\u00bbdefault\u00a0\u00bb custom_margin=\u00a0\u00bb|auto|93px|auto||\u00a0\u00bb][et_pb_column type=\u00a0\u00bb1_4&Prime; _builder_version=\u00a0\u00bb4.6.1&Prime; _module_preset=\u00a0\u00bbdefault\u00a0\u00bb][et_pb_text _builder_version=\u00a0\u00bb4.6.1&Prime; _module_preset=\u00a0\u00bbdefault\u00a0\u00bb text_font=\u00a0\u00bbABeeZee||||||||\u00a0\u00bb link_option_url=\u00a0\u00bbhttp:\/\/isn-renaudeau.fr\/dnmade\/index.php\/87-2\/\u00a0\u00bb text_text_shadow_style=\u00a0\u00bbpreset3&Prime; box_shadow_style=\u00a0\u00bbpreset1&Prime; box_shadow_horizontal=\u00a0\u00bb12px\u00a0\u00bb box_shadow_vertical=\u00a0\u00bb7px\u00a0\u00bb box_shadow_blur=\u00a0\u00bb0px\u00a0\u00bb] Accueil [\/et_pb_text][\/et_pb_column][et_pb_column type=\u00a0\u00bb1_4&Prime; _builder_version=\u00a0\u00bb4.6.1&Prime; _module_preset=\u00a0\u00bbdefault\u00a0\u00bb][et_pb_text _builder_version=\u00a0\u00bb4.6.1&Prime; _module_preset=\u00a0\u00bbdefault\u00a0\u00bb text_font=\u00a0\u00bbABeeZee||||||||\u00a0\u00bb link_option_url=\u00a0\u00bbhttp:\/\/isn-renaudeau.fr\/dnmade\/index.php\/cv-remi-allard\/\u00a0\u00bb text_text_shadow_style=\u00a0\u00bbpreset3&Prime; box_shadow_style=\u00a0\u00bbpreset1&Prime; box_shadow_horizontal=\u00a0\u00bb12px\u00a0\u00bb box_shadow_vertical=\u00a0\u00bb7px\u00a0\u00bb box_shadow_blur=\u00a0\u00bb0px\u00a0\u00bb] Mon CV [\/et_pb_text][\/et_pb_column][et_pb_column type=\u00a0\u00bb1_4&Prime; _builder_version=\u00a0\u00bb4.6.1&Prime; _module_preset=\u00a0\u00bbdefault\u00a0\u00bb][et_pb_text _builder_version=\u00a0\u00bb4.6.1&Prime; _module_preset=\u00a0\u00bbdefault\u00a0\u00bb text_font=\u00a0\u00bbABeeZee||||||||\u00a0\u00bb link_option_url=\u00a0\u00bbhttp:\/\/isn-renaudeau.fr\/dnmade\/index.php\/mon-book-remi-allard\/\u00a0\u00bb text_text_shadow_style=\u00a0\u00bbpreset3&Prime; box_shadow_style=\u00a0\u00bbpreset1&Prime; box_shadow_horizontal=\u00a0\u00bb12px\u00a0\u00bb box_shadow_vertical=\u00a0\u00bb7px\u00a0\u00bb box_shadow_blur=\u00a0\u00bb0px\u00a0\u00bb] Mon Book [\/et_pb_text][\/et_pb_column][et_pb_column [&hellip;]<\/p>\n","protected":false},"author":4,"featured_media":0,"parent":0,"menu_order":0,"comment_status":"closed","ping_status":"closed","template":"","meta":{"_et_pb_use_builder":"on","_et_pb_old_content":"","_et_gb_content_width":""},"_links":{"self":[{"href":"https:\/\/isn-renaudeau.fr\/dnmade\/index.php\/wp-json\/wp\/v2\/pages\/2563"}],"collection":[{"href":"https:\/\/isn-renaudeau.fr\/dnmade\/index.php\/wp-json\/wp\/v2\/pages"}],"about":[{"href":"https:\/\/isn-renaudeau.fr\/dnmade\/index.php\/wp-json\/wp\/v2\/types\/page"}],"author":[{"embeddable":true,"href":"https:\/\/isn-renaudeau.fr\/dnmade\/index.php\/wp-json\/wp\/v2\/users\/4"}],"replies":[{"embeddable":true,"href":"https:\/\/isn-renaudeau.fr\/dnmade\/index.php\/wp-json\/wp\/v2\/comments?post=2563"}],"version-history":[{"count":21,"href":"https:\/\/isn-renaudeau.fr\/dnmade\/index.php\/wp-json\/wp\/v2\/pages\/2563\/revisions"}],"predecessor-version":[{"id":5370,"href":"https:\/\/isn-renaudeau.fr\/dnmade\/index.php\/wp-json\/wp\/v2\/pages\/2563\/revisions\/5370"}],"wp:attachment":[{"href":"https:\/\/isn-renaudeau.fr\/dnmade\/index.php\/wp-json\/wp\/v2\/media?parent=2563"}],"curies":[{"name":"wp","href":"https:\/\/api.w.org\/{rel}","templated":true}]}}