{"id":2420,"date":"2020-11-24T15:04:03","date_gmt":"2020-11-24T14:04:03","guid":{"rendered":"http:\/\/isn-renaudeau.fr\/dnmade\/?page_id=2420"},"modified":"2020-12-08T13:44:15","modified_gmt":"2020-12-08T12:44:15","slug":"cv-alizee-2","status":"publish","type":"page","link":"https:\/\/isn-renaudeau.fr\/dnmade\/index.php\/cv-alizee-2\/","title":{"rendered":"CV ALiz\u00e9e Delafosse"},"content":{"rendered":"<p>[et_pb_section fb_built=\u00a0\u00bb1&Prime; _builder_version=\u00a0\u00bb4.6.1&Prime; _module_preset=\u00a0\u00bbdefault\u00a0\u00bb min_height=\u00a0\u00bb771px\u00a0\u00bb][et_pb_row column_structure=\u00a0\u00bb1_3,1_3,1_3&Prime; _builder_version=\u00a0\u00bb4.6.1&Prime; _module_preset=\u00a0\u00bbdefault\u00a0\u00bb transform_scale=\u00a0\u00bb102%|102%\u00a0\u00bb animation_style=\u00a0\u00bbfade\u00a0\u00bb animation_duration=\u00a0\u00bb1800ms\u00a0\u00bb border_width_all=\u00a0\u00bb2px\u00a0\u00bb border_color_all=\u00a0\u00bb#88c4dd\u00a0\u00bb border_style_all=\u00a0\u00bbdotted\u00a0\u00bb][et_pb_column type=\u00a0\u00bb1_3&Prime; _builder_version=\u00a0\u00bb4.6.1&Prime; _module_preset=\u00a0\u00bbdefault\u00a0\u00bb][et_pb_text _builder_version=\u00a0\u00bb4.6.1&Prime; _module_preset=\u00a0\u00bbdefault\u00a0\u00bb text_font=\u00a0\u00bbAbril Fatface||||||||\u00a0\u00bb text_font_size=\u00a0\u00bb30px\u00a0\u00bb custom_margin=\u00a0\u00bb||14px|||\u00a0\u00bb hover_enabled=\u00a0\u00bb0&Prime; sticky_enabled=\u00a0\u00bb0&Prime;]<\/p>\n<p>DELAFOSSE<\/p>\n<p>Aliz\u00e9e<\/p>\n<p><span style=\"color: #99ccff;\"><a href=\"http:\/\/isn-renaudeau.fr\/dnmade\/index.php\/326-2\/\" style=\"color: #99ccff;\">Mon book<\/a><\/span><\/p>\n<p>[\/et_pb_text][\/et_pb_column][et_pb_column type=\u00a0\u00bb1_3&Prime; _builder_version=\u00a0\u00bb4.6.1&Prime; _module_preset=\u00a0\u00bbdefault\u00a0\u00bb][et_pb_gallery gallery_ids=\u00a0\u00bb1668&Prime; orientation=\u00a0\u00bbportrait\u00a0\u00bb show_title_and_caption=\u00a0\u00bboff\u00a0\u00bb zoom_icon_color=\u00a0\u00bbrgba(0,0,0,0)\u00a0\u00bb hover_overlay_color=\u00a0\u00bbrgba(0,0,0,0)\u00a0\u00bb _builder_version=\u00a0\u00bb4.6.1&Prime; _module_preset=\u00a0\u00bbdefault\u00a0\u00bb background_color=\u00a0\u00bbrgba(0,0,0,0)\u00a0\u00bb transform_scale=\u00a0\u00bb110%|110%\u00a0\u00bb width=\u00a0\u00bb48%\u00a0\u00bb max_width=\u00a0\u00bb36%\u00a0\u00bb min_height=\u00a0\u00bb342px\u00a0\u00bb height=\u00a0\u00bb351px\u00a0\u00bb max_height=\u00a0\u00bb1000px\u00a0\u00bb custom_margin=\u00a0\u00bb||-156px|||\u00a0\u00bb border_color_all=\u00a0\u00bb#88c4dd\u00a0\u00bb border_width_all_image=\u00a0\u00bb3px\u00a0\u00bb border_color_all_image=\u00a0\u00bb#88c4dd\u00a0\u00bb][\/et_pb_gallery][\/et_pb_column][et_pb_column type=\u00a0\u00bb1_3&Prime; _builder_version=\u00a0\u00bb4.6.1&Prime; _module_preset=\u00a0\u00bbdefault\u00a0\u00bb][et_pb_text _builder_version=\u00a0\u00bb4.6.1&Prime; _module_preset=\u00a0\u00bbdefault\u00a0\u00bb]<i class=\"icon-envelope-open\"><\/i> ali.delafosse@gmail.com<\/p>\n<p><i class=\"icon-phone\"><\/i> 0667919541<\/p>\n<p><i class=\" icon-home\"><\/i> 12 rue Roger Hostein, 49300 Cholet, France<\/p>\n<p><i class=\" icon-home\"><\/i> 5 passage de la chena\u00eee, 76620 Le Havre, France[\/et_pb_text][\/et_pb_column][\/et_pb_row][et_pb_row column_structure=\u00a0\u00bb1_2,1_2&Prime; _builder_version=\u00a0\u00bb4.6.1&Prime; _module_preset=\u00a0\u00bbdefault\u00a0\u00bb custom_margin=\u00a0\u00bb-2px|auto|58px|auto||\u00a0\u00bb custom_padding=\u00a0\u00bb19px|17px|0px|||\u00a0\u00bb][et_pb_column type=\u00a0\u00bb1_2&Prime; _builder_version=\u00a0\u00bb4.6.1&Prime; _module_preset=\u00a0\u00bbdefault\u00a0\u00bb][et_pb_divider _builder_version=\u00a0\u00bb4.6.1&Prime; _module_preset=\u00a0\u00bbdefault\u00a0\u00bb custom_padding=\u00a0\u00bb||0px|||\u00a0\u00bb][\/et_pb_divider][et_pb_text _builder_version=\u00a0\u00bb4.6.1&Prime; _module_preset=\u00a0\u00bbdefault\u00a0\u00bb width=\u00a0\u00bb92.1%\u00a0\u00bb]<\/p>\n<h2>PROFIL<\/h2>\n<p style=\"text-align: justify;\">Etudiante en DnMade Mode<br \/> Textile Mat\u00e9riaux Graphisme.<\/p>\n<h2 style=\"text-align: justify;\"><strong><\/strong><\/h2>\n<h2 style=\"text-align: justify;\"><\/h2>\n<h2 style=\"text-align: justify;\"><\/h2>\n<h2 style=\"text-align: justify;\"><\/h2>\n<h2 style=\"text-align: justify;\"><\/h2>\n<h2 style=\"text-align: justify;\"><\/h2>\n<h2 style=\"text-align: justify;\"><\/h2>\n<h2 style=\"text-align: justify;\"><\/h2>\n<h2 style=\"text-align: justify;\"><\/h2>\n<h2 style=\"text-align: justify;\"><\/h2>\n<h2 style=\"text-align: justify;\"><\/h2>\n<h2 style=\"text-align: justify;\"><\/h2>\n<h2 style=\"text-align: justify;\"><\/h2>\n<h2 style=\"text-align: justify;\"><\/h2>\n<h2 style=\"text-align: justify;\"><\/h2>\n<h2 style=\"text-align: justify;\"><\/h2>\n<h2 style=\"text-align: justify;\"><\/h2>\n<h2 style=\"text-align: justify;\"><\/h2>\n<h2 style=\"text-align: justify;\"><\/h2>\n<h2 style=\"text-align: justify;\">CENTRE D&rsquo;INTERETS<\/h2>\n<p>-Mode: couture, dessin, tricot, crochet<\/p>\n<p> -Danse: seconde place au concours \u00abRock<br \/> Challenge\u00bb (Portsmouth)<\/p>\n<p> -Cin\u00e9ma: \u00e9criture et r\u00f4le dans un court<br \/> m\u00e9trage (nomin\u00e9 au festival \u00abS\u00e9rie Mania\u00bb \u00e0 Lille)<\/p>\n<p>&nbsp;<\/p>\n<h2><\/h2>\n<h2><\/h2>\n<h2><\/h2>\n<h2><\/h2>\n<h2><\/h2>\n<h2><\/h2>\n<h2><\/h2>\n<h2><\/h2>\n<h2><\/h2>\n<h2><\/h2>\n<h2><\/h2>\n<h2><\/h2>\n<h2><\/h2>\n<h2><\/h2>\n<h2><\/h2>\n<h2><\/h2>\n<h2><\/h2>\n<h2><\/h2>\n<h2>LANGUES<\/h2>\n<p>-Anglais B2 (LV1) lu, \u00e9crit, parl\u00e9<\/p>\n<p>-Allemand B1 (LV2) lu, \u00e9crit, parl\u00e9<\/p>\n<p>-Italien B1 (LV3) lu, \u00e9crit, parl\u00e9<\/p>\n<p><em>Voyage \u00e0 Barcelone, Espagne (une semaine) \/ 2017-2018<\/em><br \/> <em> Voyage \u00e0 Portsmouth, Royaume-Unis (trois jours) \/ 2016-2017<\/em><br \/> <em> Voyage \u00e0 Venise, Italie (une semaine) \/2015-2016<\/em><\/p>\n<p>[\/et_pb_text][\/et_pb_column][et_pb_column type=\u00a0\u00bb1_2&Prime; _builder_version=\u00a0\u00bb4.6.1&Prime; _module_preset=\u00a0\u00bbdefault\u00a0\u00bb][et_pb_divider color=\u00a0\u00bb#88c4dd\u00a0\u00bb _builder_version=\u00a0\u00bb4.6.1&Prime; _module_preset=\u00a0\u00bbdefault\u00a0\u00bb][\/et_pb_divider][et_pb_text _builder_version=\u00a0\u00bb4.6.1&Prime; _module_preset=\u00a0\u00bbdefault\u00a0\u00bb text_text_color=\u00a0\u00bb#000000&Prime; width=\u00a0\u00bb100%\u00a0\u00bb custom_margin=\u00a0\u00bb||37px||false|false\u00a0\u00bb custom_padding=\u00a0\u00bb||34px|15px|false|false\u00a0\u00bb border_color_all=\u00a0\u00bb#000000&Prime; border_width_left=\u00a0\u00bb1px\u00a0\u00bb border_color_left=\u00a0\u00bb#88c4dd\u00a0\u00bb]<\/p>\n<h2>FORMATION<\/h2>\n<p><span style=\"color: #99ccff;\">Lyc\u00e9e de la mode<\/span><\/p>\n<p><em>Dipl\u00f4me national des m\u00e9tiers d&rsquo;arts et du design (DnMade) Mode Textile Mat\u00e9riaux Graphisme \/ Ann\u00e9e en cours<\/em><\/p>\n<p><span style=\"color: #99ccff;\"><em>Lyc\u00e9e Saint Vincent de Paul<\/em><\/span><\/p>\n<p><em>Mise \u00e0 niveau en arts appliqu\u00e9s (M\u00e0NAA) \/ 2018-2019<\/em><\/p>\n<p><span style=\"color: #99ccff;\">\u00a0Lyc\u00e9e Claude Monet<\/span><\/p>\n<p><em>Baccalaur\u00e9at fili\u00e8re litt\u00e9raire \/ 2017-2018<\/em><\/p>\n<h6>-Sp\u00e9cialit\u00e9 Arts-Plastiques<br \/> -Option LV3 Italien<\/h6>\n<p><span style=\"color: #99ccff;\">\u00a0Coll\u00e8ge Jean Moulin<\/span><\/p>\n<p><em>Brevet mention assez bien \/ 2013-2014<\/em><\/p>\n<p>[\/et_pb_text][et_pb_text _builder_version=\u00a0\u00bb4.6.1&Prime; _module_preset=\u00a0\u00bbdefault\u00a0\u00bb width=\u00a0\u00bb100%\u00a0\u00bb custom_padding=\u00a0\u00bb||13px|||\u00a0\u00bb border_width_left=\u00a0\u00bb1px\u00a0\u00bb border_color_left=\u00a0\u00bb#88c4dd\u00a0\u00bb]<\/p>\n<h2>\u00a0 COMPETENCES<\/h2>\n<h6><strong><\/strong><\/h6>\n<h6><strong><\/strong>\u00a0 \u00a0-Maitrise des logiciels: Photoshop\/ Illustrator\/ Indesign\/ Rhinoc\u00e9ros 3D\/\u00a0 \u00a0 \u00a0 \u00a0WordPress\/ Word\/ PowerPoint<\/h6>\n<h6>\u00a0 \u00a0-Pratique de techniques textiles: tricot (main, machine)\/ feutrage\/ tissage\/ crochet\/ macram\u00e9\/ s\u00e9rigraphie\/ couture<\/h6>\n<h6>\u00a0 \u00a0-Cr\u00e9ative\/ Polyvalente\/Curieuse\/ D\u00e9termin\u00e9e\/ Organis\u00e9e<\/h6>\n<h6>\u00a0 \u00a0-G\u00f4ut pour la cr\u00e9ation\/ la mode\/ l&rsquo;innovation\/ le travail en \u00e9quipe<\/h6>\n<p>&nbsp;<\/p>\n<h2>\u00a0 EXPERIENCE<\/h2>\n<h6>\u00a0<span style=\"color: #99ccff;\"> \u00a0Restaurant \u00abFleur de Sel\u00bb Le Havre<\/span><br \/> <em>\u00a0 \u00a0Aide occasionnelle dans le restaurant familial \/ 2013-2017<\/em><br \/> -Commis de cuisine<br \/> -Plongeuse<br \/> <span style=\"color: #3366ff;\">\u00a0 \u00a0<span style=\"color: #99ccff;\">Boutique \u00abC\u00e9line d\u2019Al\u00bb, vente et retouche de robes de mari\u00e9es Bolbec<\/span><\/span><br \/> <em>\u00a0 \u00a0Stage d\u2019observation (une semaine) \/ 2013-2014<\/em><br \/> -Couture<br \/> -Relation client<br \/> -Vente<\/h6>\n<h2><\/h2>\n<h2><\/h2>\n<h2><\/h2>\n<h2>PRINCIPALES REALISATIONS<\/h2>\n<h6>-Workshop: r\u00e9alisation d\u2019une parure f\u00e9minine \/ 2020<br \/> -Concours \u00abMini textiles\u00bb mus\u00e9e d\u2019Angers \/ 2020<br \/> -Pr\u00e9sidente de l\u2019association \u00abMod &amp; Styl\u00bb \/ 2020<br \/> <em>-Gala des \u00e9tudiants\/ Sweats du lyc\u00e9e\/ vide dressing\/ yearbook&#8230;<\/em><br \/> -D\u00e9fil\u00e9 Inter-G\u00e9n\u00e9rationnel \/ 2020<br \/> -Worshop sur le d\u00e9veloppement durable \/ 2019<br \/> -Workshop: cr\u00e9ation d\u2019un espace modulable pour le bureau<br \/> des \u00e9tudiants \/ 2018<\/h6>\n<p>[\/et_pb_text][\/et_pb_column][\/et_pb_row][et_pb_row column_structure=\u00a0\u00bb1_2,1_2&Prime; _builder_version=\u00a0\u00bb4.6.1&Prime; _module_preset=\u00a0\u00bbdefault\u00a0\u00bb min_height=\u00a0\u00bb96px\u00a0\u00bb][et_pb_column type=\u00a0\u00bb1_2&Prime; _builder_version=\u00a0\u00bb4.6.1&Prime; _module_preset=\u00a0\u00bbdefault\u00a0\u00bb][et_pb_divider _builder_version=\u00a0\u00bb4.6.1&Prime; _module_preset=\u00a0\u00bbdefault\u00a0\u00bb custom_padding=\u00a0\u00bb0px|||||\u00a0\u00bb][\/et_pb_divider][\/et_pb_column][et_pb_column type=\u00a0\u00bb1_2&Prime; _builder_version=\u00a0\u00bb4.6.1&Prime; _module_preset=\u00a0\u00bbdefault\u00a0\u00bb][et_pb_divider _builder_version=\u00a0\u00bb4.6.1&Prime; _module_preset=\u00a0\u00bbdefault\u00a0\u00bb][\/et_pb_divider][\/et_pb_column][\/et_pb_row][\/et_pb_section]<\/p>\n","protected":false},"excerpt":{"rendered":"<p>[et_pb_section fb_built=\u00a0\u00bb1&Prime; _builder_version=\u00a0\u00bb4.6.1&Prime; _module_preset=\u00a0\u00bbdefault\u00a0\u00bb min_height=\u00a0\u00bb771px\u00a0\u00bb][et_pb_row column_structure=\u00a0\u00bb1_3,1_3,1_3&Prime; _builder_version=\u00a0\u00bb4.6.1&Prime; _module_preset=\u00a0\u00bbdefault\u00a0\u00bb transform_scale=\u00a0\u00bb102%|102%\u00a0\u00bb animation_style=\u00a0\u00bbfade\u00a0\u00bb animation_duration=\u00a0\u00bb1800ms\u00a0\u00bb border_width_all=\u00a0\u00bb2px\u00a0\u00bb border_color_all=\u00a0\u00bb#88c4dd\u00a0\u00bb border_style_all=\u00a0\u00bbdotted\u00a0\u00bb][et_pb_column type=\u00a0\u00bb1_3&Prime; _builder_version=\u00a0\u00bb4.6.1&Prime; _module_preset=\u00a0\u00bbdefault\u00a0\u00bb][et_pb_text _builder_version=\u00a0\u00bb4.6.1&Prime; _module_preset=\u00a0\u00bbdefault\u00a0\u00bb text_font=\u00a0\u00bbAbril Fatface||||||||\u00a0\u00bb text_font_size=\u00a0\u00bb30px\u00a0\u00bb custom_margin=\u00a0\u00bb||14px|||\u00a0\u00bb hover_enabled=\u00a0\u00bb0&Prime; sticky_enabled=\u00a0\u00bb0&Prime;] DELAFOSSE Aliz\u00e9e Mon book [\/et_pb_text][\/et_pb_column][et_pb_column type=\u00a0\u00bb1_3&Prime; _builder_version=\u00a0\u00bb4.6.1&Prime; _module_preset=\u00a0\u00bbdefault\u00a0\u00bb][et_pb_gallery gallery_ids=\u00a0\u00bb1668&Prime; orientation=\u00a0\u00bbportrait\u00a0\u00bb show_title_and_caption=\u00a0\u00bboff\u00a0\u00bb zoom_icon_color=\u00a0\u00bbrgba(0,0,0,0)\u00a0\u00bb hover_overlay_color=\u00a0\u00bbrgba(0,0,0,0)\u00a0\u00bb _builder_version=\u00a0\u00bb4.6.1&Prime; _module_preset=\u00a0\u00bbdefault\u00a0\u00bb background_color=\u00a0\u00bbrgba(0,0,0,0)\u00a0\u00bb transform_scale=\u00a0\u00bb110%|110%\u00a0\u00bb width=\u00a0\u00bb48%\u00a0\u00bb max_width=\u00a0\u00bb36%\u00a0\u00bb min_height=\u00a0\u00bb342px\u00a0\u00bb height=\u00a0\u00bb351px\u00a0\u00bb max_height=\u00a0\u00bb1000px\u00a0\u00bb custom_margin=\u00a0\u00bb||-156px|||\u00a0\u00bb border_color_all=\u00a0\u00bb#88c4dd\u00a0\u00bb border_width_all_image=\u00a0\u00bb3px\u00a0\u00bb border_color_all_image=\u00a0\u00bb#88c4dd\u00a0\u00bb][\/et_pb_gallery][\/et_pb_column][et_pb_column type=\u00a0\u00bb1_3&Prime; _builder_version=\u00a0\u00bb4.6.1&Prime; _module_preset=\u00a0\u00bbdefault\u00a0\u00bb][et_pb_text _builder_version=\u00a0\u00bb4.6.1&Prime; [&hellip;]<\/p>\n","protected":false},"author":15,"featured_media":0,"parent":0,"menu_order":0,"comment_status":"closed","ping_status":"closed","template":"","meta":{"_et_pb_use_builder":"on","_et_pb_old_content":"","_et_gb_content_width":""},"_links":{"self":[{"href":"https:\/\/isn-renaudeau.fr\/dnmade\/index.php\/wp-json\/wp\/v2\/pages\/2420"}],"collection":[{"href":"https:\/\/isn-renaudeau.fr\/dnmade\/index.php\/wp-json\/wp\/v2\/pages"}],"about":[{"href":"https:\/\/isn-renaudeau.fr\/dnmade\/index.php\/wp-json\/wp\/v2\/types\/page"}],"author":[{"embeddable":true,"href":"https:\/\/isn-renaudeau.fr\/dnmade\/index.php\/wp-json\/wp\/v2\/users\/15"}],"replies":[{"embeddable":true,"href":"https:\/\/isn-renaudeau.fr\/dnmade\/index.php\/wp-json\/wp\/v2\/comments?post=2420"}],"version-history":[{"count":15,"href":"https:\/\/isn-renaudeau.fr\/dnmade\/index.php\/wp-json\/wp\/v2\/pages\/2420\/revisions"}],"predecessor-version":[{"id":4104,"href":"https:\/\/isn-renaudeau.fr\/dnmade\/index.php\/wp-json\/wp\/v2\/pages\/2420\/revisions\/4104"}],"wp:attachment":[{"href":"https:\/\/isn-renaudeau.fr\/dnmade\/index.php\/wp-json\/wp\/v2\/media?parent=2420"}],"curies":[{"name":"wp","href":"https:\/\/api.w.org\/{rel}","templated":true}]}}