{"id":2411,"date":"2020-12-13T20:06:37","date_gmt":"2020-12-13T19:06:37","guid":{"rendered":"http:\/\/isn-renaudeau.fr\/dnmade\/?page_id=2411"},"modified":"2020-12-13T22:45:08","modified_gmt":"2020-12-13T21:45:08","slug":"mon-cv-mathilde-boussard","status":"publish","type":"page","link":"https:\/\/isn-renaudeau.fr\/dnmade\/index.php\/mon-cv-mathilde-boussard\/","title":{"rendered":"Mon CV, Mathilde BOUSSARD"},"content":{"rendered":"\n\n[et_pb_section fb_built=\u00a0\u00bb1&Prime; _builder_version=\u00a0\u00bb4.6.1&Prime; _module_preset=\u00a0\u00bbdefault\u00a0\u00bb][et_pb_row column_structure=\u00a0\u00bb1_5,1_5,1_5,1_5,1_5&Prime; _builder_version=\u00a0\u00bb4.6.1&Prime; _module_preset=\u00a0\u00bbdefault\u00a0\u00bb hover_enabled=\u00a0\u00bb0&Prime; custom_margin=\u00a0\u00bb36px||||false|false\u00a0\u00bb sticky_enabled=\u00a0\u00bb0&Prime;][et_pb_column type=\u00a0\u00bb1_5&Prime; _builder_version=\u00a0\u00bb4.6.1&Prime; _module_preset=\u00a0\u00bbdefault\u00a0\u00bb][et_pb_image src=\u00a0\u00bbhttp:\/\/isn-renaudeau.fr\/dnmade\/wp-content\/uploads\/2020\/12\/feuille-1.jpg\u00a0\u00bb title_text=\u00a0\u00bbfeuille 1&Prime; _builder_version=\u00a0\u00bb4.6.1&Prime; _module_preset=\u00a0\u00bbdefault\u00a0\u00bb transform_scale=\u00a0\u00bb494%|494%\u00a0\u00bb width=\u00a0\u00bb24%\u00a0\u00bb custom_margin=\u00a0\u00bb22px|||8px|false|false\u00a0\u00bb custom_padding=\u00a0\u00bb0px||||false|false\u00a0\u00bb][\/et_pb_image][\/et_pb_column][et_pb_column type=\u00a0\u00bb1_5&Prime; _builder_version=\u00a0\u00bb4.6.1&Prime; _module_preset=\u00a0\u00bbdefault\u00a0\u00bb][et_pb_image src=\u00a0\u00bbhttp:\/\/isn-renaudeau.fr\/dnmade\/wp-content\/uploads\/2020\/12\/PHOTO-CV.jpg\u00a0\u00bb title_text=\u00a0\u00bbPHOTO CV\u00a0\u00bb _builder_version=\u00a0\u00bb4.6.1&Prime; _module_preset=\u00a0\u00bbdefault\u00a0\u00bb transform_scale=\u00a0\u00bb644%|644%\u00a0\u00bb width=\u00a0\u00bb21%\u00a0\u00bb custom_margin=\u00a0\u00bb22px||22px|-44px|false|false\u00a0\u00bb custom_padding=\u00a0\u00bb|0px||||\u00a0\u00bb][\/et_pb_image][\/et_pb_column][et_pb_column type=\u00a0\u00bb1_5&Prime; _builder_version=\u00a0\u00bb4.6.1&Prime; _module_preset=\u00a0\u00bbdefault\u00a0\u00bb][et_pb_text _builder_version=\u00a0\u00bb4.6.1&Prime; _module_preset=\u00a0\u00bbdefault\u00a0\u00bb text_font=\u00a0\u00bbNotable||||||||\u00a0\u00bb text_text_color=\u00a0\u00bb#af8bba\u00a0\u00bb text_font_size=\u00a0\u00bb22px\u00a0\u00bb text_line_height=\u00a0\u00bb1em\u00a0\u00bb transform_scale=\u00a0\u00bb138%|138%\u00a0\u00bb width=\u00a0\u00bb100%\u00a0\u00bb height=\u00a0\u00bb207px\u00a0\u00bb custom_margin=\u00a0\u00bb0px|-187px|-151px|-123px|false|false\u00a0\u00bb custom_padding=\u00a0\u00bb26px|0px|0px||false|false\u00a0\u00bb]<p>Mathilde BOUSSARD<\/p>[\/et_pb_text][et_pb_text _builder_version=\u00a0\u00bb4.6.1&Prime; _module_preset=\u00a0\u00bbdefault\u00a0\u00bb text_font=\u00a0\u00bbMina||||||||\u00a0\u00bb text_font_size=\u00a0\u00bb1px\u00a0\u00bb text_line_height=\u00a0\u00bb3em\u00a0\u00bb custom_margin=\u00a0\u00bb25px|-28px||-155px|false|false\u00a0\u00bb]<p><span style=\"font-size: 14px;\">\u00c9tudiante DNMADE mode et textile\u00a0<\/span><\/p>[\/et_pb_text][\/et_pb_column][et_pb_column type=\u00a0\u00bb1_5&Prime; _builder_version=\u00a0\u00bb4.6.1&Prime; _module_preset=\u00a0\u00bbdefault\u00a0\u00bb][et_pb_divider divider_weight=\u00a0\u00bb0px\u00a0\u00bb _builder_version=\u00a0\u00bb4.6.1&Prime; _module_preset=\u00a0\u00bbdefault\u00a0\u00bb transform_scale=\u00a0\u00bb114%|114%\u00a0\u00bb width=\u00a0\u00bb100%\u00a0\u00bb min_height=\u00a0\u00bb100px\u00a0\u00bb custom_margin=\u00a0\u00bb-7px|||-150px|false|false\u00a0\u00bb custom_padding=\u00a0\u00bb7px||||false|false\u00a0\u00bb border_color_all=\u00a0\u00bbrgba(141,91,163,0.45)\u00a0\u00bb border_width_right=\u00a0\u00bb1px\u00a0\u00bb][\/et_pb_divider][\/et_pb_column][et_pb_column type=\u00a0\u00bb1_5&Prime; _builder_version=\u00a0\u00bb4.6.1&Prime; _module_preset=\u00a0\u00bbdefault\u00a0\u00bb][et_pb_text _builder_version=\u00a0\u00bb4.6.1&Prime; _module_preset=\u00a0\u00bbdefault\u00a0\u00bb text_font=\u00a0\u00bbMina||||||||\u00a0\u00bb text_line_height=\u00a0\u00bb1em\u00a0\u00bb min_height=\u00a0\u00bb88px\u00a0\u00bb custom_margin=\u00a0\u00bb10px||-29px|-180px|false|false\u00a0\u00bb]<p><span>\u2706: 0651494646<\/span><\/p>\n<p>\u2709: <a href=\"mailto:mathildeb.projets@gmail.com\">mathildeb.projets@gmail.com<\/a><\/p>\n<p>Cholet, France<\/p>[\/et_pb_text][\/et_pb_column][\/et_pb_row][et_pb_row column_structure=\u00a0\u00bb1_2,1_2&Prime; _builder_version=\u00a0\u00bb4.6.1&Prime; _module_preset=\u00a0\u00bbdefault\u00a0\u00bb][et_pb_column type=\u00a0\u00bb1_2&Prime; _builder_version=\u00a0\u00bb4.6.1&Prime; _module_preset=\u00a0\u00bbdefault\u00a0\u00bb][et_pb_text _builder_version=\u00a0\u00bb4.6.1&Prime; _module_preset=\u00a0\u00bbdefault\u00a0\u00bb text_text_color=\u00a0\u00bb#0c71c3&Prime; text_font_size=\u00a0\u00bb19px\u00a0\u00bb background_color=\u00a0\u00bbrgba(0,0,0,0)\u00a0\u00bb hover_transition_duration=\u00a0\u00bb350ms\u00a0\u00bb link_option_url=\u00a0\u00bbhttp:\/\/isn-renaudeau.fr\/dnmade\/index.php\/mon-book-mathilde-boussard\/\u00a0\u00bb hover_enabled=\u00a0\u00bb0&Prime; custom_padding=\u00a0\u00bb15px||30px||false|false\u00a0\u00bb min_height=\u00a0\u00bb19px\u00a0\u00bb sticky_enabled=\u00a0\u00bb0&Prime;]<p><strong>VOIR MON BOOK<\/strong><\/p>[\/et_pb_text][et_pb_text _builder_version=\u00a0\u00bb4.6.1&Prime; _module_preset=\u00a0\u00bbdefault\u00a0\u00bb text_font=\u00a0\u00bbMina||||||||\u00a0\u00bb custom_padding=\u00a0\u00bb50px|||||\u00a0\u00bb custom_margin=\u00a0\u00bb-67px|||||\u00a0\u00bb]<p style=\"text-align: justify;\">Actuellement en 2\u00e8me ann\u00e9e de DNMADE mode textile au lyc\u00e9e de la Mode \u00e0 Cholet, je suis disponible pour un stage de 2 \u00e0 5 mois entre le 24 avril 2021 et le 16 octobre 2021. Dynamique et volontaire, je suis curieuse de tout ce qui a attrait aux savoirs faire et artisanat textile, je vous invite d&rsquo;ailleurs \u00e0 consulter mon book ci-dessus !<\/p>\n<p style=\"text-align: justify;\"><\/p>\n<p style=\"text-align: justify;\"><span style=\"font-size: 14px;\"><\/span><\/p>\n<p style=\"text-align: justify;\"><span style=\"font-size: 14px;\"><\/span><\/p>\n<p style=\"text-align: justify;\"><strong>PARCOURS SCOLAIRE<\/strong><\/p>\n<p style=\"text-align: justify;\"><span>2016 &#8211; 2019 \u2192 Bac STD2A, au lyc\u00e9e Eug\u00e8ne Livet, 16 Rue Dufour, 44000 Nantes<\/span><\/p>\n<p style=\"text-align: justify;\">2019 &#8211; 2020\u00a0<span>\u2192 1\u00e8re ann\u00e9e DNMADE mode textile, au lyc\u00e9e de la Mode,\u00a020 Rue du Carteron, 49300 Cholet<\/span><span><\/span><\/p>\n<p style=\"text-align: justify;\">Actuellement en 2\u00e8me ann\u00e9e DNMADE\u00a0<span>mode textile<\/span><span><\/span><\/p>\n<p style=\"text-align: justify;\"><span><\/span><\/p>\n<p style=\"text-align: justify;\"><span><\/span><\/p>\n<p style=\"text-align: justify;\"><span><\/span><\/p>\n<p style=\"text-align: justify;\"><strong>EXP\u00c9RIENCES PROFESSIONNELLES<\/strong><\/p>\n<p>Octobre 2015\u00a0<span>\u2192 Stage d&rsquo;observation \u00e0 KIABI au p\u00f4le de cr\u00e9ation<\/span><\/p>\n<p>Lors de ce stage, j&rsquo;ai pu explorer un large rang de disciplines, telles que l&rsquo;infographie, le mod\u00e9lisme, la photographie, la mod\u00e9lisation 3D o\u00f9 encore le stylisme. Ce stage m&rsquo;aura \u00e9galement permis de me familiariser avec des logiciels tels que Photoshop ou Illustrator.<span><\/span><\/p>\n<p><span><\/span><\/p>\n<p><span><\/span><\/p>\n<p><span>2018 &#8211; 2020\u00a0\u2192 Babysitting et garde d&rsquo;enfants<\/span><\/p>\n<p><span><\/span><\/p>\n<p><span><\/span><\/p>[\/et_pb_text][\/et_pb_column][et_pb_column type=\u00a0\u00bb1_2&Prime; _builder_version=\u00a0\u00bb4.6.1&Prime; _module_preset=\u00a0\u00bbdefault\u00a0\u00bb][et_pb_text _builder_version=\u00a0\u00bb4.6.1&Prime; _module_preset=\u00a0\u00bbdefault\u00a0\u00bb custom_margin=\u00a0\u00bb|5px||160px|false|false\u00a0\u00bb custom_padding=\u00a0\u00bb|0px|0px||false|false\u00a0\u00bb hover_enabled=\u00a0\u00bb0&Prime; text_line_height=\u00a0\u00bb1.1em\u00a0\u00bb sticky_enabled=\u00a0\u00bb0&Prime;]<p><span style=\"font-size: 14px;\"><strong>COMP\u00c9TENCES<\/strong><\/span><\/p>\n<p><span style=\"font-size: 14px;\"><\/span><\/p>\n<p><strong>Langues:<\/strong><\/p>\n<p>\u2022 Fran\u00e7ais\u00a0<span>\u2192 couramment<\/span><\/p>\n<p>\u2022 Anglais\u00a0<span>\u2192 couramment<\/span><span><\/span><\/p>\n<p>\u2022 Allemand\u00a0<span>\u2192 notions<\/span><\/p>\n<p><span><\/span><\/p>\n<p><strong>Savoirs faire:<\/strong><\/p>\n<p>\u2022 Crochet\u00a0<span>\u2192 ma\u00eetris\u00e9<\/span><\/p>\n<p>\u2022 Tissage\u00a0<span>\u2192 ma\u00eetris\u00e9<\/span><\/p>\n<p>\u2022 Macram\u00e9\u00a0<span>\u2192 ma\u00eetris\u00e9<\/span><\/p>\n<p>\u2022 Tricot\u00a0<span>\u2192 interm\u00e9diaire<\/span><\/p>\n<p><span><\/span><\/p>\n<p><strong>Logiciels:<\/strong><\/p>\n<p><span style=\"font-size: 14px;\">\u2022 Photoshop\u00a0<span>\u2192 ma\u00eetris\u00e9<\/span><\/span><\/p>\n<p>\u2022 InDesign\u00a0<span>\u2192<\/span>\u00a0interm\u00e9diaire<\/p>\n<p>\u2022 Illustrator\u00a0<span>\u2192<\/span> notions<\/p>\n<p>&nbsp;<\/p>\n<p>&nbsp;<\/p>\n<p><strong>CENTRES D&rsquo;INT\u00c9R\u00caT<\/strong><\/p>\n<p>&nbsp;<\/p>\n<p><strong>Cin\u00e9ma:<\/strong><\/p>\n<p>\u2022 Big Fish, Tim Burton<\/p>\n<p>\u2022 Portrait de la jeune fille en feu, C\u00e9line Sciamma<\/p>\n<p>\u2022 Little Miss Sunshine,\u00a0<span>Jonathan Dayton et Valerie Faris<\/span><\/p>\n<p><span><\/span><\/p>\n<p><strong>Lecture:<\/strong><\/p>\n<p>\u2022 Sorci\u00e8res: La puissance invaincue des femmes, Mona Chollet<\/p>\n<p>\u2022 Bye bye Blondie, Virginie Despentes<\/p>\n<p>\u2022 Parce que les tatouages sont notre histoire,\u00a0<span>H\u00e9lo\u00efse Guay de Bellissen<\/span><\/p>\n<p><span><\/span><\/p>\n<p><strong>Jeux-vid\u00e9os:<\/strong><\/p>\n<p>\u2022 Life is Strange 2<\/p>\n<p>\u2022 Firewatch<\/p>\n<p>\u2022 Beyond Two Souls<\/p>\n<p>&nbsp;<\/p>[\/et_pb_text][\/et_pb_column][\/et_pb_row][\/et_pb_section]\n\n","protected":false},"excerpt":{"rendered":"","protected":false},"author":8,"featured_media":0,"parent":0,"menu_order":0,"comment_status":"closed","ping_status":"closed","template":"","meta":{"_et_pb_use_builder":"on","_et_pb_old_content":"","_et_gb_content_width":""},"_links":{"self":[{"href":"https:\/\/isn-renaudeau.fr\/dnmade\/index.php\/wp-json\/wp\/v2\/pages\/2411"}],"collection":[{"href":"https:\/\/isn-renaudeau.fr\/dnmade\/index.php\/wp-json\/wp\/v2\/pages"}],"about":[{"href":"https:\/\/isn-renaudeau.fr\/dnmade\/index.php\/wp-json\/wp\/v2\/types\/page"}],"author":[{"embeddable":true,"href":"https:\/\/isn-renaudeau.fr\/dnmade\/index.php\/wp-json\/wp\/v2\/users\/8"}],"replies":[{"embeddable":true,"href":"https:\/\/isn-renaudeau.fr\/dnmade\/index.php\/wp-json\/wp\/v2\/comments?post=2411"}],"version-history":[{"count":13,"href":"https:\/\/isn-renaudeau.fr\/dnmade\/index.php\/wp-json\/wp\/v2\/pages\/2411\/revisions"}],"predecessor-version":[{"id":6223,"href":"https:\/\/isn-renaudeau.fr\/dnmade\/index.php\/wp-json\/wp\/v2\/pages\/2411\/revisions\/6223"}],"wp:attachment":[{"href":"https:\/\/isn-renaudeau.fr\/dnmade\/index.php\/wp-json\/wp\/v2\/media?parent=2411"}],"curies":[{"name":"wp","href":"https:\/\/api.w.org\/{rel}","templated":true}]}}