{"id":2407,"date":"2020-11-24T15:17:15","date_gmt":"2020-11-24T14:17:15","guid":{"rendered":"http:\/\/isn-renaudeau.fr\/dnmade\/?page_id=2407"},"modified":"2021-01-19T19:40:51","modified_gmt":"2021-01-19T18:40:51","slug":"mon-cv-lisa-brunet","status":"publish","type":"page","link":"https:\/\/isn-renaudeau.fr\/dnmade\/index.php\/mon-cv-lisa-brunet\/","title":{"rendered":"Mon CV &#8211; Lisa Brunet"},"content":{"rendered":"<p>[et_pb_section fb_built=\u00a0\u00bb1&Prime; _builder_version=\u00a0\u00bb4.6.1&Prime; _module_preset=\u00a0\u00bbdefault\u00a0\u00bb min_height=\u00a0\u00bb1329px\u00a0\u00bb custom_margin=\u00a0\u00bb||-1px|||\u00a0\u00bb custom_padding=\u00a0\u00bb5px||0px|||\u00a0\u00bb][et_pb_row column_structure=\u00a0\u00bb1_3,1_3,1_3&Prime; _builder_version=\u00a0\u00bb4.6.1&Prime; _module_preset=\u00a0\u00bbdefault\u00a0\u00bb][et_pb_column type=\u00a0\u00bb1_3&Prime; _builder_version=\u00a0\u00bb4.6.1&Prime; _module_preset=\u00a0\u00bbdefault\u00a0\u00bb][et_pb_text _builder_version=\u00a0\u00bb4.6.1&Prime; _module_preset=\u00a0\u00bbdefault\u00a0\u00bb]<\/p>\n<h1>BRUNET<\/h1>\n<h2>LISA<\/h2>\n<p>[\/et_pb_text][\/et_pb_column][et_pb_column type=\u00a0\u00bb1_3&Prime; _builder_version=\u00a0\u00bb4.6.1&Prime; _module_preset=\u00a0\u00bbdefault\u00a0\u00bb][et_pb_image src=\u00a0\u00bbhttp:\/\/isn-renaudeau.fr\/dnmade\/wp-content\/uploads\/2020\/10\/cosmetic-shop-icon-woman.png\u00a0\u00bb title_text=\u00a0\u00bbcosmetic-shop-icon-woman\u00a0\u00bb _builder_version=\u00a0\u00bb4.6.1&Prime; _module_preset=\u00a0\u00bbdefault\u00a0\u00bb][\/et_pb_image][\/et_pb_column][et_pb_column type=\u00a0\u00bb1_3&Prime; _builder_version=\u00a0\u00bb4.6.1&Prime; _module_preset=\u00a0\u00bbdefault\u00a0\u00bb][et_pb_text _builder_version=\u00a0\u00bb4.6.1&Prime; _module_preset=\u00a0\u00bbdefault\u00a0\u00bb]CONTACT<\/p>\n<p><i class=\"icon-user-female\"><\/i> BRUNET Lisa<br \/>\nn\u00e9e le 01\/07\/2001<\/p>\n<p><i class=\" icon-location-pin\"><\/i>25 rue Saint Pierre<br \/>\n49300 CHOLET<\/p>\n<p><i class=\" icon-phone\"><\/i> 07.71.79.56.82<\/p>\n<p><i class=\" icon-envelope-open\"><\/i> lisabrunet692@gmail.com[\/et_pb_text][\/et_pb_column][\/et_pb_row][et_pb_row column_structure=\u00a0\u00bb1_4,1_4,1_4,1_4&Prime; _builder_version=\u00a0\u00bb4.6.1&Prime; _module_preset=\u00a0\u00bbdefault\u00a0\u00bb][et_pb_column type=\u00a0\u00bb1_4&Prime; _builder_version=\u00a0\u00bb4.6.1&Prime; _module_preset=\u00a0\u00bbdefault\u00a0\u00bb][et_pb_text _builder_version=\u00a0\u00bb4.6.1&Prime; _module_preset=\u00a0\u00bbdefault\u00a0\u00bb custom_margin=\u00a0\u00bb|-284px||||\u00a0\u00bb custom_padding=\u00a0\u00bb||0px|||\u00a0\u00bb]<\/p>\n<h2>PROFIL<\/h2>\n<p>Actuellement en deuxi\u00e8me ann\u00e9e de DNMADE option Textile, Mat\u00e9riaux, Graphisme \u00e0 Cholet. Je souhaite par la suite travailler dans l&rsquo;artisanat.<\/p>\n<p>[\/et_pb_text][\/et_pb_column][et_pb_column type=\u00a0\u00bb1_4&Prime; _builder_version=\u00a0\u00bb4.6.1&Prime; _module_preset=\u00a0\u00bbdefault\u00a0\u00bb][\/et_pb_column][et_pb_column type=\u00a0\u00bb1_4&Prime; _builder_version=\u00a0\u00bb4.6.1&Prime; _module_preset=\u00a0\u00bbdefault\u00a0\u00bb][\/et_pb_column][et_pb_column type=\u00a0\u00bb1_4&Prime; _builder_version=\u00a0\u00bb4.6.1&Prime; _module_preset=\u00a0\u00bbdefault\u00a0\u00bb][et_pb_button button_url=\u00a0\u00bbhttp:\/\/isn-renaudeau.fr\/dnmade\/index.php\/page-liens-projets-book\/\u00a0\u00bb button_text=\u00a0\u00bbMon Book\u00a0\u00bb _builder_version=\u00a0\u00bb4.6.1&Prime; _module_preset=\u00a0\u00bbdefault\u00a0\u00bb][\/et_pb_button][\/et_pb_column][\/et_pb_row][et_pb_row column_structure=\u00a0\u00bb1_2,1_2&Prime; _builder_version=\u00a0\u00bb4.6.1&Prime; _module_preset=\u00a0\u00bbdefault\u00a0\u00bb custom_margin=\u00a0\u00bb6px|auto||auto||\u00a0\u00bb][et_pb_column type=\u00a0\u00bb1_2&Prime; _builder_version=\u00a0\u00bb4.6.1&Prime; _module_preset=\u00a0\u00bbdefault\u00a0\u00bb][et_pb_divider _builder_version=\u00a0\u00bb4.6.1&Prime; _module_preset=\u00a0\u00bbdefault\u00a0\u00bb custom_margin=\u00a0\u00bb-52px|||||\u00a0\u00bb custom_padding=\u00a0\u00bb21px|||||\u00a0\u00bb][\/et_pb_divider][et_pb_text _builder_version=\u00a0\u00bb4.6.1&Prime; _module_preset=\u00a0\u00bbdefault\u00a0\u00bb min_height=\u00a0\u00bb302px\u00a0\u00bb custom_margin=\u00a0\u00bb36px|||||\u00a0\u00bb custom_padding=\u00a0\u00bb0px|||||\u00a0\u00bb hover_enabled=\u00a0\u00bb0&Prime; sticky_enabled=\u00a0\u00bb0&Prime;]<\/p>\n<p>FORMATIONS :<\/p>\n<p>2020-21 : Deuxi\u00e8me ann\u00e9e de DNMADE option Textile, Mat\u00e9riaux, Graphisme &#8211; Lyc\u00e9e de la mode &#8211; Cholet<\/p>\n<p>2019-20 : Premi\u00e8re ann\u00e9e de DNMADE\u00a0 option Textile, Mat\u00e9riaux, Graphisme &#8211; Lyc\u00e9e de la mode &#8211; Cholet<\/p>\n<p>2018-19 : Terminale sp\u00e9cialit\u00e9 et option arts plastiques &#8211; Lyc\u00e9e Auguste et Jean Renoir &#8211; Angers -obtention du baccalaur\u00e9at mention assez bien<\/p>\n<p>2017-18 : Premi\u00e8re sp\u00e9cialit\u00e9 et option arts plastiques- Lyc\u00e9e Auguste et Jean Renoir &#8211; Angers<\/p>\n<p>2016-17 : Seconde option arts plastiques &#8211; Lyc\u00e9e Auguste et Jean Renoir &#8211; Angers<\/p>\n<p>[\/et_pb_text][\/et_pb_column][et_pb_column type=\u00a0\u00bb1_2&Prime; _builder_version=\u00a0\u00bb4.6.1&Prime; _module_preset=\u00a0\u00bbdefault\u00a0\u00bb][et_pb_text _builder_version=\u00a0\u00bb4.6.1&Prime; _module_preset=\u00a0\u00bbdefault\u00a0\u00bb custom_padding=\u00a0\u00bb27px|||||\u00a0\u00bb hover_enabled=\u00a0\u00bb0&Prime; sticky_enabled=\u00a0\u00bb0&Prime;]<\/p>\n<p>COMPETENCES :<\/p>\n<p>Langues : Anglais (lu, \u00e9crit, parl\u00e9)<\/p>\n<p>Allemand (scolaire)<\/p>\n<p>Logiciels : Word, InDesign, Illustrator, Photoshop, bases de Rhinoc\u00e9ros (logiciel 3D)<\/p>\n<p>Maille : tricot main, tricot machine, crochet, macram\u00e9<\/p>\n<p>Autres : tissage, broderie, linogravure<\/p>\n<p>&nbsp;<\/p>\n<p>&nbsp;<\/p>\n<p>&nbsp;<\/p>\n<p>INTERETS :<\/p>\n<p>Mode, cin\u00e9ma, photographie, lecture (ex. bandes dessin\u00e9es \u00ab\u00a0Culott\u00e9es\u00a0\u00bb &#8211; \u00ab\u00a0Radium Girls\u00a0\u00bb &#8211; \u00ab\u00a0Mauvais genre\u00a0\u00bb), dessin (one-line), linogravure<\/p>\n<p>Visites &#8211; expositions (\u00ab\u00a0Envol\u00a0\u00bb &#8211; Maison Rouge &#8211;\u00a0 2018 &#8211; Paris &#8211; Basquiat et Schiele &#8211; 2018 &amp; Charlotte Perriand &#8211; 2019 &#8211; Fondation Louis Vuitton &#8211; Paris)<\/p>\n<p>Mus\u00e9es &#8211; (Collection Peggy Guggenheim &#8211; Venise, Mus\u00e9e Hamburger Bahnhof &#8211; Berlin, Mus\u00e9e Ludwig &#8211; Cologne, Mus\u00e9e du Louvre &#8211; Paris, Mus\u00e9e Jean Lur\u00e7at et la tapisserie contemporaine &#8211; Angers, Mus\u00e9es des Beaux-Arts &#8211; Angers &#8211; Nantes)<\/p>\n<p>Voyages &#8211; (Venise, Berlin, Cologne, Paris, Arles, N\u00eemes, Orange)<\/p>\n<p>[\/et_pb_text][\/et_pb_column][\/et_pb_row][et_pb_row column_structure=\u00a0\u00bb1_2,1_2&Prime; _builder_version=\u00a0\u00bb4.6.1&Prime; _module_preset=\u00a0\u00bbdefault\u00a0\u00bb min_height=\u00a0\u00bb196px\u00a0\u00bb custom_margin=\u00a0\u00bb-1px|auto||auto||\u00a0\u00bb custom_padding=\u00a0\u00bb98px||0px|||\u00a0\u00bb][et_pb_column type=\u00a0\u00bb1_2&Prime; _builder_version=\u00a0\u00bb4.6.1&Prime; _module_preset=\u00a0\u00bbdefault\u00a0\u00bb][et_pb_text _builder_version=\u00a0\u00bb4.6.1&Prime; _module_preset=\u00a0\u00bbdefault\u00a0\u00bb min_height=\u00a0\u00bb189px\u00a0\u00bb custom_margin=\u00a0\u00bb-409px||-32px|||\u00a0\u00bb custom_padding=\u00a0\u00bb0px|0px|0px|||\u00a0\u00bb hover_enabled=\u00a0\u00bb0&Prime; sticky_enabled=\u00a0\u00bb0&Prime;]<\/p>\n<p>EXPERIENCES PROFESSIONNELLES :<\/p>\n<p>Et\u00e9 ao\u00fbt 2020 : CDI \u00e9tudiant \u00e0 la SARL Les Jardins des\u00a0 Ardoisi\u00e8res &#8211; Tr\u00e9laz\u00e9 (aide en boutique, mise en rayon, d\u00e9palettisation, inventaire)<\/p>\n<p>Et\u00e9 ao\u00fbt 2019 : CDI \u00e9tudiant \u00e0 la SARL Les Jardins des Ardoisi\u00e8res &#8211; Tr\u00e9laz\u00e9 (aide en boutique, mise en rayon, d\u00e9palettisation, inventaire)<\/p>\n<p>Et\u00e9 2017-18 : Emplois saisonnier &#8211; Saint Mathurin sur Loire (ma\u00efs, carottes, oignons)<\/p>\n<p>&nbsp;<\/p>\n<p>&nbsp;<\/p>\n<p>[\/et_pb_text][et_pb_text _builder_version=\u00a0\u00bb4.6.1&Prime; _module_preset=\u00a0\u00bbdefault\u00a0\u00bb min_height=\u00a0\u00bb114px\u00a0\u00bb custom_margin=\u00a0\u00bb1px|||||\u00a0\u00bb hover_enabled=\u00a0\u00bb0&Prime; sticky_enabled=\u00a0\u00bb0&Prime;]<\/p>\n<p>EXPERIENCES PERSONNELLES :<\/p>\n<p>Septembre &#8211; Novembre 2020 : participation au concours mini-textile organis\u00e9 par les Mus\u00e9es d&rsquo;Angers &#8211; Angers<\/p>\n<p>Et\u00e9 2017\/2018\/2019\/2020 &#8211; babysitting<\/p>\n<p>[\/et_pb_text][\/et_pb_column][et_pb_column type=\u00a0\u00bb1_2&Prime; _builder_version=\u00a0\u00bb4.6.1&Prime; _module_preset=\u00a0\u00bbdefault\u00a0\u00bb][\/et_pb_column][\/et_pb_row][\/et_pb_section]<\/p>\n","protected":false},"excerpt":{"rendered":"<p>[et_pb_section fb_built=\u00a0\u00bb1&Prime; _builder_version=\u00a0\u00bb4.6.1&Prime; _module_preset=\u00a0\u00bbdefault\u00a0\u00bb min_height=\u00a0\u00bb1329px\u00a0\u00bb custom_margin=\u00a0\u00bb||-1px|||\u00a0\u00bb custom_padding=\u00a0\u00bb5px||0px|||\u00a0\u00bb][et_pb_row column_structure=\u00a0\u00bb1_3,1_3,1_3&Prime; _builder_version=\u00a0\u00bb4.6.1&Prime; _module_preset=\u00a0\u00bbdefault\u00a0\u00bb][et_pb_column type=\u00a0\u00bb1_3&Prime; _builder_version=\u00a0\u00bb4.6.1&Prime; _module_preset=\u00a0\u00bbdefault\u00a0\u00bb][et_pb_text _builder_version=\u00a0\u00bb4.6.1&Prime; _module_preset=\u00a0\u00bbdefault\u00a0\u00bb] BRUNET LISA [\/et_pb_text][\/et_pb_column][et_pb_column type=\u00a0\u00bb1_3&Prime; _builder_version=\u00a0\u00bb4.6.1&Prime; _module_preset=\u00a0\u00bbdefault\u00a0\u00bb][et_pb_image src=\u00a0\u00bbhttp:\/\/isn-renaudeau.fr\/dnmade\/wp-content\/uploads\/2020\/10\/cosmetic-shop-icon-woman.png\u00a0\u00bb title_text=\u00a0\u00bbcosmetic-shop-icon-woman\u00a0\u00bb _builder_version=\u00a0\u00bb4.6.1&Prime; _module_preset=\u00a0\u00bbdefault\u00a0\u00bb][\/et_pb_image][\/et_pb_column][et_pb_column type=\u00a0\u00bb1_3&Prime; _builder_version=\u00a0\u00bb4.6.1&Prime; _module_preset=\u00a0\u00bbdefault\u00a0\u00bb][et_pb_text _builder_version=\u00a0\u00bb4.6.1&Prime; _module_preset=\u00a0\u00bbdefault\u00a0\u00bb]CONTACT BRUNET Lisa n\u00e9e le 01\/07\/2001 25 rue Saint Pierre 49300 CHOLET 07.71.79.56.82 lisabrunet692@gmail.com[\/et_pb_text][\/et_pb_column][\/et_pb_row][et_pb_row column_structure=\u00a0\u00bb1_4,1_4,1_4,1_4&Prime; _builder_version=\u00a0\u00bb4.6.1&Prime; _module_preset=\u00a0\u00bbdefault\u00a0\u00bb][et_pb_column type=\u00a0\u00bb1_4&Prime; _builder_version=\u00a0\u00bb4.6.1&Prime; _module_preset=\u00a0\u00bbdefault\u00a0\u00bb][et_pb_text _builder_version=\u00a0\u00bb4.6.1&Prime; _module_preset=\u00a0\u00bbdefault\u00a0\u00bb custom_margin=\u00a0\u00bb|-284px||||\u00a0\u00bb custom_padding=\u00a0\u00bb||0px|||\u00a0\u00bb] PROFIL Actuellement [&hellip;]<\/p>\n","protected":false},"author":21,"featured_media":0,"parent":0,"menu_order":0,"comment_status":"closed","ping_status":"closed","template":"","meta":{"_et_pb_use_builder":"on","_et_pb_old_content":"","_et_gb_content_width":""},"_links":{"self":[{"href":"https:\/\/isn-renaudeau.fr\/dnmade\/index.php\/wp-json\/wp\/v2\/pages\/2407"}],"collection":[{"href":"https:\/\/isn-renaudeau.fr\/dnmade\/index.php\/wp-json\/wp\/v2\/pages"}],"about":[{"href":"https:\/\/isn-renaudeau.fr\/dnmade\/index.php\/wp-json\/wp\/v2\/types\/page"}],"author":[{"embeddable":true,"href":"https:\/\/isn-renaudeau.fr\/dnmade\/index.php\/wp-json\/wp\/v2\/users\/21"}],"replies":[{"embeddable":true,"href":"https:\/\/isn-renaudeau.fr\/dnmade\/index.php\/wp-json\/wp\/v2\/comments?post=2407"}],"version-history":[{"count":19,"href":"https:\/\/isn-renaudeau.fr\/dnmade\/index.php\/wp-json\/wp\/v2\/pages\/2407\/revisions"}],"predecessor-version":[{"id":6693,"href":"https:\/\/isn-renaudeau.fr\/dnmade\/index.php\/wp-json\/wp\/v2\/pages\/2407\/revisions\/6693"}],"wp:attachment":[{"href":"https:\/\/isn-renaudeau.fr\/dnmade\/index.php\/wp-json\/wp\/v2\/media?parent=2407"}],"curies":[{"name":"wp","href":"https:\/\/api.w.org\/{rel}","templated":true}]}}