{"id":2398,"date":"2020-12-10T13:46:44","date_gmt":"2020-12-10T12:46:44","guid":{"rendered":"http:\/\/isn-renaudeau.fr\/dnmade\/?page_id=2398"},"modified":"2020-12-13T17:05:38","modified_gmt":"2020-12-13T16:05:38","slug":"2398-2","status":"publish","type":"page","link":"https:\/\/isn-renaudeau.fr\/dnmade\/index.php\/2398-2\/","title":{"rendered":"CV"},"content":{"rendered":"<p>[et_pb_section fb_built=\u00a0\u00bb1&Prime; _builder_version=\u00a0\u00bb4.6.1&Prime; _module_preset=\u00a0\u00bbdefault\u00a0\u00bb background_image=\u00a0\u00bbhttp:\/\/isn-renaudeau.fr\/dnmade\/wp-content\/uploads\/2020\/12\/1-6-scaled.jpg\u00a0\u00bb background_position=\u00a0\u00bbcenter_right\u00a0\u00bb min_height=\u00a0\u00bb591px\u00a0\u00bb custom_margin=\u00a0\u00bb||-25px|||\u00a0\u00bb custom_padding=\u00a0\u00bb72px||12px|||\u00a0\u00bb][et_pb_row _builder_version=\u00a0\u00bb4.6.1&Prime; _module_preset=\u00a0\u00bbdefault\u00a0\u00bb][et_pb_column type=\u00a0\u00bb4_4&Prime; _builder_version=\u00a0\u00bb4.6.1&Prime; _module_preset=\u00a0\u00bbdefault\u00a0\u00bb][et_pb_text _builder_version=\u00a0\u00bb4.6.1&Prime; _module_preset=\u00a0\u00bbdefault\u00a0\u00bb text_font=\u00a0\u00bbEconomica||||||||\u00a0\u00bb text_text_color=\u00a0\u00bb#878787&Prime; text_font_size=\u00a0\u00bb52px\u00a0\u00bb text_letter_spacing=\u00a0\u00bb5px\u00a0\u00bb min_height=\u00a0\u00bb579px\u00a0\u00bb custom_padding=\u00a0\u00bb509px||0px|618px||\u00a0\u00bb]<\/p>\n<p><span style=\"font-family: Economica; font-weight: normal;\">VALENTINE BRAULT<\/span><\/p>\n<p>[\/et_pb_text][\/et_pb_column][\/et_pb_row][\/et_pb_section][et_pb_section fb_built=\u00a0\u00bb1&Prime; _builder_version=\u00a0\u00bb4.6.1&Prime; _module_preset=\u00a0\u00bbdefault\u00a0\u00bb min_height=\u00a0\u00bb763px\u00a0\u00bb custom_padding=\u00a0\u00bb62px|||||\u00a0\u00bb][et_pb_row column_structure=\u00a0\u00bb1_4,1_4,1_2&Prime; _builder_version=\u00a0\u00bb4.6.1&Prime; _module_preset=\u00a0\u00bbdefault\u00a0\u00bb min_height=\u00a0\u00bb318px\u00a0\u00bb custom_padding=\u00a0\u00bb0px|0px||||\u00a0\u00bb][et_pb_column type=\u00a0\u00bb1_4&Prime; _builder_version=\u00a0\u00bb4.6.1&Prime; _module_preset=\u00a0\u00bbdefault\u00a0\u00bb][et_pb_text _builder_version=\u00a0\u00bb4.6.1&Prime; _module_preset=\u00a0\u00bbdefault\u00a0\u00bb text_text_color=\u00a0\u00bb#000000&Prime; text_font_size=\u00a0\u00bb12px\u00a0\u00bb text_letter_spacing=\u00a0\u00bb7px\u00a0\u00bb background_color=\u00a0\u00bb#d6d6d6&Prime; width=\u00a0\u00bb74.3%\u00a0\u00bb min_height=\u00a0\u00bb245px\u00a0\u00bb custom_padding=\u00a0\u00bb41px|||||\u00a0\u00bb]<\/p>\n<p style=\"text-align: center;\"><strong><a href=\"http:\/\/isn-renaudeau.fr\/dnmade\/index.php\/530-2\/\">GALERIE<\/a><br \/><\/strong><\/p>\n<p style=\"text-align: center;\"><a href=\"http:\/\/isn-renaudeau.fr\/dnmade\/index.php\/portfolio-3\/\"><strong>PORTFOLIO<\/strong><\/a><\/p>\n<p style=\"text-align: center;\"><a href=\"http:\/\/isn-renaudeau.fr\/dnmade\/index.php\/contacts\/\"><strong>CONTACTS<\/strong><\/a><\/p>\n<p>[\/et_pb_text][\/et_pb_column][et_pb_column type=\u00a0\u00bb1_4&Prime; _builder_version=\u00a0\u00bb4.6.1&Prime; _module_preset=\u00a0\u00bbdefault\u00a0\u00bb][et_pb_text _builder_version=\u00a0\u00bb4.6.1&Prime; _module_preset=\u00a0\u00bbdefault\u00a0\u00bb text_font_size=\u00a0\u00bb11px\u00a0\u00bb width=\u00a0\u00bb97.1%\u00a0\u00bb min_height=\u00a0\u00bb257px\u00a0\u00bb custom_margin=\u00a0\u00bb65px|14px|-20px|43px||\u00a0\u00bb custom_padding=\u00a0\u00bb69px|38px|0px|0px||\u00a0\u00bb border_radii=\u00a0\u00bboff||||\u00a0\u00bb border_width_right=\u00a0\u00bb8px\u00a0\u00bb border_color_right=\u00a0\u00bb#f27500&Prime; locked=\u00a0\u00bboff\u00a0\u00bb inline_fonts=\u00a0\u00bbEconomica\u00a0\u00bb]<\/p>\n<p style=\"text-align: right;\"><span style=\"font-size: x-large; font-family: Economica; font-weight: normal;\">VALENTINE BRAULT<\/span><\/p>\n<p style=\"text-align: right;\"<i class=\" icon-home\"> <\/i>Rue d\u2019Alsace, 49300, Cholet<\/p>\n<p style=\"text-align: right;\"><i class=\" icon-phone\"> <\/i> 06.40.83.46.52<\/p>\n<p style=\"text-align: right;\"><i class=\" icon-envelope-open\"> <\/i> valentine.brault4@gmail.com<\/p>\n<p>[\/et_pb_text][et_pb_text _builder_version=\u00a0\u00bb4.6.1&Prime; _module_preset=\u00a0\u00bbdefault\u00a0\u00bb text_font_size=\u00a0\u00bb13px\u00a0\u00bb width=\u00a0\u00bb100%\u00a0\u00bb min_height=\u00a0\u00bb699px\u00a0\u00bb custom_margin=\u00a0\u00bb|-74px|26px|39px||\u00a0\u00bb custom_padding=\u00a0\u00bb32px|38px||||\u00a0\u00bb locked=\u00a0\u00bboff\u00a0\u00bb]<\/p>\n<p style=\"text-align: right;\"><strong>COMP\u00c9TENCES<\/strong><\/p>\n<p style=\"text-align: right;\"><strong>Informatique<\/strong><br \/> Photoshop, Indesign, Illustrator<br \/> Bases de Rhinoc\u00e9ros<\/p>\n<p style=\"text-align: right;\"><strong>Langues<\/strong><br \/> Anglais &#8211; niveau satisfaisant (B1\/B2)<br \/> Espagnol &#8211; niveau moyen (B1)<\/p>\n<p style=\"text-align: right;\"><strong>Savoir faire Textile<\/strong><br \/> Maille &#8211; Tricot, Crochet, Macram\u00e9, Feutre<br \/> Tissage<br \/> Cr\u00e9ation de motifs sur Illustrator<br \/> Bases du dessin \u00e0 plat<\/p>\n<p style=\"text-align: right;\"><strong>Personnelles<\/strong><br \/> Go\u00fbt pour le travail en \u00e9quipe<br \/> Savoir \u00eatre<br \/> Curiosit\u00e9<\/p>\n<p>[\/et_pb_text][\/et_pb_column][et_pb_column type=\u00a0\u00bb1_2&Prime; _builder_version=\u00a0\u00bb4.6.1&Prime; _module_preset=\u00a0\u00bbdefault\u00a0\u00bb][et_pb_text _builder_version=\u00a0\u00bb4.6.1&Prime; _module_preset=\u00a0\u00bbdefault\u00a0\u00bb text_font_size=\u00a0\u00bb12px\u00a0\u00bb background_image=\u00a0\u00bbhttp:\/\/isn-renaudeau.fr\/dnmade\/wp-content\/uploads\/2020\/12\/photo-scaled.jpg\u00a0\u00bb background_size=\u00a0\u00bbcontain\u00a0\u00bb background_position=\u00a0\u00bbtop_left\u00a0\u00bb width=\u00a0\u00bb97.7%\u00a0\u00bb min_height=\u00a0\u00bb222px\u00a0\u00bb custom_margin=\u00a0\u00bb1px|||11px||\u00a0\u00bb custom_padding=\u00a0\u00bb1px||0px|56px||\u00a0\u00bb locked=\u00a0\u00bboff\u00a0\u00bb][\/et_pb_text][et_pb_text _builder_version=\u00a0\u00bb4.6.1&Prime; _module_preset=\u00a0\u00bbdefault\u00a0\u00bb text_font_size=\u00a0\u00bb11px\u00a0\u00bb]<\/p>\n<p>P\u00e9riode de stage de d\u00e9but Mai \u00e0 fin Septembre 2021<\/p>\n<p>[\/et_pb_text][et_pb_text _builder_version=\u00a0\u00bb4.6.1&Prime; _module_preset=\u00a0\u00bbdefault\u00a0\u00bb text_font_size=\u00a0\u00bb13px\u00a0\u00bb width=\u00a0\u00bb98.8%\u00a0\u00bb min_height=\u00a0\u00bb518px\u00a0\u00bb custom_margin=\u00a0\u00bb|||1px||\u00a0\u00bb custom_padding=\u00a0\u00bb84px|||18px||\u00a0\u00bb border_width_left=\u00a0\u00bb2px\u00a0\u00bb border_color_left=\u00a0\u00bb#000000&Prime; locked=\u00a0\u00bboff\u00a0\u00bb]<\/p>\n<p><strong>\u00a0FORMATIONS<\/strong><\/p>\n<p>2019\/2020 \u2022 Deuxi\u00e8me ann\u00e9e de DNMADE (Dipl\u00f4me National des m\u00e9tiers d\u2019Arts et du Design) Mode, Design Textile-Mat\u00e9riaux-Graphisme<\/p>\n<p>2016\/2029 \u2022 Bac Technologique Arts Aplliqu\u00e9s, Lyc\u00e9e Laplace, Caen.<br \/> Mention tr\u00e8s bien<\/p>\n<p><strong>EXP\u00c9RIENCES PROFESSIONNELLES<\/strong><\/p>\n<p>2019 \u2022 Conception et r\u00e9alisation d\u2019un v\u00eatement en couverture de survie dans le cadre d\u2019un d\u00e9fil\u00e9 pour les portes ouvertes du lyc\u00e9e et d\u2019un v\u00eatements en papier dans le cadre d\u2019un d\u00e9fil\u00e9 se passant \u00e0 la biblioth\u00e8que de Caen.<br \/> -Gestion, organisation d\u2019un d\u00e9fil\u00e9.<\/p>\n<p>2016 \u2022 Stage de d\u00e9couverte en classe de troisi\u00e8me dans un cabinet d\u2019architectes <br \/>-ARCENO- Granville, Manche.<br \/> -Apprentissage d\u2019un vocabulaire sp\u00e9cifique.<br \/> Proposition d\u2019am\u00e9nagement d\u2019un appartement \u00e9tudiant.<\/p>\n<p>2019\/2020 \u2022 Travail saisonnier, Super U<br \/>Assistante chef de rayon, employ\u00e9e drive, assistant en boulangerie<\/p>\n<p><strong><\/strong><\/p>\n<p><strong>CENTRES D\u2019INT\u00c9R\u00caT<\/strong><\/p>\n<p>\u2022 Voyages (Rome, Londres, Utrecht, Amesterdam)<\/p>\n<p>\u2022 Int\u00e9r\u00eat pour la photographie, veille sur les m\u00e9tiers d\u2019art (la broderie, la maille, le tissage, le pliss\u00e9, la c\u00e9ramique).<br \/>Leah Kaplan Studio LLC, Simone Pheulpin, Atelier Marion Pla\u00e7ais, Paola Paronetto.<\/p>\n<p>&nbsp;<\/p>\n<p>&nbsp;<\/p>\n<p>[\/et_pb_text][\/et_pb_column][\/et_pb_row][\/et_pb_section][et_pb_section fb_built=\u00a0\u00bb1&Prime; _builder_version=\u00a0\u00bb4.6.1&Prime; _module_preset=\u00a0\u00bbdefault\u00a0\u00bb background_color=\u00a0\u00bb#242424&Prime; min_height=\u00a0\u00bb160px\u00a0\u00bb custom_padding=\u00a0\u00bb0px||0px|||\u00a0\u00bb locked=\u00a0\u00bboff\u00a0\u00bb][et_pb_row _builder_version=\u00a0\u00bb4.6.1&Prime; _module_preset=\u00a0\u00bbdefault\u00a0\u00bb width=\u00a0\u00bb75.5%\u00a0\u00bb][et_pb_column type=\u00a0\u00bb4_4&Prime; _builder_version=\u00a0\u00bb4.6.1&Prime; _module_preset=\u00a0\u00bbdefault\u00a0\u00bb][et_pb_text _builder_version=\u00a0\u00bb4.6.1&Prime; _module_preset=\u00a0\u00bbdefault\u00a0\u00bb text_text_color=\u00a0\u00bb#878787&Prime; width=\u00a0\u00bb100%\u00a0\u00bb custom_margin=\u00a0\u00bb|35px||104px||\u00a0\u00bb custom_padding=\u00a0\u00bb|0px||0px||\u00a0\u00bb]<\/p>\n<p>CONTACTS<\/p>\n<p><span style=\"color: #878787;\"><a href=\"mailto:valentine.brault4@gmail.com\" style=\"color: #878787;\">valentine.brault4@gmail.com<\/a><\/span><span style=\"color: #000000;\"><a href=\"mailto:valentine.brault4@gmail.com\" style=\"color: #000000;\"><\/a><\/span><\/p>\n<p>0640834652<\/p>\n<p>[\/et_pb_text][\/et_pb_column][\/et_pb_row][\/et_pb_section]<\/p>\n","protected":false},"excerpt":{"rendered":"<p>[et_pb_section fb_built=\u00a0\u00bb1&Prime; _builder_version=\u00a0\u00bb4.6.1&Prime; _module_preset=\u00a0\u00bbdefault\u00a0\u00bb background_image=\u00a0\u00bbhttp:\/\/isn-renaudeau.fr\/dnmade\/wp-content\/uploads\/2020\/12\/1-6-scaled.jpg\u00a0\u00bb background_position=\u00a0\u00bbcenter_right\u00a0\u00bb min_height=\u00a0\u00bb591px\u00a0\u00bb custom_margin=\u00a0\u00bb||-25px|||\u00a0\u00bb custom_padding=\u00a0\u00bb72px||12px|||\u00a0\u00bb][et_pb_row _builder_version=\u00a0\u00bb4.6.1&Prime; _module_preset=\u00a0\u00bbdefault\u00a0\u00bb][et_pb_column type=\u00a0\u00bb4_4&Prime; _builder_version=\u00a0\u00bb4.6.1&Prime; _module_preset=\u00a0\u00bbdefault\u00a0\u00bb][et_pb_text _builder_version=\u00a0\u00bb4.6.1&Prime; _module_preset=\u00a0\u00bbdefault\u00a0\u00bb text_font=\u00a0\u00bbEconomica||||||||\u00a0\u00bb text_text_color=\u00a0\u00bb#878787&Prime; text_font_size=\u00a0\u00bb52px\u00a0\u00bb text_letter_spacing=\u00a0\u00bb5px\u00a0\u00bb min_height=\u00a0\u00bb579px\u00a0\u00bb custom_padding=\u00a0\u00bb509px||0px|618px||\u00a0\u00bb] VALENTINE BRAULT [\/et_pb_text][\/et_pb_column][\/et_pb_row][\/et_pb_section][et_pb_section fb_built=\u00a0\u00bb1&Prime; _builder_version=\u00a0\u00bb4.6.1&Prime; _module_preset=\u00a0\u00bbdefault\u00a0\u00bb min_height=\u00a0\u00bb763px\u00a0\u00bb custom_padding=\u00a0\u00bb62px|||||\u00a0\u00bb][et_pb_row column_structure=\u00a0\u00bb1_4,1_4,1_2&Prime; _builder_version=\u00a0\u00bb4.6.1&Prime; _module_preset=\u00a0\u00bbdefault\u00a0\u00bb min_height=\u00a0\u00bb318px\u00a0\u00bb custom_padding=\u00a0\u00bb0px|0px||||\u00a0\u00bb][et_pb_column type=\u00a0\u00bb1_4&Prime; _builder_version=\u00a0\u00bb4.6.1&Prime; _module_preset=\u00a0\u00bbdefault\u00a0\u00bb][et_pb_text _builder_version=\u00a0\u00bb4.6.1&Prime; _module_preset=\u00a0\u00bbdefault\u00a0\u00bb text_text_color=\u00a0\u00bb#000000&Prime; text_font_size=\u00a0\u00bb12px\u00a0\u00bb text_letter_spacing=\u00a0\u00bb7px\u00a0\u00bb background_color=\u00a0\u00bb#d6d6d6&Prime; width=\u00a0\u00bb74.3%\u00a0\u00bb min_height=\u00a0\u00bb245px\u00a0\u00bb custom_padding=\u00a0\u00bb41px|||||\u00a0\u00bb] GALERIE PORTFOLIO CONTACTS [\/et_pb_text][\/et_pb_column][et_pb_column type=\u00a0\u00bb1_4&Prime; _builder_version=\u00a0\u00bb4.6.1&Prime; _module_preset=\u00a0\u00bbdefault\u00a0\u00bb][et_pb_text _builder_version=\u00a0\u00bb4.6.1&Prime; [&hellip;]<\/p>\n","protected":false},"author":14,"featured_media":4636,"parent":0,"menu_order":0,"comment_status":"closed","ping_status":"closed","template":"","meta":{"_et_pb_use_builder":"on","_et_pb_old_content":"","_et_gb_content_width":""},"_links":{"self":[{"href":"https:\/\/isn-renaudeau.fr\/dnmade\/index.php\/wp-json\/wp\/v2\/pages\/2398"}],"collection":[{"href":"https:\/\/isn-renaudeau.fr\/dnmade\/index.php\/wp-json\/wp\/v2\/pages"}],"about":[{"href":"https:\/\/isn-renaudeau.fr\/dnmade\/index.php\/wp-json\/wp\/v2\/types\/page"}],"author":[{"embeddable":true,"href":"https:\/\/isn-renaudeau.fr\/dnmade\/index.php\/wp-json\/wp\/v2\/users\/14"}],"replies":[{"embeddable":true,"href":"https:\/\/isn-renaudeau.fr\/dnmade\/index.php\/wp-json\/wp\/v2\/comments?post=2398"}],"version-history":[{"count":16,"href":"https:\/\/isn-renaudeau.fr\/dnmade\/index.php\/wp-json\/wp\/v2\/pages\/2398\/revisions"}],"predecessor-version":[{"id":5797,"href":"https:\/\/isn-renaudeau.fr\/dnmade\/index.php\/wp-json\/wp\/v2\/pages\/2398\/revisions\/5797"}],"wp:featuredmedia":[{"embeddable":true,"href":"https:\/\/isn-renaudeau.fr\/dnmade\/index.php\/wp-json\/wp\/v2\/media\/4636"}],"wp:attachment":[{"href":"https:\/\/isn-renaudeau.fr\/dnmade\/index.php\/wp-json\/wp\/v2\/media?parent=2398"}],"curies":[{"name":"wp","href":"https:\/\/api.w.org\/{rel}","templated":true}]}}