{"id":110,"date":"2020-10-27T15:57:03","date_gmt":"2020-10-27T14:57:03","guid":{"rendered":"http:\/\/isn-renaudeau.fr\/dnmade\/?page_id=110"},"modified":"2020-12-13T18:44:17","modified_gmt":"2020-12-13T17:44:17","slug":"tess-foure","status":"publish","type":"page","link":"https:\/\/isn-renaudeau.fr\/dnmade\/index.php\/tess-foure\/","title":{"rendered":"page accueil TESS Four\u00e9"},"content":{"rendered":"\n\n[et_pb_section fb_built=\u00a0\u00bb1&Prime; fullwidth=\u00a0\u00bbon\u00a0\u00bb _builder_version=\u00a0\u00bb4.6.1&Prime; _module_preset=\u00a0\u00bbdefault\u00a0\u00bb background_image=\u00a0\u00bbhttp:\/\/isn-renaudeau.fr\/dnmade\/wp-content\/uploads\/2020\/12\/i-OK.png\u00a0\u00bb][et_pb_fullwidth_header title=\u00a0\u00bbTess Four\u00e9\u00a0\u00bb subhead=\u00a0\u00bbFashion Designer \u00a0\u00bb text_orientation=\u00a0\u00bbcenter\u00a0\u00bb header_fullscreen=\u00a0\u00bbon\u00a0\u00bb button_one_text=\u00a0\u00bbCV\u00a0\u00bb button_one_url=\u00a0\u00bbhttp:\/\/isn-renaudeau.fr\/dnmade\/index.php\/2020\/11\/08\/cv-tess-foure\/\u00a0\u00bb button_two_url=\u00a0\u00bbhttp:\/\/isn-renaudeau.fr\/dnmade\/index.php\/2020\/11\/08\/cv-tess-foure\/?et_fb=1&#038;PageSpeed=off\u00a0\u00bb _builder_version=\u00a0\u00bb4.6.1&Prime; _module_preset=\u00a0\u00bbdefault\u00a0\u00bb title_font=\u00a0\u00bbRoboto|||on|||||\u00a0\u00bb title_text_align=\u00a0\u00bbcenter\u00a0\u00bb title_text_color=\u00a0\u00bb#000000&Prime; content_text_color=\u00a0\u00bb#000000&Prime; subhead_text_color=\u00a0\u00bb#000000&Prime; background_color=\u00a0\u00bb#FFFFFF\u00a0\u00bb background_image=\u00a0\u00bbhttp:\/\/isn-renaudeau.fr\/dnmade\/wp-content\/uploads\/2020\/10\/i.png\u00a0\u00bb custom_button_one=\u00a0\u00bbon\u00a0\u00bb button_one_text_color=\u00a0\u00bb#000000&Prime; min_height=\u00a0\u00bb839px\u00a0\u00bb custom_margin=\u00a0\u00bb||116px|||\u00a0\u00bb custom_padding=\u00a0\u00bb||77px|||\u00a0\u00bb][\/et_pb_fullwidth_header][\/et_pb_section][et_pb_section fb_built=\u00a0\u00bb1&Prime; _builder_version=\u00a0\u00bb4.6.1&Prime; _module_preset=\u00a0\u00bbdefault\u00a0\u00bb][et_pb_row column_structure=\u00a0\u00bb1_2,1_2&Prime; _builder_version=\u00a0\u00bb4.6.1&Prime; _module_preset=\u00a0\u00bbdefault\u00a0\u00bb][et_pb_column type=\u00a0\u00bb1_2&Prime; _builder_version=\u00a0\u00bb4.6.1&Prime; _module_preset=\u00a0\u00bbdefault\u00a0\u00bb][et_pb_text _builder_version=\u00a0\u00bb4.6.1&Prime; _module_preset=\u00a0\u00bbdefault\u00a0\u00bb text_font=\u00a0\u00bbAbel|||on|||||\u00a0\u00bb text_text_color=\u00a0\u00bb#FFFFFF\u00a0\u00bb text_font_size=\u00a0\u00bb41px\u00a0\u00bb text_letter_spacing=\u00a0\u00bb46px\u00a0\u00bb text_line_height=\u00a0\u00bb1.8em\u00a0\u00bb background_image=\u00a0\u00bbhttp:\/\/isn-renaudeau.fr\/dnmade\/wp-content\/uploads\/2020\/12\/masque-ok.png\u00a0\u00bb background_position=\u00a0\u00bbcenter_left\u00a0\u00bb background_layout=\u00a0\u00bbdark\u00a0\u00bb min_height=\u00a0\u00bb914px\u00a0\u00bb custom_margin=\u00a0\u00bb-1px||27px|2px|false|false\u00a0\u00bb custom_padding=\u00a0\u00bb291px||4px||false|false\u00a0\u00bb scroll_vertical_motion=\u00a0\u00bb0|50|50|74|4|0|-6&Prime;]<p style=\"text-align: left;\">C&rsquo;EST BEAU\u00a0<\/p>\n<p style=\"text-align: left;\">LA FOLIE\u00a0<\/p>[\/et_pb_text][et_pb_text _builder_version=\u00a0\u00bb4.6.1&Prime; _module_preset=\u00a0\u00bbdefault\u00a0\u00bb text_font=\u00a0\u00bbAbel||||||||\u00a0\u00bb min_height=\u00a0\u00bb118px\u00a0\u00bb custom_margin=\u00a0\u00bb-27px|||||\u00a0\u00bb custom_padding=\u00a0\u00bb34px||0px|||\u00a0\u00bb]<div class=\"page\" title=\"Page 2\">\n<div class=\"section\">\n<div class=\"layoutArea\">\n<div class=\"column\">\n<p><span style=\"font-size: 14px;\">Un r\u00e9cit post apocalyptique s\u2019installe dans une soci\u00e9t\u00e9 divis\u00e9e entre l\u2019inqui\u00e9tude et l\u2019espoir proche. Dans un \u00e9lan de danse, les masques deviennent vivants, s\u2019expriment, diffusent des sentiments, englobent les protagonistes pendant quelques secondes, pour garder en m\u00e9moire un instant d\u2019ivresse partag\u00e9e.<\/span><br \/> <span><\/span><\/p>\n<\/div>\n<\/div>\n<\/div>\n<\/div>[\/et_pb_text][et_pb_button button_url=\u00a0\u00bbhttp:\/\/isn-renaudeau.fr\/dnmade\/index.php\/2020\/11\/15\/beau-la-folie\/\u00a0\u00bb button_text=\u00a0\u00bbC&rsquo;EST BEAU LA FOLIE\u00a0\u00bb _builder_version=\u00a0\u00bb4.6.1&Prime; _module_preset=\u00a0\u00bbdefault\u00a0\u00bb custom_button=\u00a0\u00bbon\u00a0\u00bb button_text_size=\u00a0\u00bb14px\u00a0\u00bb button_text_color=\u00a0\u00bb#FFFFFF\u00a0\u00bb button_bg_color=\u00a0\u00bb#000000&Prime; button_border_width=\u00a0\u00bb6px\u00a0\u00bb button_border_color=\u00a0\u00bb#FFFFFF\u00a0\u00bb button_icon=\u00a0\u00bb%%3%%\u00a0\u00bb background_layout=\u00a0\u00bbdark\u00a0\u00bb custom_margin=\u00a0\u00bb-24px|||||\u00a0\u00bb scroll_vertical_motion=\u00a0\u00bb0|0|0|38|4|0|-4&Prime;][\/et_pb_button][\/et_pb_column][et_pb_column type=\u00a0\u00bb1_2&Prime; _builder_version=\u00a0\u00bb4.6.1&Prime; _module_preset=\u00a0\u00bbdefault\u00a0\u00bb][et_pb_image src=\u00a0\u00bbhttp:\/\/isn-renaudeau.fr\/dnmade\/wp-content\/uploads\/2020\/10\/Animal-Urbain-serie-finale-1.png\u00a0\u00bb title_text=\u00a0\u00bbAnimal Urbain s\u00e9rie finale\u00a0\u00bb _builder_version=\u00a0\u00bb4.6.1&Prime; _module_preset=\u00a0\u00bbdefault\u00a0\u00bb custom_padding=\u00a0\u00bb|||0px||\u00a0\u00bb][\/et_pb_image][et_pb_text _builder_version=\u00a0\u00bb4.6.1&Prime; _module_preset=\u00a0\u00bbdefault\u00a0\u00bb text_font=\u00a0\u00bbAbel|||on|||||\u00a0\u00bb text_text_color=\u00a0\u00bb#000000&Prime; text_font_size=\u00a0\u00bb33px\u00a0\u00bb text_line_height=\u00a0\u00bb1.6em\u00a0\u00bb scroll_horizontal_motion=\u00a0\u00bb0|70|70|100|20.5|0|-14.5&Prime;]<p><strong>\u00abl\u2019animal d\u00e9construit l\u2019espace pour\u00a0d\u00e9voiler sa personalit\u00e9.\u00bb<\/strong><\/p>[\/et_pb_text][et_pb_text _builder_version=\u00a0\u00bb4.6.1&Prime; _module_preset=\u00a0\u00bbdefault\u00a0\u00bb text_font=\u00a0\u00bbAbel|||on|||||\u00a0\u00bb text_orientation=\u00a0\u00bbjustified\u00a0\u00bb custom_padding=\u00a0\u00bb||0px|||\u00a0\u00bb]<p>PROJET PHOTOGRAPHIQUE<\/p>\n<p>La ville est constamment peupl\u00e9, de gens, de mouvements.<span class=\"Apple-converted-space\">\u00a0<\/span><\/p>\n<p>Mais l\u2019homme se d\u00e9place sans s\u2019attarder sur l\u2019espace qui l\u2019entour.L\u2019espace est envahis mais pas exploit\u00e9.<span class=\"Apple-converted-space\">\u00a0<\/span><\/p>\n<p>Le mobilier urbain et l\u2019architecture est ignor\u00e9e\u00a0 <span class=\"Apple-converted-space\"><br \/> <\/span>Pourtant cet environnement urbain devient paysage et outil pour un animal vivace et impulsif : le skateur.<span class=\"Apple-converted-space\"><\/span><\/p>[\/et_pb_text][et_pb_button button_text=\u00a0\u00bbEN SAVOIR PLUS SUR  ANIMAL URBAIN\u00a0\u00bb _builder_version=\u00a0\u00bb4.6.1&Prime; _module_preset=\u00a0\u00bbdefault\u00a0\u00bb custom_button=\u00a0\u00bbon\u00a0\u00bb button_text_size=\u00a0\u00bb15px\u00a0\u00bb button_text_color=\u00a0\u00bb#000000&Prime; button_border_width=\u00a0\u00bb2px\u00a0\u00bb button_border_radius=\u00a0\u00bb0px\u00a0\u00bb button_font=\u00a0\u00bbAbel||||||||\u00a0\u00bb button_icon=\u00a0\u00bb%%3%%\u00a0\u00bb button_icon_color=\u00a0\u00bb#000000&Prime; custom_padding=\u00a0\u00bb||3px|||\u00a0\u00bb hover_enabled=\u00a0\u00bb0&Prime; button_url=\u00a0\u00bbhttp:\/\/isn-renaudeau.fr\/dnmade\/index.php\/2020\/12\/13\/animal-urbain&#8212;tess-foure\/\u00a0\u00bb sticky_enabled=\u00a0\u00bb0&Prime;][\/et_pb_button][\/et_pb_column][\/et_pb_row][et_pb_row column_structure=\u00a0\u00bb1_2,1_2&Prime; _builder_version=\u00a0\u00bb4.6.1&Prime; _module_preset=\u00a0\u00bbdefault\u00a0\u00bb][et_pb_column type=\u00a0\u00bb1_2&Prime; _builder_version=\u00a0\u00bb4.6.1&Prime; _module_preset=\u00a0\u00bbdefault\u00a0\u00bb][et_pb_button button_url=\u00a0\u00bbhttp:\/\/isn-renaudeau.fr\/dnmade\/index.php\/collection-2020\/\u00a0\u00bb button_text=\u00a0\u00bbCOLLECTION 2020&Prime; _builder_version=\u00a0\u00bb4.6.1&Prime; _module_preset=\u00a0\u00bbdefault\u00a0\u00bb custom_button=\u00a0\u00bbon\u00a0\u00bb button_text_size=\u00a0\u00bb33px\u00a0\u00bb button_text_color=\u00a0\u00bb#ffffff\u00a0\u00bb button_bg_image=\u00a0\u00bbhttp:\/\/isn-renaudeau.fr\/dnmade\/wp-content\/uploads\/2020\/12\/sable-dune.jpg\u00a0\u00bb button_border_width=\u00a0\u00bb0px\u00a0\u00bb button_border_color=\u00a0\u00bb#000000&Prime; button_border_radius=\u00a0\u00bb0px\u00a0\u00bb button_font=\u00a0\u00bbAbel||||||||\u00a0\u00bb button_icon=\u00a0\u00bb%%3%%\u00a0\u00bb button_icon_color=\u00a0\u00bb#ffffff\u00a0\u00bb button_text_shadow_style=\u00a0\u00bbpreset4&Prime; button_text_shadow_horizontal_length=\u00a0\u00bb0.04em\u00a0\u00bb button_text_shadow_vertical_length=\u00a0\u00bb0.1em\u00a0\u00bb button_text_shadow_color=\u00a0\u00bb#000000&Prime;][\/et_pb_button][\/et_pb_column][et_pb_column type=\u00a0\u00bb1_2&Prime; _builder_version=\u00a0\u00bb4.6.1&Prime; _module_preset=\u00a0\u00bbdefault\u00a0\u00bb][et_pb_button button_url=\u00a0\u00bbhttp:\/\/isn-renaudeau.fr\/dnmade\/index.php\/ronge\/\u00a0\u00bb button_text=\u00a0\u00bbProjet RONGE\u00a0\u00bb _builder_version=\u00a0\u00bb4.6.1&Prime; _module_preset=\u00a0\u00bbdefault\u00a0\u00bb custom_button=\u00a0\u00bbon\u00a0\u00bb button_text_size=\u00a0\u00bb33px\u00a0\u00bb button_text_color=\u00a0\u00bb#000000&Prime; button_bg_image=\u00a0\u00bbhttp:\/\/isn-renaudeau.fr\/dnmade\/wp-content\/uploads\/2020\/12\/algues-instalation-croquis.jpg\u00a0\u00bb button_border_width=\u00a0\u00bb0px\u00a0\u00bb button_border_radius=\u00a0\u00bb0px\u00a0\u00bb button_font=\u00a0\u00bbAbel||||||||\u00a0\u00bb button_icon=\u00a0\u00bb%%3%%\u00a0\u00bb][\/et_pb_button][\/et_pb_column][\/et_pb_row][\/et_pb_section][et_pb_section fb_built=\u00a0\u00bb1&Prime; _builder_version=\u00a0\u00bb4.6.1&Prime; _module_preset=\u00a0\u00bbdefault\u00a0\u00bb][\/et_pb_section]\n\n","protected":false},"excerpt":{"rendered":"","protected":false},"author":5,"featured_media":0,"parent":0,"menu_order":0,"comment_status":"closed","ping_status":"closed","template":"","meta":{"_et_pb_use_builder":"on","_et_pb_old_content":"","_et_gb_content_width":""},"_links":{"self":[{"href":"https:\/\/isn-renaudeau.fr\/dnmade\/index.php\/wp-json\/wp\/v2\/pages\/110"}],"collection":[{"href":"https:\/\/isn-renaudeau.fr\/dnmade\/index.php\/wp-json\/wp\/v2\/pages"}],"about":[{"href":"https:\/\/isn-renaudeau.fr\/dnmade\/index.php\/wp-json\/wp\/v2\/types\/page"}],"author":[{"embeddable":true,"href":"https:\/\/isn-renaudeau.fr\/dnmade\/index.php\/wp-json\/wp\/v2\/users\/5"}],"replies":[{"embeddable":true,"href":"https:\/\/isn-renaudeau.fr\/dnmade\/index.php\/wp-json\/wp\/v2\/comments?post=110"}],"version-history":[{"count":35,"href":"https:\/\/isn-renaudeau.fr\/dnmade\/index.php\/wp-json\/wp\/v2\/pages\/110\/revisions"}],"predecessor-version":[{"id":5986,"href":"https:\/\/isn-renaudeau.fr\/dnmade\/index.php\/wp-json\/wp\/v2\/pages\/110\/revisions\/5986"}],"wp:attachment":[{"href":"https:\/\/isn-renaudeau.fr\/dnmade\/index.php\/wp-json\/wp\/v2\/media?parent=110"}],"curies":[{"name":"wp","href":"https:\/\/api.w.org\/{rel}","templated":true}]}}